{"id":831,"date":"2022-09-24T09:45:24","date_gmt":"2022-09-24T07:45:24","guid":{"rendered":"https:\/\/expo.rosalis.bibliotheque.toulouse.fr\/les-impasses-de-la-medecine\/?page_id=831"},"modified":"2022-09-24T09:47:41","modified_gmt":"2022-09-24T07:47:41","slug":"livret-de-lexposition","status":"publish","type":"page","link":"https:\/\/expo.rosalis.bibliotheque.toulouse.fr\/les-impasses-de-la-medecine\/ressources-medias\/livret-de-lexposition\/","title":{"rendered":"Livret de l&rsquo;exposition"},"content":{"rendered":"\n<div style=\"text-align:center;\"><div style=\"margin:8px 0px 4px;\"><a href=\"https:\/\/www.calameo.com\/books\/001785930c66e03c9b75d\" target=\"_blank\" rel=\"noopener\">Livret Impasse de la M\u00e9decine : Des rem\u00e8des fabuleux du Moyen Age aux m\u00e9dicaments poisons du 20e si\u00e8cle<\/a><\/div><div class=\"embed-responsive embed-responsive-1by1\"><iframe loading=\"lazy\" class=\"embed-responsive-item\" src=\"\/\/v.calameo.com\/?bkcode=001785930c66e03c9b75d\" width=\"300\" height=\"194\" frameborder=\"0\" scrolling=\"no\" allowtransparency=\"\" allowfullscreen=\"\" style=\"margin:0 auto;\"><\/iframe><\/div><div style=\"margin:4px 0px 8px;\"><a href=\"http:\/\/www.calameo.com\/\">Publish at Calameo<\/a><\/div><\/div>\n","protected":false},"excerpt":{"rendered":"<p>Livret Impasse de la M\u00e9decine : Des rem\u00e8des fabuleux du Moyen Age aux m\u00e9dicaments poisons du 20e si\u00e8cle Publish at Calameo<\/p>\n","protected":false},"author":4,"featured_media":725,"parent":716,"menu_order":3,"comment_status":"closed","ping_status":"closed","template":"","meta":{"footnotes":""},"class_list":["post-831","page","type-page","status-publish","has-post-thumbnail","hentry"],"_links":{"self":[{"href":"https:\/\/expo.rosalis.bibliotheque.toulouse.fr\/les-impasses-de-la-medecine\/wp-json\/wp\/v2\/pages\/831","targetHints":{"allow":["GET"]}}],"collection":[{"href":"https:\/\/expo.rosalis.bibliotheque.toulouse.fr\/les-impasses-de-la-medecine\/wp-json\/wp\/v2\/pages"}],"about":[{"href":"https:\/\/expo.rosalis.bibliotheque.toulouse.fr\/les-impasses-de-la-medecine\/wp-json\/wp\/v2\/types\/page"}],"author":[{"embeddable":true,"href":"https:\/\/expo.rosalis.bibliotheque.toulouse.fr\/les-impasses-de-la-medecine\/wp-json\/wp\/v2\/users\/4"}],"replies":[{"embeddable":true,"href":"https:\/\/expo.rosalis.bibliotheque.toulouse.fr\/les-impasses-de-la-medecine\/wp-json\/wp\/v2\/comments?post=831"}],"version-history":[{"count":3,"href":"https:\/\/expo.rosalis.bibliotheque.toulouse.fr\/les-impasses-de-la-medecine\/wp-json\/wp\/v2\/pages\/831\/revisions"}],"predecessor-version":[{"id":834,"href":"https:\/\/expo.rosalis.bibliotheque.toulouse.fr\/les-impasses-de-la-medecine\/wp-json\/wp\/v2\/pages\/831\/revisions\/834"}],"up":[{"embeddable":true,"href":"https:\/\/expo.rosalis.bibliotheque.toulouse.fr\/les-impasses-de-la-medecine\/wp-json\/wp\/v2\/pages\/716"}],"wp:featuredmedia":[{"embeddable":true,"href":"https:\/\/expo.rosalis.bibliotheque.toulouse.fr\/les-impasses-de-la-medecine\/wp-json\/wp\/v2\/media\/725"}],"wp:attachment":[{"href":"https:\/\/expo.rosalis.bibliotheque.toulouse.fr\/les-impasses-de-la-medecine\/wp-json\/wp\/v2\/media?parent=831"}],"curies":[{"name":"wp","href":"https:\/\/api.w.org\/{rel}","templated":true}]}}