{"id":711,"date":"2022-09-07T12:10:50","date_gmt":"2022-09-07T10:10:50","guid":{"rendered":"https:\/\/expo.rosalis.bibliotheque.toulouse.fr\/les-impasses-de-la-medecine\/?page_id=711"},"modified":"2022-11-22T16:07:59","modified_gmt":"2022-11-22T15:07:59","slug":"galerie-photos","status":"publish","type":"page","link":"https:\/\/expo.rosalis.bibliotheque.toulouse.fr\/les-impasses-de-la-medecine\/ressources-medias\/galerie-photos\/","title":{"rendered":"Galerie photos et vid\u00e9o"},"content":{"rendered":"\n<div class=\"wp-block-expo-extract\"><p class=\"extract_title colored\">Voir et revoir<\/p><p class=\"extract_content\">Galerie consacr\u00e9e aux temps forts autour de l&rsquo;exposition \u00ab Les Impasses de la m\u00e9decine\u00a0\u00bb pr\u00e9sent\u00e9e \u00e0 la Biblioth\u00e8que de Toulouse du 12 septembre 2022 au 28 janvier 2023.<\/p><\/div>\n\n\n\n<div style=\"height:40px\" aria-hidden=\"true\" class=\"wp-block-spacer\"><\/div>\n\n\n\n<h2 class=\"wp-block-heading\">Reportage France 3<\/h2>\n\n\n\n<p>France 3 Occitanie est venue \u00e0 la Biblioth\u00e8que d&rsquo;\u00e9tude et du patrimoine le 19 novembre 2022 pour interviewer Fr\u00e9d\u00e9ric Gaudet, commissaire de l&rsquo;exposition, ainsi que la lanceuse d&rsquo;alerte Marine Martin. Le reportage a \u00e9t\u00e9 diffus\u00e9 dans le 19\/20.<\/p>\n\n\n\n<div class=\"wp-block-buttons is-layout-flex wp-block-buttons-is-layout-flex\">\n<div class=\"wp-block-button\"><a class=\"wp-block-button__link wp-element-button\" href=\"https:\/\/www.facebook.com\/apesac\/videos\/1150345829242810\/\" target=\"_blank\" rel=\"noreferrer noopener\">Voir le Reportage VIDEO FRANCE 3<\/a><\/div>\n<\/div>\n\n\n\n<div style=\"height:50px\" aria-hidden=\"true\" class=\"wp-block-spacer\"><\/div>\n\n\n\n<h2 class=\"wp-block-heading\">Montage de l&rsquo;exposition<\/h2>\n\n\n\n            <\/div>\n        <\/div>\n        <div class=\"row no-gutters\">\n            <div class=\"col-12\">\n    <div class=\"swiper_nomargin_cont\">\n<div class=\"wp-block-expo-carrousel swiper_element_cont\"><div class=\"swiper-container mcr-swiper-container js-mcr-swiper-container\"><div class=\"swiper-wrapper mcr-swiper-wrapper\"><div class=\"swiper-slide mcr-swiper-slide\"><img decoding=\"async\" src=\"https:\/\/expo.rosalis.bibliotheque.toulouse.fr\/les-impasses-de-la-medecine\/wp-content\/uploads\/sites\/7\/2022\/09\/1_montage2_770x578.jpg\" alt=\"\"\/><\/div><div class=\"swiper-slide mcr-swiper-slide\"><img decoding=\"async\" src=\"https:\/\/expo.rosalis.bibliotheque.toulouse.fr\/les-impasses-de-la-medecine\/wp-content\/uploads\/sites\/7\/2022\/09\/2_montage_770x578.jpg\" alt=\"\"\/><\/div><div class=\"swiper-slide mcr-swiper-slide\"><img decoding=\"async\" src=\"https:\/\/expo.rosalis.bibliotheque.toulouse.fr\/les-impasses-de-la-medecine\/wp-content\/uploads\/sites\/7\/2022\/09\/3_montage1_770x578.jpg\" alt=\"\"\/><\/div><div class=\"swiper-slide mcr-swiper-slide\"><img decoding=\"async\" src=\"https:\/\/expo.rosalis.bibliotheque.toulouse.fr\/les-impasses-de-la-medecine\/wp-content\/uploads\/sites\/7\/2022\/09\/4_montage6_770x578.jpg\" alt=\"\"\/><\/div><div class=\"swiper-slide mcr-swiper-slide\"><img decoding=\"async\" src=\"https:\/\/expo.rosalis.bibliotheque.toulouse.fr\/les-impasses-de-la-medecine\/wp-content\/uploads\/sites\/7\/2022\/09\/5_montage5_770x578.jpg\" alt=\"\"\/><\/div><div class=\"swiper-slide mcr-swiper-slide\"><img decoding=\"async\" src=\"https:\/\/expo.rosalis.bibliotheque.toulouse.fr\/les-impasses-de-la-medecine\/wp-content\/uploads\/sites\/7\/2022\/09\/6_montage4_770x578.jpg\" alt=\"\"\/><\/div><\/div><\/div><div class=\"js-mcr-swiper-button-prev swiper-button-prev mcr-swiper-button-prev border_colored colored\"><span>Pr\u00e9c\u00e9dent<\/span><\/div><div class=\"figcaption_cont\"><figcaption><\/figcaption><\/div><div class=\"js-mcr-swiper-button-next swiper-button-next mcr-swiper-button-next border_colored colored\"><span>Suivant<\/span><\/div><\/div>\n<\/div>\n        <\/div>\n    <\/div>\n    <div class=\"row\">\n        <div class=\"col-12 offset-0 col-lg-8 offset-lg-2 col-xl-6 offset-xl-3\">\n\n\n<h2 class=\"wp-block-heading\">Salle d&rsquo;exposition de la Biblioth\u00e8que d&rsquo;\u00e9tude et du patrimoine<\/h2>\n\n\n\n            <\/div>\n        <\/div>\n        <div class=\"row no-gutters\">\n            <div class=\"col-12\">\n    <div class=\"swiper_nomargin_cont\">\n<div class=\"wp-block-expo-carrousel swiper_element_cont\"><div class=\"swiper-container mcr-swiper-container js-mcr-swiper-container\"><div class=\"swiper-wrapper mcr-swiper-wrapper\"><div class=\"swiper-slide mcr-swiper-slide\"><img decoding=\"async\" src=\"https:\/\/expo.rosalis.bibliotheque.toulouse.fr\/les-impasses-de-la-medecine\/wp-content\/uploads\/sites\/7\/2022\/09\/1_vitrine15_770x578.jpg\" alt=\"\"\/><\/div><div class=\"swiper-slide mcr-swiper-slide\"><img decoding=\"async\" src=\"https:\/\/expo.rosalis.bibliotheque.toulouse.fr\/les-impasses-de-la-medecine\/wp-content\/uploads\/sites\/7\/2022\/09\/2_vitrine17_770x578.jpg\" alt=\"\"\/><\/div><div class=\"swiper-slide mcr-swiper-slide\"><img decoding=\"async\" src=\"https:\/\/expo.rosalis.bibliotheque.toulouse.fr\/les-impasses-de-la-medecine\/wp-content\/uploads\/sites\/7\/2022\/09\/3_vitrine1_770x578.jpg\" alt=\"\"\/><\/div><div class=\"swiper-slide mcr-swiper-slide\"><img decoding=\"async\" src=\"https:\/\/expo.rosalis.bibliotheque.toulouse.fr\/les-impasses-de-la-medecine\/wp-content\/uploads\/sites\/7\/2022\/09\/4_vitrine2_770x578.jpg\" alt=\"\"\/><\/div><div class=\"swiper-slide mcr-swiper-slide\"><img decoding=\"async\" src=\"https:\/\/expo.rosalis.bibliotheque.toulouse.fr\/les-impasses-de-la-medecine\/wp-content\/uploads\/sites\/7\/2022\/09\/5_vitrine11_770x578.jpg\" alt=\"\"\/><\/div><div class=\"swiper-slide mcr-swiper-slide\"><img decoding=\"async\" src=\"https:\/\/expo.rosalis.bibliotheque.toulouse.fr\/les-impasses-de-la-medecine\/wp-content\/uploads\/sites\/7\/2022\/09\/6_vitrine14_770x1027-768x1024.jpg\" alt=\"\"\/><\/div><div class=\"swiper-slide mcr-swiper-slide\"><img decoding=\"async\" src=\"https:\/\/expo.rosalis.bibliotheque.toulouse.fr\/les-impasses-de-la-medecine\/wp-content\/uploads\/sites\/7\/2022\/09\/7_vitrine16_770x578.jpg\" alt=\"\"\/><\/div><div class=\"swiper-slide mcr-swiper-slide\"><img decoding=\"async\" src=\"https:\/\/expo.rosalis.bibliotheque.toulouse.fr\/les-impasses-de-la-medecine\/wp-content\/uploads\/sites\/7\/2022\/09\/9_salle18_770x578.jpg\" alt=\"\"\/><\/div><div class=\"swiper-slide mcr-swiper-slide\"><img decoding=\"async\" src=\"https:\/\/expo.rosalis.bibliotheque.toulouse.fr\/les-impasses-de-la-medecine\/wp-content\/uploads\/sites\/7\/2022\/09\/10_salle19_770x578.jpg\" alt=\"\"\/><\/div><div class=\"swiper-slide mcr-swiper-slide\"><img decoding=\"async\" src=\"https:\/\/expo.rosalis.bibliotheque.toulouse.fr\/les-impasses-de-la-medecine\/wp-content\/uploads\/sites\/7\/2022\/09\/11_salle20_770x578.jpg\" alt=\"\"\/><\/div><\/div><\/div><div class=\"js-mcr-swiper-button-prev swiper-button-prev mcr-swiper-button-prev border_colored colored\"><span>Pr\u00e9c\u00e9dent<\/span><\/div><div class=\"figcaption_cont\"><figcaption>&lt;br><\/figcaption><\/div><div class=\"js-mcr-swiper-button-next swiper-button-next mcr-swiper-button-next border_colored colored\"><span>Suivant<\/span><\/div><\/div>\n<\/div>\n        <\/div>\n    <\/div>\n    <div class=\"row\">\n        <div class=\"col-12 offset-0 col-lg-8 offset-lg-2 col-xl-6 offset-xl-3\">\n\n\n<h2 class=\"wp-block-heading\">Hall et grande salle de lecture de la Biblioth\u00e8que d&rsquo;\u00e9tude et du patrimoine<\/h2>\n\n\n\n            <\/div>\n        <\/div>\n        <div class=\"row no-gutters\">\n            <div class=\"col-12\">\n    <div class=\"swiper_nomargin_cont\">\n<div class=\"wp-block-expo-carrousel swiper_element_cont\"><div class=\"swiper-container mcr-swiper-container js-mcr-swiper-container\"><div class=\"swiper-wrapper mcr-swiper-wrapper\"><div class=\"swiper-slide mcr-swiper-slide\"><img decoding=\"async\" src=\"https:\/\/expo.rosalis.bibliotheque.toulouse.fr\/les-impasses-de-la-medecine\/wp-content\/uploads\/sites\/7\/2022\/09\/1_salle12_770x578.jpg\" alt=\"\"\/><\/div><div class=\"swiper-slide mcr-swiper-slide\"><img decoding=\"async\" src=\"https:\/\/expo.rosalis.bibliotheque.toulouse.fr\/les-impasses-de-la-medecine\/wp-content\/uploads\/sites\/7\/2022\/09\/2_salle13_770x578.jpg\" alt=\"\"\/><\/div><div class=\"swiper-slide mcr-swiper-slide\"><img decoding=\"async\" src=\"https:\/\/expo.rosalis.bibliotheque.toulouse.fr\/les-impasses-de-la-medecine\/wp-content\/uploads\/sites\/7\/2022\/09\/3_salle4_770x578.jpg\" alt=\"\"\/><\/div><div class=\"swiper-slide mcr-swiper-slide\"><img decoding=\"async\" src=\"https:\/\/expo.rosalis.bibliotheque.toulouse.fr\/les-impasses-de-la-medecine\/wp-content\/uploads\/sites\/7\/2022\/09\/4_salle7_770x578.jpg\" alt=\"\"\/><\/div><div class=\"swiper-slide mcr-swiper-slide\"><img decoding=\"async\" src=\"https:\/\/expo.rosalis.bibliotheque.toulouse.fr\/les-impasses-de-la-medecine\/wp-content\/uploads\/sites\/7\/2022\/09\/5_salle5_770x578.jpg\" alt=\"\"\/><\/div><div class=\"swiper-slide mcr-swiper-slide\"><img decoding=\"async\" src=\"https:\/\/expo.rosalis.bibliotheque.toulouse.fr\/les-impasses-de-la-medecine\/wp-content\/uploads\/sites\/7\/2022\/09\/6_salle6_770x578.jpg\" alt=\"\"\/><\/div><div class=\"swiper-slide mcr-swiper-slide\"><img decoding=\"async\" src=\"https:\/\/expo.rosalis.bibliotheque.toulouse.fr\/les-impasses-de-la-medecine\/wp-content\/uploads\/sites\/7\/2022\/09\/7_salle9_770x1027-768x1024.jpg\" alt=\"\"\/><\/div><div class=\"swiper-slide mcr-swiper-slide\"><img decoding=\"async\" src=\"https:\/\/expo.rosalis.bibliotheque.toulouse.fr\/les-impasses-de-la-medecine\/wp-content\/uploads\/sites\/7\/2022\/09\/8_salle10_770x578-768x1024.jpg\" alt=\"\"\/><\/div><div class=\"swiper-slide mcr-swiper-slide\"><img decoding=\"async\" src=\"https:\/\/expo.rosalis.bibliotheque.toulouse.fr\/les-impasses-de-la-medecine\/wp-content\/uploads\/sites\/7\/2022\/09\/grande-salle5_770x578.jpg\" alt=\"\"\/><\/div><div class=\"swiper-slide mcr-swiper-slide\"><img decoding=\"async\" src=\"https:\/\/expo.rosalis.bibliotheque.toulouse.fr\/les-impasses-de-la-medecine\/wp-content\/uploads\/sites\/7\/2022\/09\/grande-salle4_770x578.jpg\" alt=\"\"\/><\/div><div class=\"swiper-slide mcr-swiper-slide\"><img decoding=\"async\" src=\"https:\/\/expo.rosalis.bibliotheque.toulouse.fr\/les-impasses-de-la-medecine\/wp-content\/uploads\/sites\/7\/2022\/09\/grande-salle3_770x578.jpg\" alt=\"\"\/><\/div><div class=\"swiper-slide mcr-swiper-slide\"><img decoding=\"async\" src=\"https:\/\/expo.rosalis.bibliotheque.toulouse.fr\/les-impasses-de-la-medecine\/wp-content\/uploads\/sites\/7\/2022\/09\/grande-salle2_770x578.jpg\" alt=\"\"\/><\/div><div class=\"swiper-slide mcr-swiper-slide\"><img decoding=\"async\" src=\"https:\/\/expo.rosalis.bibliotheque.toulouse.fr\/les-impasses-de-la-medecine\/wp-content\/uploads\/sites\/7\/2022\/09\/grande-salle1_770x578.jpg\" alt=\"\"\/><\/div><\/div><\/div><div class=\"js-mcr-swiper-button-prev swiper-button-prev mcr-swiper-button-prev border_colored colored\"><span>Pr\u00e9c\u00e9dent<\/span><\/div><div class=\"figcaption_cont\"><figcaption><\/figcaption><\/div><div class=\"js-mcr-swiper-button-next swiper-button-next mcr-swiper-button-next border_colored colored\"><span>Suivant<\/span><\/div><\/div>\n<\/div>\n        <\/div>\n    <\/div>\n    <div class=\"row\">\n        <div class=\"col-12 offset-0 col-lg-8 offset-lg-2 col-xl-6 offset-xl-3\">","protected":false},"excerpt":{"rendered":"<p>Reportage France 3 France 3 Occitanie est venue \u00e0 la Biblioth\u00e8que d&rsquo;\u00e9tude et du patrimoine le 19 novembre 2022 pour interviewer Fr\u00e9d\u00e9ric Gaudet, commissaire de l&rsquo;exposition, ainsi que la lanceuse d&rsquo;alerte Marine Martin. Le reportage a \u00e9t\u00e9 diffus\u00e9 dans le 19\/20. Montage de l&rsquo;exposition Salle d&rsquo;exposition de la Biblioth\u00e8que d&rsquo;\u00e9tude et du patrimoine Hall et [&hellip;]<\/p>\n","protected":false},"author":4,"featured_media":829,"parent":716,"menu_order":2,"comment_status":"closed","ping_status":"closed","template":"","meta":{"footnotes":""},"class_list":["post-711","page","type-page","status-publish","has-post-thumbnail","hentry"],"_links":{"self":[{"href":"https:\/\/expo.rosalis.bibliotheque.toulouse.fr\/les-impasses-de-la-medecine\/wp-json\/wp\/v2\/pages\/711","targetHints":{"allow":["GET"]}}],"collection":[{"href":"https:\/\/expo.rosalis.bibliotheque.toulouse.fr\/les-impasses-de-la-medecine\/wp-json\/wp\/v2\/pages"}],"about":[{"href":"https:\/\/expo.rosalis.bibliotheque.toulouse.fr\/les-impasses-de-la-medecine\/wp-json\/wp\/v2\/types\/page"}],"author":[{"embeddable":true,"href":"https:\/\/expo.rosalis.bibliotheque.toulouse.fr\/les-impasses-de-la-medecine\/wp-json\/wp\/v2\/users\/4"}],"replies":[{"embeddable":true,"href":"https:\/\/expo.rosalis.bibliotheque.toulouse.fr\/les-impasses-de-la-medecine\/wp-json\/wp\/v2\/comments?post=711"}],"version-history":[{"count":9,"href":"https:\/\/expo.rosalis.bibliotheque.toulouse.fr\/les-impasses-de-la-medecine\/wp-json\/wp\/v2\/pages\/711\/revisions"}],"predecessor-version":[{"id":858,"href":"https:\/\/expo.rosalis.bibliotheque.toulouse.fr\/les-impasses-de-la-medecine\/wp-json\/wp\/v2\/pages\/711\/revisions\/858"}],"up":[{"embeddable":true,"href":"https:\/\/expo.rosalis.bibliotheque.toulouse.fr\/les-impasses-de-la-medecine\/wp-json\/wp\/v2\/pages\/716"}],"wp:featuredmedia":[{"embeddable":true,"href":"https:\/\/expo.rosalis.bibliotheque.toulouse.fr\/les-impasses-de-la-medecine\/wp-json\/wp\/v2\/media\/829"}],"wp:attachment":[{"href":"https:\/\/expo.rosalis.bibliotheque.toulouse.fr\/les-impasses-de-la-medecine\/wp-json\/wp\/v2\/media?parent=711"}],"curies":[{"name":"wp","href":"https:\/\/api.w.org\/{rel}","templated":true}]}}