{"id":672,"date":"2022-09-07T11:18:26","date_gmt":"2022-09-07T09:18:26","guid":{"rendered":"https:\/\/expo.rosalis.bibliotheque.toulouse.fr\/les-impasses-de-la-medecine\/?page_id=672"},"modified":"2022-09-12T16:57:48","modified_gmt":"2022-09-12T14:57:48","slug":"atelier-fabriquer-son-elixir","status":"publish","type":"page","link":"https:\/\/expo.rosalis.bibliotheque.toulouse.fr\/les-impasses-de-la-medecine\/atelier-fabriquer-son-elixir\/","title":{"rendered":"Atelier : Fabriquer son elixir"},"content":{"rendered":"\n<div class=\"wp-block-expo-extract\"><p class=\"extract_title colored\">En r\u00e9sum\u00e9<\/p><p class=\"extract_content\">Dans cet atelier, nous vous proposons de r\u00e9aliser des elixirs magiques dignes d&rsquo;un cours de Severus Rogue, le c\u00e9l\u00e8bre professeur d&rsquo;Harry Potter. Alors les enfants, \u00e0 vos baguettes !<\/p><\/div>\n\n\n\n<h3 class=\"wp-block-heading\">Pr\u00e9paration des ingr\u00e9dients magiques<\/h3>\n\n\n\n<p>Choisir les \u00e9tiquettes \u00e0 imprimer parmi les mod\u00e8les ci-dessous issus du <em>Bulletin de la Soci\u00e9t\u00e9 d&rsquo;histoire de la pharmacie<\/em> (Biblioth\u00e8que d&rsquo;\u00e9tude et du patrimoine, Toulouse, P 13295). Ces \u00e9tiquettes sont des reproductions d&rsquo;anciennes \u00e9tiquettes de pharmacie de Toulouse et Rodez du 18e et du 19e si\u00e8cle. <\/p>\n\n\n\n<p>Pour t\u00e9l\u00e9charger une image, faites un clic droit dessus et s\u00e9lectionner \u00ab\u00a0enregistrer l&rsquo;image sous\u00a0\u00bb.<\/p>\n\n\n\n            <\/div>\n        <\/div>\n        <div class=\"row no-gutters\">\n            <div class=\"col-12\">\n    <div class=\"row\"><div class=\"col-12 col-md-8 offset-md-2 no-mobile-padding\">\n<figure class=\"wp-block-gallery has-nested-images columns-2 is-cropped wp-block-gallery-1 is-layout-flex wp-block-gallery-is-layout-flex\">\n<figure class=\"wp-block-image size-full\"><img loading=\"lazy\" decoding=\"async\" width=\"550\" height=\"787\" data-id=\"696\" src=\"https:\/\/expo.rosalis.bibliotheque.toulouse.fr\/les-impasses-de-la-medecine\/wp-content\/uploads\/sites\/7\/2022\/09\/Etiquette2_550x787.jpg\" alt=\"\" class=\"wp-image-696\" srcset=\"https:\/\/expo.rosalis.bibliotheque.toulouse.fr\/les-impasses-de-la-medecine\/wp-content\/uploads\/sites\/7\/2022\/09\/Etiquette2_550x787.jpg 550w, https:\/\/expo.rosalis.bibliotheque.toulouse.fr\/les-impasses-de-la-medecine\/wp-content\/uploads\/sites\/7\/2022\/09\/Etiquette2_550x787-210x300.jpg 210w\" sizes=\"auto, (max-width: 550px) 100vw, 550px\" \/><figcaption>Bulletin S.H.P. 33, f\u00e9vrier 1922<\/figcaption><\/figure>\n\n\n\n<figure class=\"wp-block-image size-full\"><img loading=\"lazy\" decoding=\"async\" width=\"550\" height=\"787\" data-id=\"697\" src=\"https:\/\/expo.rosalis.bibliotheque.toulouse.fr\/les-impasses-de-la-medecine\/wp-content\/uploads\/sites\/7\/2022\/09\/Etiquette3_550x787.jpg\" alt=\"\" class=\"wp-image-697\" srcset=\"https:\/\/expo.rosalis.bibliotheque.toulouse.fr\/les-impasses-de-la-medecine\/wp-content\/uploads\/sites\/7\/2022\/09\/Etiquette3_550x787.jpg 550w, https:\/\/expo.rosalis.bibliotheque.toulouse.fr\/les-impasses-de-la-medecine\/wp-content\/uploads\/sites\/7\/2022\/09\/Etiquette3_550x787-210x300.jpg 210w\" sizes=\"auto, (max-width: 550px) 100vw, 550px\" \/><figcaption>Bulletin S.H.P. 33, f\u00e9vrier 1922<\/figcaption><\/figure>\n\n\n\n<figure class=\"wp-block-image size-full\"><img loading=\"lazy\" decoding=\"async\" width=\"550\" height=\"787\" data-id=\"698\" src=\"https:\/\/expo.rosalis.bibliotheque.toulouse.fr\/les-impasses-de-la-medecine\/wp-content\/uploads\/sites\/7\/2022\/09\/Etiquette4_550x787.jpg\" alt=\"\" class=\"wp-image-698\" srcset=\"https:\/\/expo.rosalis.bibliotheque.toulouse.fr\/les-impasses-de-la-medecine\/wp-content\/uploads\/sites\/7\/2022\/09\/Etiquette4_550x787.jpg 550w, https:\/\/expo.rosalis.bibliotheque.toulouse.fr\/les-impasses-de-la-medecine\/wp-content\/uploads\/sites\/7\/2022\/09\/Etiquette4_550x787-210x300.jpg 210w\" sizes=\"auto, (max-width: 550px) 100vw, 550px\" \/><figcaption>Bulletin S.H.P. 33, f\u00e9vrier 1922<\/figcaption><\/figure>\n\n\n\n<figure class=\"wp-block-image size-full\"><img loading=\"lazy\" decoding=\"async\" width=\"550\" height=\"787\" data-id=\"699\" src=\"https:\/\/expo.rosalis.bibliotheque.toulouse.fr\/les-impasses-de-la-medecine\/wp-content\/uploads\/sites\/7\/2022\/09\/Etiquette5_550x787.jpg\" alt=\"\" class=\"wp-image-699\" srcset=\"https:\/\/expo.rosalis.bibliotheque.toulouse.fr\/les-impasses-de-la-medecine\/wp-content\/uploads\/sites\/7\/2022\/09\/Etiquette5_550x787.jpg 550w, https:\/\/expo.rosalis.bibliotheque.toulouse.fr\/les-impasses-de-la-medecine\/wp-content\/uploads\/sites\/7\/2022\/09\/Etiquette5_550x787-210x300.jpg 210w\" sizes=\"auto, (max-width: 550px) 100vw, 550px\" \/><figcaption>Bulletin S.H.P. 41, janvier 1924<\/figcaption><\/figure>\n\n\n\n<figure class=\"wp-block-image size-full\"><img loading=\"lazy\" decoding=\"async\" width=\"550\" height=\"787\" data-id=\"700\" src=\"https:\/\/expo.rosalis.bibliotheque.toulouse.fr\/les-impasses-de-la-medecine\/wp-content\/uploads\/sites\/7\/2022\/09\/Etiquette6_550x787.jpg\" alt=\"\" class=\"wp-image-700\" srcset=\"https:\/\/expo.rosalis.bibliotheque.toulouse.fr\/les-impasses-de-la-medecine\/wp-content\/uploads\/sites\/7\/2022\/09\/Etiquette6_550x787.jpg 550w, https:\/\/expo.rosalis.bibliotheque.toulouse.fr\/les-impasses-de-la-medecine\/wp-content\/uploads\/sites\/7\/2022\/09\/Etiquette6_550x787-210x300.jpg 210w\" sizes=\"auto, (max-width: 550px) 100vw, 550px\" \/><figcaption>Bulletin S.H.P. 41, janvier 1924<\/figcaption><\/figure>\n\n\n\n<figure class=\"wp-block-image size-full\"><img loading=\"lazy\" decoding=\"async\" width=\"550\" height=\"787\" data-id=\"702\" src=\"https:\/\/expo.rosalis.bibliotheque.toulouse.fr\/les-impasses-de-la-medecine\/wp-content\/uploads\/sites\/7\/2022\/09\/Etiquette7_550x787.jpg\" alt=\"\" class=\"wp-image-702\" srcset=\"https:\/\/expo.rosalis.bibliotheque.toulouse.fr\/les-impasses-de-la-medecine\/wp-content\/uploads\/sites\/7\/2022\/09\/Etiquette7_550x787.jpg 550w, https:\/\/expo.rosalis.bibliotheque.toulouse.fr\/les-impasses-de-la-medecine\/wp-content\/uploads\/sites\/7\/2022\/09\/Etiquette7_550x787-210x300.jpg 210w\" sizes=\"auto, (max-width: 550px) 100vw, 550px\" \/><figcaption>Bulletin S.H.P. 54, mars 1927<\/figcaption><\/figure>\n<\/figure>\n<\/div><\/div>\n        <\/div>\n    <\/div>\n    <div class=\"row\">\n        <div class=\"col-12 offset-0 col-lg-8 offset-lg-2 col-xl-6 offset-xl-3\">\n\n\n<p>Apr\u00e8s avoir imprim\u00e9 les \u00e9tiquettes, \u00e9crire \u00e0 la main le nom des ingr\u00e9dients de chaque bouteille : marmelade de cloportes, poudre de sang de dragon, yeux d&rsquo;\u00e9crevisse, bave de crapaud, morve de troll, urine de jument&#8230; Selon les envies des enfants !<\/p>\n\n\n\n<p>Pour coller les \u00e9tiquettes, rien de plus simple ! Remplir une assiette de lait : y tremper les \u00e9tiquettes et les coller ensuite sur les bouteilles en verre. Pour d\u00e9coller les \u00e9tiquettes, il suffira ensuite d&rsquo;utiliser de l&rsquo;eau chaude.<\/p>\n\n\n\n<p>Mettre les ingr\u00e9dients dans chaque fiole : du sang de dragon (sirop de grenadine), de la bave de crapaud (limonade), de la poudre de f\u00e9e explosive (bicarbonate de soude), etc. <\/p>\n\n\n\n<h3 class=\"wp-block-heading\">Pr\u00e9paration des potions<\/h3>\n\n\n\n<p>Les apprentis apothicaires peuvent laisser aller leur imagination pour pr\u00e9parer toutes sortes de potions comme on le faisait \u00e0 l&rsquo;\u00e9poque. Pour ceux qui n&rsquo;auraient pas d&rsquo;id\u00e9es, on vous a concoct\u00e9 2 recettes. Il ne reste plus qu&rsquo;\u00e0 les tester !<\/p>\n\n\n\n<p> <\/p>\n\n\n<div class=\"wp-block-image\">\n<figure class=\"aligncenter size-large\"><img loading=\"lazy\" decoding=\"async\" width=\"720\" height=\"1024\" src=\"https:\/\/expo.rosalis.bibliotheque.toulouse.fr\/les-impasses-de-la-medecine\/wp-content\/uploads\/sites\/7\/2022\/09\/Draco-Excitatio_784x1115-720x1024.png\" alt=\"\" class=\"wp-image-742\" srcset=\"https:\/\/expo.rosalis.bibliotheque.toulouse.fr\/les-impasses-de-la-medecine\/wp-content\/uploads\/sites\/7\/2022\/09\/Draco-Excitatio_784x1115-720x1024.png 720w, https:\/\/expo.rosalis.bibliotheque.toulouse.fr\/les-impasses-de-la-medecine\/wp-content\/uploads\/sites\/7\/2022\/09\/Draco-Excitatio_784x1115-211x300.png 211w, https:\/\/expo.rosalis.bibliotheque.toulouse.fr\/les-impasses-de-la-medecine\/wp-content\/uploads\/sites\/7\/2022\/09\/Draco-Excitatio_784x1115-768x1092.png 768w, https:\/\/expo.rosalis.bibliotheque.toulouse.fr\/les-impasses-de-la-medecine\/wp-content\/uploads\/sites\/7\/2022\/09\/Draco-Excitatio_784x1115.png 784w\" sizes=\"auto, (max-width: 720px) 100vw, 720px\" \/><\/figure>\n<\/div>\n\n\n<div style=\"height:30px\" aria-hidden=\"true\" class=\"wp-block-spacer\"><\/div>\n\n\n<div class=\"wp-block-image\">\n<figure class=\"aligncenter size-large\"><img loading=\"lazy\" decoding=\"async\" width=\"720\" height=\"1024\" src=\"https:\/\/expo.rosalis.bibliotheque.toulouse.fr\/les-impasses-de-la-medecine\/wp-content\/uploads\/sites\/7\/2022\/09\/Philtre-damour_786x1118-720x1024.png\" alt=\"\" class=\"wp-image-738\" srcset=\"https:\/\/expo.rosalis.bibliotheque.toulouse.fr\/les-impasses-de-la-medecine\/wp-content\/uploads\/sites\/7\/2022\/09\/Philtre-damour_786x1118-720x1024.png 720w, https:\/\/expo.rosalis.bibliotheque.toulouse.fr\/les-impasses-de-la-medecine\/wp-content\/uploads\/sites\/7\/2022\/09\/Philtre-damour_786x1118-211x300.png 211w, https:\/\/expo.rosalis.bibliotheque.toulouse.fr\/les-impasses-de-la-medecine\/wp-content\/uploads\/sites\/7\/2022\/09\/Philtre-damour_786x1118-768x1092.png 768w, https:\/\/expo.rosalis.bibliotheque.toulouse.fr\/les-impasses-de-la-medecine\/wp-content\/uploads\/sites\/7\/2022\/09\/Philtre-damour_786x1118.png 786w\" sizes=\"auto, (max-width: 720px) 100vw, 720px\" \/><\/figure>\n<\/div>","protected":false},"excerpt":{"rendered":"<p>Pr\u00e9paration des ingr\u00e9dients magiques Choisir les \u00e9tiquettes \u00e0 imprimer parmi les mod\u00e8les ci-dessous issus du Bulletin de la Soci\u00e9t\u00e9 d&rsquo;histoire de la pharmacie (Biblioth\u00e8que d&rsquo;\u00e9tude et du patrimoine, Toulouse, P 13295). Ces \u00e9tiquettes sont des reproductions d&rsquo;anciennes \u00e9tiquettes de pharmacie de Toulouse et Rodez du 18e et du 19e si\u00e8cle. Pour t\u00e9l\u00e9charger une image, faites [&hellip;]<\/p>\n","protected":false},"author":4,"featured_media":733,"parent":0,"menu_order":4,"comment_status":"closed","ping_status":"closed","template":"","meta":{"footnotes":""},"class_list":["post-672","page","type-page","status-publish","has-post-thumbnail","hentry"],"_links":{"self":[{"href":"https:\/\/expo.rosalis.bibliotheque.toulouse.fr\/les-impasses-de-la-medecine\/wp-json\/wp\/v2\/pages\/672","targetHints":{"allow":["GET"]}}],"collection":[{"href":"https:\/\/expo.rosalis.bibliotheque.toulouse.fr\/les-impasses-de-la-medecine\/wp-json\/wp\/v2\/pages"}],"about":[{"href":"https:\/\/expo.rosalis.bibliotheque.toulouse.fr\/les-impasses-de-la-medecine\/wp-json\/wp\/v2\/types\/page"}],"author":[{"embeddable":true,"href":"https:\/\/expo.rosalis.bibliotheque.toulouse.fr\/les-impasses-de-la-medecine\/wp-json\/wp\/v2\/users\/4"}],"replies":[{"embeddable":true,"href":"https:\/\/expo.rosalis.bibliotheque.toulouse.fr\/les-impasses-de-la-medecine\/wp-json\/wp\/v2\/comments?post=672"}],"version-history":[{"count":20,"href":"https:\/\/expo.rosalis.bibliotheque.toulouse.fr\/les-impasses-de-la-medecine\/wp-json\/wp\/v2\/pages\/672\/revisions"}],"predecessor-version":[{"id":779,"href":"https:\/\/expo.rosalis.bibliotheque.toulouse.fr\/les-impasses-de-la-medecine\/wp-json\/wp\/v2\/pages\/672\/revisions\/779"}],"wp:featuredmedia":[{"embeddable":true,"href":"https:\/\/expo.rosalis.bibliotheque.toulouse.fr\/les-impasses-de-la-medecine\/wp-json\/wp\/v2\/media\/733"}],"wp:attachment":[{"href":"https:\/\/expo.rosalis.bibliotheque.toulouse.fr\/les-impasses-de-la-medecine\/wp-json\/wp\/v2\/media?parent=672"}],"curies":[{"name":"wp","href":"https:\/\/api.w.org\/{rel}","templated":true}]}}