{"id":621,"date":"2022-08-09T18:09:26","date_gmt":"2022-08-09T16:09:26","guid":{"rendered":"https:\/\/expo.rosalis.bibliotheque.toulouse.fr\/les-impasses-de-la-medecine\/?page_id=621"},"modified":"2022-09-12T16:59:42","modified_gmt":"2022-09-12T14:59:42","slug":"credits","status":"publish","type":"page","link":"https:\/\/expo.rosalis.bibliotheque.toulouse.fr\/les-impasses-de-la-medecine\/credits\/","title":{"rendered":"Cr\u00e9dits"},"content":{"rendered":"\n<p><em><strong>Les impasses de la m\u00e9decine<\/strong><\/em> est une exposition <a href=\"https:\/\/rosalis.bibliotheque.toulouse.fr\/rosalis\/fr\/content\/accueil-fr?mode=desktop\">Rosalis<\/a>, biblioth\u00e8que num\u00e9rique de la <a href=\"https:\/\/www.bibliotheque.toulouse.fr\/\">Biblioth\u00e8que de Toulouse<\/a>. L\u2019exposition est pr\u00e9sent\u00e9e in situ \u00e0 la Biblioth\u00e8que d\u2019\u00e9tude et du patrimoine, du 13 septembre 2022 au 28 janvier 2023, sous la direction de Fr\u00e9d\u00e9ric Gaudet.<\/p>\n\n\n\n<p><strong>\u00c9diteur du site<\/strong> : Mairie de Toulouse<br>Adresse : H\u00f4tel de Ville, place du Capitole, 31 040 Toulouse Cedex 6<br><strong>Directeur de la publication<\/strong> : Jean-Luc Moudenc, Maire de Toulouse<br><strong>H\u00e9bergeur du site<\/strong> : Com6 interactive<br>Adresse : 3 rue Antoine Lavoisier 31140 Launaguet<br><strong>Equipe Rosalis <\/strong>: Patrick Hernebring, Gabrielle Belijar<\/p>\n\n\n\n<div style=\"height:50px\" aria-hidden=\"true\" class=\"wp-block-spacer\"><\/div>\n\n\n\n<h3 class=\"wp-block-heading\">Page d&rsquo;accueil<\/h3>\n\n\n\n<p>Affiche de l\u2019exposition <em>Les impasses de la m\u00e9decine<\/em> : Service Communication, Mairie de Toulouse, \u00e0 partir de la gravure \u00ab\u00a0<em>Habit d&rsquo;apothicaire<\/em>\u00a0\u00bb par Nicolas Larmessin, s\u00e9rie <em>Costumes grotesques<\/em>, vers 1690-1700<\/p>\n\n\n\n<div style=\"height:20px\" aria-hidden=\"true\" class=\"wp-block-spacer\"><\/div>\n\n\n\n<h5 class=\"wp-block-heading\">Bandeaux des chapitres<\/h5>\n\n\n\n<p>\u2022 <strong>Chapitre 1<\/strong> : Barth\u00e9l\u00e9my l&rsquo;Anglais, <em><a href=\"https:\/\/rosalis.bibliotheque.toulouse.fr\/ark:\/12148\/btv1b10573629c.r=barth%C3%A9l%C3%A9my%20l%27anglais?rk=21459;2\">Op\u00e9ration<\/a><\/em>, 1494, Biblioth\u00e8que de Toulouse, Rosalis<br>\u2022 <strong>Chapitre 2<\/strong> : A. Marie, \u00ab <em>Louis Pasteur dans son laboratoire<\/em> \u00bb (\u00e0 l\u2019Ecole Normale Sup\u00e9rieure), gravure sur bois dans : <em>L\u2019univers illustr\u00e9<\/em>, 1885, Wellcome Library, Londres<br>\u2022 <strong>Chapitre 3<\/strong> : <em>Bo\u00eetes de D\u00e9pakine<\/em>, 2015, photographie Marine Martin, avec son aimable autorisation<\/p>\n\n\n\n<div style=\"height:20px\" aria-hidden=\"true\" class=\"wp-block-spacer\"><\/div>\n\n\n\n<h5 class=\"wp-block-heading\">Vignette de l&rsquo;atelier jeunesse<\/h5>\n\n\n\n<p>Moli\u00e8re, <em>Monsieur de Pourceaugnac, Com\u00e9die-ballet en trois actes,<\/em> Paris, Ren\u00e9 Kieffer, 1921, p. 62, Biblioth\u00e8que d&rsquo;\u00e9tude et du patrimoine, Mol. CY 7<\/p>\n\n\n\n<div style=\"height:20px\" aria-hidden=\"true\" class=\"wp-block-spacer\"><\/div>\n\n\n\n<h5 class=\"wp-block-heading\">Vignette des Ressources et M\u00e9dias<\/h5>\n\n\n\n<p><em><a rel=\"noreferrer noopener\" href=\"https:\/\/wellcomecollection.org\/works\/xa23ye98\" target=\"_blank\">Wilhelm Conrad Roentgen regarde dans un \u00e9cran \u00e0 rayons X<\/a><\/em>, chromolithographie publicitaire pour le chocolat Carpentier, [1896-1900], Wellcome Library, Londres<\/p>\n\n\n\n<div style=\"height:50px\" aria-hidden=\"true\" class=\"wp-block-spacer\"><\/div>\n\n\n\n<h3 class=\"wp-block-heading\">Chapitres (images)<\/h3>\n\n\n\n<p>La plupart des illustrations de l\u2019exposition sont libres de droit et issues des institutions suivantes :<\/p>\n\n\n\n<ul class=\"wp-block-list\"><li><a rel=\"noreferrer noopener\" href=\"https:\/\/www.bibliotheque.toulouse.fr\/\" target=\"_blank\">Biblioth\u00e8que de Toulouse<\/a>, clich\u00e9s Emilie Montersino, Fr\u00e9d\u00e9ric Gaudet<\/li><li><a rel=\"noreferrer noopener\" href=\"https:\/\/gallica.bnf.fr\/accueil\/fr\/content\/accueil-fr?mode=desktop\" target=\"_blank\">Gallica<\/a>, Biblioth\u00e8que nationale de France<\/li><li><a rel=\"noreferrer noopener\" href=\"https:\/\/commons.wikimedia.org\/wiki\/Accueil\" target=\"_blank\">Wikimedia Commons<\/a><\/li><li><a rel=\"noreferrer noopener\" href=\"https:\/\/u-paris.fr\/bibliotheques\/bibliotheque-numerique-patrimoniale\/\" target=\"_blank\">Medica, BIU Sant\u00e9 M\u00e9decine, Paris<\/a><\/li><li><a rel=\"noreferrer noopener\" href=\"https:\/\/wellcomecollection.org\/collections\" target=\"_blank\">Wellcome Library, Londres<\/a><\/li><li><a rel=\"noreferrer noopener\" href=\"https:\/\/www.sub.uni-goettingen.de\/digitale-bibliothek\/\" target=\"_blank\">SUB G\u00f6ttinger<\/a><\/li><li><a rel=\"noreferrer noopener\" href=\"https:\/\/www.rijksmuseum.nl\/en\/rijksstudio\" target=\"_blank\">Rijksmuseum, Amsterdam<\/a><\/li><li><a rel=\"noreferrer noopener\" href=\"https:\/\/www.europeana.eu\/fr\" target=\"_blank\">Europeana<\/a><\/li><li><a rel=\"noreferrer noopener\" href=\"http:\/\/balat.kikirpa.be\/intro.php\" target=\"_blank\">BALaT : Belgium Art Links and Tools<\/a><\/li><li><a rel=\"noreferrer noopener\" href=\"http:\/\/www5.kb.dk\/editions\/any\/2009\/jul\/editions\/en\/\" target=\"_blank\">Biblioth\u00e8que Royale du Danemark, Copenhague<\/a><\/li><\/ul>\n\n\n\n<div style=\"height:20px\" aria-hidden=\"true\" class=\"wp-block-spacer\"><\/div>\n\n\n\n<p>Certaines illustrations sont sous droits, les droits ayant \u00e9t\u00e9 n\u00e9goci\u00e9s aupr\u00e8s de l\u2019auteur ou ayants droits :<\/p>\n\n\n\n<ul class=\"wp-block-list\"><li>Partie II, chapitre 1 : <em>Louis Pasteur<\/em>, peinture par Robert Thom : malgr\u00e9 tous nos efforts, la recherche des ayants droits n\u2019a pas pu aboutir. Merci \u00e0 ces derniers de <a rel=\"noreferrer noopener\" href=\"https:\/\/rosalis.bibliotheque.toulouse.fr\/rosalis\/fr\/content\/contactez-nous\" target=\"_blank\">nous contacter<\/a> en cas de r\u00e9clamation.<\/li><li>Partie III, chapitre 3 : photographies de Marine Martin, avec son aimable autorisation<\/li><\/ul>\n\n\n\n<div style=\"height:50px\" aria-hidden=\"true\" class=\"wp-block-spacer\"><\/div>\n\n\n\n<h3 class=\"wp-block-heading\">L&rsquo;apothicairerie<\/h3>\n\n\n\n<p>La plupart des illustrations de l\u2019exposition sont libres de droit. Certaines images sous encore sous droits, ceux-ci ayant \u00e9t\u00e9 n\u00e9goci\u00e9s aupr\u00e8s des institutions d\u00e9tentrices.<\/p>\n\n\n\n<div style=\"height:21px\" aria-hidden=\"true\" class=\"wp-block-spacer\"><\/div>\n\n\n\n<h4 class=\"wp-block-heading\">L\u2019apothicairerie<\/h4>\n\n\n\n<ul class=\"wp-block-list\"><li><em>L\u2019apothicairerie des J\u00e9suites de Toulous<\/em>e \u00a9 Mairie de Toulouse, mus\u00e9e Paul-Dupuy, Toulouse, clich\u00e9 Daniel Molinier, avec leur aimable autorisation<\/li><\/ul>\n\n\n\n<h4 class=\"wp-block-heading\">Yeux d&rsquo;\u00e9crevisse<\/h4>\n\n\n\n<div style=\"height:20px\" aria-hidden=\"true\" class=\"wp-block-spacer\"><\/div>\n\n\n\n<ul class=\"wp-block-list\"><li><em>Pot yeux d\u2019\u00e9crevisse<\/em> : collection particuli\u00e8re, clich\u00e9 Fr\u00e9d\u00e9ric Gaudet<\/li><li>Gravure \u00e9crevisse : libre de droit (Gallica)<\/li><li><em>Pot \u00e0 pharmacie. Yeux d\u2019\u00e9crevisse<\/em>,18e si\u00e8cle, fa\u00efence de grand feu : \u00a9 Mus\u00e9e Henri Barr\u00e9 de Thouars, avec leur aimable autorisation<\/li><\/ul>\n\n\n\n<div style=\"height:20px\" aria-hidden=\"true\" class=\"wp-block-spacer\"><\/div>\n\n\n\n<h4 class=\"wp-block-heading\">Poudre de sang de dragon<\/h4>\n\n\n\n<ul class=\"wp-block-list\"><li><em>Pot \u00e0 pharmacie. Poudre de sang de dragon<\/em>, 1827 : \u00a9 Mus\u00e9e-archives Tom\u00e0s Balvey \u2013 Maison de la culture Dr Daurella, avec leur aimable autorisation<\/li><li>Gravure sang de dragon : libre de droit (Max Planck Institute for the History of Science)<\/li><\/ul>\n\n\n\n<div style=\"height:20px\" aria-hidden=\"true\" class=\"wp-block-spacer\"><\/div>\n\n\n\n<h4 class=\"wp-block-heading\">Poudre de lombrics<\/h4>\n\n\n\n<ul class=\"wp-block-list\"><li><em>Pot \u00e0 pharmacie. Poudre de lombric<\/em>, 18e si\u00e8cle : \u00a9 Mus\u00e9e de la fa\u00efence et des beaux-arts, Fr\u00e9d\u00e9ric Blandin, Nevers, clich\u00e9 Youri Gavriloff, avec leur aimable autorisation<\/li><li>Recette par L\u00e9mery : libre de droit (Google Books)<\/li><\/ul>\n\n\n\n<div style=\"height:20px\" aria-hidden=\"true\" class=\"wp-block-spacer\"><\/div>\n\n\n\n<h4 class=\"wp-block-heading\">Poudre de cloportes<\/h4>\n\n\n\n<ul class=\"wp-block-list\"><li><em>Pot \u00e0 pharmacie. Marmelade de cloportes,<\/em> 18e si\u00e8cle : \u00a9 Mus\u00e9e des Hospices Civils de Lyon, apothicairerie de l&rsquo;Antiquaille, M, clich\u00e9 Aur\u00e9lie Troccon et Manon Mauguin, 2014, avec leur aimable autorisation <\/li><li>Gravure de cloportes : libre de droit (Museum national d\u2019Histoire naturelle)<\/li><\/ul>\n\n\n\n<div style=\"height:20px\" aria-hidden=\"true\" class=\"wp-block-spacer\"><\/div>\n\n\n\n<h4 class=\"wp-block-heading\">Axonge<\/h4>\n\n\n\n<ul class=\"wp-block-list\"><li><em>Pot \u00e0 pharmacie. Axonge humaine<\/em>, 18e si\u00e8cle : \u00a9 Mus\u00e9e Flaubert et d\u2019histoire de la m\u00e9decine \u00e0 Rouen, clich\u00e9 Bruno Maurey, avec leur aimable autorisation<\/li><li><em>Pot \u00e0 pharmacie canon pour graisse de cheval (\u00ab Ax. Equi. \u00bb)<\/em>, 17e si\u00e8cle : \u00a9 Mus\u00e9e des Hospices Civils de Lyon, clich\u00e9 Aur\u00e9lie Troccon et Manon Mauguin, 2014, avec leur aimable autorisation<\/li><li><em>Pot \u00e0 pharmacie canon pour graisse de vautour<\/em>, 17e si\u00e8cle : \u00a9 Mus\u00e9e des Hospices Civils de Lyon, clich\u00e9 Aur\u00e9lie Troccon et Manon Mauguin, 2014, avec leur aimable autorisation<\/li><li><em>Pot \u00e0 pharmacie pour graisse de blaireau<\/em> et <em>pots \u00e0 pharmacie pour axonge humaine <\/em>: libres de droits (Wikimedia Commons)<\/li><\/ul>\n\n\n\n<div style=\"height:20px\" aria-hidden=\"true\" class=\"wp-block-spacer\"><\/div>\n\n\n\n<h4 class=\"wp-block-heading\">Pierre infernale<\/h4>\n\n\n\n<ul class=\"wp-block-list\"><li><em>Pot pierre infernale<\/em> : collection particuli\u00e8re, clich\u00e9 Fr\u00e9d\u00e9ric Gaudet<\/li><li>Recette de L\u00e9mery : libre de droit (Gallica)<\/li><\/ul>\n\n\n\n<div style=\"height:20px\" aria-hidden=\"true\" class=\"wp-block-spacer\"><\/div>\n\n\n\n<h4 class=\"wp-block-heading\">Th\u00e9riaque<\/h4>\n\n\n\n<ul class=\"wp-block-list\"><li><em>Pot \u00e0 th\u00e9riaque<\/em>, 1624 : \u00a9 Mairie de Toulouse, mus\u00e9e Paul-Dupuy, Toulouse, clich\u00e9 M.-P. Chaumet, avec leur aimable autorisation<\/li><li>2 gravures : libre de droit (Wellcome Library)<\/li><li>Recette : libre de droit (Biblioth\u00e8que de Toulouse, clich\u00e9 Emilie Montersino)<\/li><\/ul>\n\n\n\n<div style=\"height:20px\" aria-hidden=\"true\" class=\"wp-block-spacer\"><\/div>\n\n\n\n<h4 class=\"wp-block-heading\">Orvi\u00e9tan<\/h4>\n\n\n\n<ul class=\"wp-block-list\"><li><em>Pot \u00e0 pharmacie \u00e9luctaire orvietan<\/em> : \u00a9 Mairie de Toulouse, mus\u00e9e Paul-Dupuy, Toulouse, clich\u00e9 M.-P. Chaumet, avec leur aimable autorisation<\/li><li>3 gravures : libres de droits (Gallica, Biblioth\u00e8que de Toulouse, clich\u00e9 Emilie Montersino)<\/li><\/ul>\n\n\n\n<div style=\"height:20px\" aria-hidden=\"true\" class=\"wp-block-spacer\"><\/div>\n\n\n\n<h4 class=\"wp-block-heading\">Huile de petit chien<\/h4>\n\n\n\n<ul class=\"wp-block-list\"><li><em>Pot huile de petit chien<\/em> : collection particuli\u00e8re, clich\u00e9 Fr\u00e9d\u00e9ric Gaudet<\/li><li>Recettes de L\u00e9mery et Baum\u00e9 : libres de droits (Gallica, Biblioth\u00e8que de Toulouse, clich\u00e9 Emilie Montersino)<\/li><\/ul>\n\n\n\n<div style=\"height:20px\" aria-hidden=\"true\" class=\"wp-block-spacer\"><\/div>\n\n\n\n<h4 class=\"wp-block-heading\">Mithridate<\/h4>\n\n\n\n<ul class=\"wp-block-list\"><li><em>Pot \u00e0 pharmacie<\/em>. M<em>ithridate<\/em>, 18e si\u00e8cle : \u00a9 Mairie de Toulouse, mus\u00e9e Paul-Dupuy, Toulouse, clich\u00e9 M.-P. Chaumet, avec leur aimable autorisation<\/li><li><em>Pot \u00e0 pharmacie. Mithridate,<\/em> 18e si\u00e8cle : \u00a9 Mus\u00e9e des Hospices Civils de Lyon, clich\u00e9 Aur\u00e9lie Troccon et Manon Mauguin, 2014, avec leur aimable autorisation<\/li><\/ul>\n\n\n\n<div style=\"height:20px\" aria-hidden=\"true\" class=\"wp-block-spacer\"><\/div>\n\n\n\n<h4 class=\"wp-block-heading\">Eau de frai de grenouille<\/h4>\n\n\n\n<ul class=\"wp-block-list\"><li><em>Pot \u00e0 pharmacie \u00ab aqua sperma \u00bb<\/em>, 18e si\u00e8cle : \u00a9 Mus\u00e9e des Hospices civils de Lyon, clich\u00e9 Aur\u00e9lie Troccon et Manon Mauguin, 2014, avec leur aimable autorisation<\/li><li>Recettes de L\u00e9mery et Baum\u00e9 : libres de droits (Gallica, Biblioth\u00e8que de Toulouse, clich\u00e9 Emilie Montersino)<\/li><\/ul>\n\n\n\n<div style=\"height:50px\" aria-hidden=\"true\" class=\"wp-block-spacer\"><\/div>\n\n\n\n<h3 class=\"wp-block-heading\">Ressources &amp; M\u00e9dias (bandeaux)<\/h3>\n\n\n\n<h5 class=\"wp-block-heading\">Page Bibliographie<\/h5>\n\n\n\n<p>Photographie d&rsquo;un magasin de la Biblioth\u00e8que d&rsquo;\u00e9tude et du patrimoine de Toulouse en 2021 \u00a9 Bernard Aiach<\/p>\n\n\n\n<div style=\"height:20px\" aria-hidden=\"true\" class=\"wp-block-spacer\"><\/div>\n\n\n\n<h5 class=\"wp-block-heading\">Page Galerie photos<\/h5>\n\n\n\n<p>Barth\u00e9l\u00e9my l&rsquo;Anglais, <em><a href=\"https:\/\/rosalis.bibliotheque.toulouse.fr\/ark:\/12148\/btv1b10573629c.r=barth%C3%A9l%C3%A9my%20l%27anglais?rk=21459;2\">Op\u00e9ration<\/a><\/em>, 1494, Biblioth\u00e8que de Toulouse, Rosalis<\/p>\n","protected":false},"excerpt":{"rendered":"<p>Les impasses de la m\u00e9decine est une exposition Rosalis, biblioth\u00e8que num\u00e9rique de la Biblioth\u00e8que de Toulouse. L\u2019exposition est pr\u00e9sent\u00e9e in situ \u00e0 la Biblioth\u00e8que d\u2019\u00e9tude et du patrimoine, du 13 septembre 2022 au 28 janvier 2023, sous la direction de Fr\u00e9d\u00e9ric Gaudet. \u00c9diteur du site : Mairie de ToulouseAdresse : H\u00f4tel de Ville, place du [&hellip;]<\/p>\n","protected":false},"author":4,"featured_media":0,"parent":0,"menu_order":8,"comment_status":"closed","ping_status":"closed","template":"","meta":{"footnotes":""},"class_list":["post-621","page","type-page","status-publish","hentry"],"_links":{"self":[{"href":"https:\/\/expo.rosalis.bibliotheque.toulouse.fr\/les-impasses-de-la-medecine\/wp-json\/wp\/v2\/pages\/621","targetHints":{"allow":["GET"]}}],"collection":[{"href":"https:\/\/expo.rosalis.bibliotheque.toulouse.fr\/les-impasses-de-la-medecine\/wp-json\/wp\/v2\/pages"}],"about":[{"href":"https:\/\/expo.rosalis.bibliotheque.toulouse.fr\/les-impasses-de-la-medecine\/wp-json\/wp\/v2\/types\/page"}],"author":[{"embeddable":true,"href":"https:\/\/expo.rosalis.bibliotheque.toulouse.fr\/les-impasses-de-la-medecine\/wp-json\/wp\/v2\/users\/4"}],"replies":[{"embeddable":true,"href":"https:\/\/expo.rosalis.bibliotheque.toulouse.fr\/les-impasses-de-la-medecine\/wp-json\/wp\/v2\/comments?post=621"}],"version-history":[{"count":16,"href":"https:\/\/expo.rosalis.bibliotheque.toulouse.fr\/les-impasses-de-la-medecine\/wp-json\/wp\/v2\/pages\/621\/revisions"}],"predecessor-version":[{"id":782,"href":"https:\/\/expo.rosalis.bibliotheque.toulouse.fr\/les-impasses-de-la-medecine\/wp-json\/wp\/v2\/pages\/621\/revisions\/782"}],"wp:attachment":[{"href":"https:\/\/expo.rosalis.bibliotheque.toulouse.fr\/les-impasses-de-la-medecine\/wp-json\/wp\/v2\/media?parent=621"}],"curies":[{"name":"wp","href":"https:\/\/api.w.org\/{rel}","templated":true}]}}