{"id":439,"date":"2023-10-11T16:30:30","date_gmt":"2023-10-11T14:30:30","guid":{"rendered":"https:\/\/expo.rosalis.bibliotheque.toulouse.fr\/la-bibliotheque-evaporee\/?page_id=439"},"modified":"2025-05-25T20:38:24","modified_gmt":"2025-05-25T18:38:24","slug":"liste-des-manuscrits","status":"publish","type":"page","link":"https:\/\/expo.rosalis.bibliotheque.toulouse.fr\/la-bibliotheque-evaporee\/les-livres\/liste-des-manuscrits\/","title":{"rendered":"Liste des manuscrits"},"content":{"rendered":"\n<p>La biblioth\u00e8que municipale conserve <strong>132 manuscrits<\/strong> provenant de la biblioth\u00e8ques des Dominicains de Toulouse, <strong>98 pour le Moyen \u00c2ge<\/strong>,<strong> 34 pour la p\u00e9riode moderne<\/strong>. <\/p>\n\n\n\n<div style=\"height:15px\" aria-hidden=\"true\" class=\"wp-block-spacer\"><\/div>\n\n\n\n<div class=\"wp-block-buttons is-content-justification-center is-layout-flex wp-container-core-buttons-is-layout-16018d1d wp-block-buttons-is-layout-flex\"><\/div>\n\n\n\n<h2 class=\"wp-block-heading\">Ce qui a \u00e9t\u00e9 gard\u00e9 <\/h2>\n\n\n\n<div style=\"height:15px\" aria-hidden=\"true\" class=\"wp-block-spacer\"><\/div>\n\n\n\n<div class=\"wp-block-buttons is-layout-flex wp-block-buttons-is-layout-flex\">\n<div class=\"wp-block-button\"><a class=\"wp-block-button__link wp-element-button\" href=\"https:\/\/expo.rosalis.bibliotheque.toulouse.fr\/la-bibliotheque-evaporee\/wp-content\/uploads\/sites\/10\/2024\/03\/Liste-des-manuscrits-des-Dominicains-de-Toulouse.pdf\" target=\"_blank\" rel=\"noreferrer noopener\">Liste des manuscrits dominicains conserv\u00e9s \u00e0 la Biblioth\u00e8que municipale de Toulouse (PDF)<\/a><\/div>\n<\/div>\n\n\n\n<div style=\"height:14px\" aria-hidden=\"true\" class=\"wp-block-spacer\"><\/div>\n\n\n\n<p>Les 98 manuscrits du Moyen \u00c2ge conserv\u00e9s ne constituent pas un arr\u00eat sur image de l&rsquo;\u00e9tat de la biblioth\u00e8que des Dominicains de Toulouse \u00e0 la fin du 15<sup>e<\/sup> si\u00e8cle.  Ils sont seulement les vestiges d&rsquo;une politique de s\u00e9lection, par conservation ou destruction des livres, r\u00e9pondant aux besoins des fr\u00e8res du 13<sup>e<\/sup> au 18<sup>e<\/sup> si\u00e8cle. <\/p>\n\n\n\n<p>De cette drastique s\u00e9lection, n&rsquo;ont subsist\u00e9 que trois manuscrits du 12<sup>e<\/sup> si\u00e8cle : une <a rel=\"noreferrer noopener\" href=\"https:\/\/archivesetmanuscrits.bnf.fr\/ark:\/12148\/cc66849z\" data-type=\"link\" data-id=\"https:\/\/archivesetmanuscrits.bnf.fr\/ark:\/12148\/cc66849z\" target=\"_blank\">Grammaire de Papias<\/a> (vers 1200-1220, conserv\u00e9e d\u00e9sormais \u00e0 Paris), une <a rel=\"noreferrer noopener\" href=\"https:\/\/ccfr.bnf.fr\/portailccfr\/jsp\/index_view_direct_anonymous.jsp?record=eadcgm:EADC:D07A11661\" data-type=\"link\" data-id=\"https:\/\/ccfr.bnf.fr\/portailccfr\/jsp\/index_view_direct_anonymous.jsp?record=eadcgm:EADC:D07A10091\" target=\"_blank\"><em>Histoire scholastique <\/em>de Pierre le Mangeur<\/a> (vers 1180-1190, ms. 460), et un <a href=\"https:\/\/ccfr.bnf.fr\/portailccfr\/jsp\/index_view_direct_anonymous.jsp?record=eadcgm:EADC:D07A10091\" data-type=\"link\" data-id=\"https:\/\/ccfr.bnf.fr\/portailccfr\/jsp\/index_view_direct_anonymous.jsp?record=eadcgm:EADC:D07A10091\">Commentaire sur les Psaumes de Pierre Lombard<\/a> (vers 1160-1190). Le reste du corpus date principalement du 13<sup>e<\/sup> et du 14<sup>e <\/sup>si\u00e8cle (respectivement 37 et 46 exemplaires conserv\u00e9s), en lien avec la p\u00e9riode faste du couvent toulousain, en terme de revenu et de fr\u00e8res pr\u00e9sents dans le couvent. Pour le 15<sup>e<\/sup>  et 16<sup>e<\/sup> si\u00e8cle, les fr\u00e8res ont gard\u00e9 respectivement 13 et 5 volumes. <\/p>\n\n\n\n<p>De cette collection, il ressort que les fr\u00e8res ont choisi de garder trois types de livres : <\/p>\n\n\n\n<ul class=\"wp-block-list\">\n<li><strong>Les livres les plus beaux<\/strong>. Richement enlumin\u00e9s, reli\u00e9s avec soin, la valeur esth\u00e9tique (et peut-\u00eatre aussi marchande) de ces livres leur a visiblement garanti une conservation soigneuse des fr\u00e8res. C&rsquo;est particuli\u00e8rement le cas des livres liturgiques, rapidement d\u00e9pass\u00e9s dans leur contenu, et pourtant pr\u00e9cieusement conserv\u00e9s. On pense notamment aux deux missels des Dominicains de Toulouse, enlumin\u00e9s, l&rsquo;un \u00e0 la fin du 13<sup>e<\/sup> si\u00e8cle (<a href=\"https:\/\/ccfr.bnf.fr\/portailccfr\/jsp\/index_view_direct_anonymous.jsp?record=eadcgm:EADC:D07A10290\">Toulouse, BM, ms. 103<\/a>), l&rsquo;autre au d\u00e9but du 16<sup>e<\/sup> si\u00e8cle (<a href=\"https:\/\/ccfr.bnf.fr\/portailccfr\/jsp\/index_view_direct_anonymous.jsp?record=eadcgm:EADC:D07A10280\">Toulouse, BM, ms. 96<\/a>). C&rsquo;est aussi le cas d&rsquo;une <em>Somme<\/em> de Thomas d&rsquo;Aquin copi\u00e9e en 1465 et richement enlumin\u00e9e (<a rel=\"noreferrer noopener\" href=\"https:\/\/ccfr.bnf.fr\/portailccfr\/jsp\/index_view_direct_anonymous.jsp?record=eadcgm:EADC:D07A10942\" target=\"_blank\">Toulouse, BM, ms. 214<\/a>), rare exemplaire conserv\u00e9 de l\u2019\u0153uvre de Thomas d&rsquo;Aquin dans cette biblioth\u00e8que qui devait pourtant avoir plus d&rsquo;un exemplaire de l\u2019\u0153uvre du \u00ab\u00a0docteur ang\u00e9lique\u00a0\u00bb pendant le Moyen \u00c2ge.<\/li>\n<\/ul>\n\n\n<div class=\"wp-block-image is-style-rounded\">\n<figure class=\"aligncenter size-full is-resized\"><img loading=\"lazy\" decoding=\"async\" width=\"772\" height=\"555\" src=\"https:\/\/expo.rosalis.bibliotheque.toulouse.fr\/la-bibliotheque-evaporee\/wp-content\/uploads\/sites\/10\/2023\/12\/ff.png\" alt=\"\" class=\"wp-image-678\" style=\"width:579px;height:416px\" srcset=\"https:\/\/expo.rosalis.bibliotheque.toulouse.fr\/la-bibliotheque-evaporee\/wp-content\/uploads\/sites\/10\/2023\/12\/ff.png 772w, https:\/\/expo.rosalis.bibliotheque.toulouse.fr\/la-bibliotheque-evaporee\/wp-content\/uploads\/sites\/10\/2023\/12\/ff-300x216.png 300w, https:\/\/expo.rosalis.bibliotheque.toulouse.fr\/la-bibliotheque-evaporee\/wp-content\/uploads\/sites\/10\/2023\/12\/ff-768x552.png 768w\" sizes=\"auto, (max-width: 772px) 100vw, 772px\" \/><figcaption class=\"wp-element-caption\">Commentaire sur les Psaumes de Pierre Lombard (Toulouse, BM, ms. 33, f. 1r)<\/figcaption><\/figure>\n<\/div>\n\n\n<div style=\"height:14px\" aria-hidden=\"true\" class=\"wp-block-spacer\"><\/div>\n\n\n\n<ul class=\"wp-block-list\">\n<li><strong>Les livres attach\u00e9s aux figures du couvent et \u00e0 l&rsquo;histoire de l&rsquo;ordre.<\/strong> La pr\u00e9dominance des 13<sup>e<\/sup> et 14<sup>e<\/sup> si\u00e8cle semble li\u00e9e au fait qu&rsquo;il s&rsquo;agit de l&rsquo;\u00e2ge d&rsquo;or du couvent, qui voit la fondation-m\u00eame de l&rsquo;ordre et la cr\u00e9ation \u00e0 Toulouse du tout premier couvent de fr\u00e8res Pr\u00eacheurs. Les livres conserv\u00e9s pour cette p\u00e9riode font office de preuves, de t\u00e9moignages mat\u00e9riels sur cette p\u00e9riode, qui baigne dans l&rsquo;aura de Dominique et de ses disciples. C&rsquo;est clairement le cas des livres \u00e9crits et donn\u00e9s au couvent par <a rel=\"noreferrer noopener\" href=\"https:\/\/expo.rosalis.bibliotheque.toulouse.fr\/la-bibliotheque-evaporee\/les-bienfaiteurs\/bernard-gui\/\" target=\"_blank\">Bernard Gui<\/a> (mort en 1331), <a rel=\"noreferrer noopener\" href=\"https:\/\/expo.rosalis.bibliotheque.toulouse.fr\/la-bibliotheque-evaporee\/les-bienfaiteurs\/dominique-grima\/\" target=\"_blank\">Dominique Grima<\/a> (mort en 1347) ou Arnaud Bernard (mort en 1397), tous fr\u00e8res du couvent de Toulouse. La collection de dix manuscrits offerte par <a rel=\"noreferrer noopener\" href=\"https:\/\/expo.rosalis.bibliotheque.toulouse.fr\/la-bibliotheque-evaporee\/les-bienfaiteurs\/bernard-de-castanet\/\" target=\"_blank\">Bernard de Castanet<\/a>, \u00e9v\u00eaque d&rsquo;Albi (mort en 1317) participe \u00e9galement du m\u00eame ph\u00e9nom\u00e8ne, tout comme le volume de la grande enqu\u00eate inquisitoriale de 1245-1246 (<a href=\"https:\/\/ccfr.bnf.fr\/portailccfr\/jsp\/index_view_direct_anonymous.jsp?record=eadcgm:EADC:D07A12268\">Toulouse, BM, ms. 609<\/a>), rescap\u00e9e des archives de l&rsquo;inquisition. <\/li>\n<\/ul>\n\n\n<div class=\"wp-block-image is-style-rounded\">\n<figure class=\"aligncenter size-large is-resized\"><img loading=\"lazy\" decoding=\"async\" width=\"1024\" height=\"726\" src=\"https:\/\/expo.rosalis.bibliotheque.toulouse.fr\/la-bibliotheque-evaporee\/wp-content\/uploads\/sites\/10\/2024\/03\/B315556101_MS_000057_0002-1024x726.jpg\" alt=\"\" class=\"wp-image-1164\" style=\"width:644px;height:456px\" srcset=\"https:\/\/expo.rosalis.bibliotheque.toulouse.fr\/la-bibliotheque-evaporee\/wp-content\/uploads\/sites\/10\/2024\/03\/B315556101_MS_000057_0002-1024x726.jpg 1024w, https:\/\/expo.rosalis.bibliotheque.toulouse.fr\/la-bibliotheque-evaporee\/wp-content\/uploads\/sites\/10\/2024\/03\/B315556101_MS_000057_0002-300x213.jpg 300w, https:\/\/expo.rosalis.bibliotheque.toulouse.fr\/la-bibliotheque-evaporee\/wp-content\/uploads\/sites\/10\/2024\/03\/B315556101_MS_000057_0002-768x545.jpg 768w, https:\/\/expo.rosalis.bibliotheque.toulouse.fr\/la-bibliotheque-evaporee\/wp-content\/uploads\/sites\/10\/2024\/03\/B315556101_MS_000057_0002-1536x1089.jpg 1536w, https:\/\/expo.rosalis.bibliotheque.toulouse.fr\/la-bibliotheque-evaporee\/wp-content\/uploads\/sites\/10\/2024\/03\/B315556101_MS_000057_0002-2048x1452.jpg 2048w, https:\/\/expo.rosalis.bibliotheque.toulouse.fr\/la-bibliotheque-evaporee\/wp-content\/uploads\/sites\/10\/2024\/03\/B315556101_MS_000057_0002-1400x993.jpg 1400w\" sizes=\"auto, (max-width: 1024px) 100vw, 1024px\" \/><figcaption class=\"wp-element-caption\">Arnaud Bernard, Dominicain du couvent de Cahors et Toulouse, enseignant son commentaire sur l&rsquo;Apocalypse (Toulouse, BM, ms. 57, f. 5r). Manuscrit fait \u00e0 Toulouse entre 1379 et 1397.<\/figcaption><\/figure>\n<\/div>\n\n\n<ul class=\"wp-block-list\">\n<li><strong>Les \u0153uvres rares<\/strong>. La biblioth\u00e8que du couvent poss\u00e8de quelques<em> unica<\/em>, c&rsquo;est \u00e0 dire des livres contenant des textes connus via ces seuls exemplaires. C&rsquo;est le cas du<em><a rel=\"noreferrer noopener\" href=\"https:\/\/ccfr.bnf.fr\/portailccfr\/jsp\/index_view_direct_anonymous.jsp?record=eadcgm:EADC:D07A11597\" target=\"_blank\"> Livre pour l&rsquo;instruction et la consolation des novices<\/a><\/em>, remarquable manuel illustr\u00e9, \u00e9crit par un fr\u00e8re de Toulouse, vers 1280-1300 pour accompagner les novices dans leur vocation. Les Dominicains ont \u00e9galement gard\u00e9 une \u00e9tonnante <a rel=\"noreferrer noopener\" href=\"https:\/\/ccfr.bnf.fr\/portailccfr\/jsp\/index_view_direct_anonymous.jsp?record=eadcgm:EADC:D07A10107\" target=\"_blank\">table alphab\u00e9tique<\/a> de la Cha\u00eene dor\u00e9e de Thomas d&rsquo;Aquin, provenant peut-\u00eatre du couvent et copi\u00e9 au milieu du 14<sup>e<\/sup> si\u00e8cle, un<a rel=\"noreferrer noopener\" href=\"https:\/\/ccfr.bnf.fr\/portailccfr\/jsp\/index_view_direct_anonymous.jsp?record=eadcgm:EADC:D07A11289\" target=\"_blank\"> recueil de sermons<\/a> in\u00e9dits \u00e9crits par des fr\u00e8res anglais \u00e0 la fin du 14<sup>e<\/sup> si\u00e8cle ou encore le <a rel=\"noreferrer noopener\" href=\"https:\/\/ccfr.bnf.fr\/portailccfr\/jsp\/index_view_direct_anonymous.jsp?record=eadcgm:EADC:D07A12269\" target=\"_blank\">recueil sur la translation du corps de Thomas d&rsquo;Aquin<\/a> \u00e0 Toulouse copi\u00e9 vers 1400 et qui concernait les Jacobins au premier chef ! A l&rsquo;\u00e9poque moderne, on constate qu&rsquo;ils conservent aussi un travail manuscrit sur les <a href=\"https:\/\/ccfr.bnf.fr\/portailccfr\/jsp\/index_view_direct_anonymous.jsp?record=eadcgm:EADC:D07A12742\">Annales de Toulouse<\/a> copi\u00e9 en 1637, et une \u00e9tonnante <em>exposition sur les Ep\u00eetres de Paul<\/em> <em>dans l\u2019\u0153uvre de saint Augustin <\/em>par Florus de Lyon, copie de 1693 qui poss\u00e8de <a rel=\"noreferrer noopener\" href=\"https:\/\/florus.hypotheses.org\/1630\" target=\"_blank\">le premier index th\u00e9matique<\/a> connu de cette \u0153uvre. <\/li>\n<\/ul>\n\n\n\n<figure class=\"wp-block-image size-large is-style-rounded\"><img loading=\"lazy\" decoding=\"async\" width=\"1024\" height=\"768\" src=\"https:\/\/expo.rosalis.bibliotheque.toulouse.fr\/la-bibliotheque-evaporee\/wp-content\/uploads\/sites\/10\/2024\/03\/53v-1024x768.jpg\" alt=\"\" class=\"wp-image-1185\" srcset=\"https:\/\/expo.rosalis.bibliotheque.toulouse.fr\/la-bibliotheque-evaporee\/wp-content\/uploads\/sites\/10\/2024\/03\/53v-1024x768.jpg 1024w, https:\/\/expo.rosalis.bibliotheque.toulouse.fr\/la-bibliotheque-evaporee\/wp-content\/uploads\/sites\/10\/2024\/03\/53v-300x225.jpg 300w, https:\/\/expo.rosalis.bibliotheque.toulouse.fr\/la-bibliotheque-evaporee\/wp-content\/uploads\/sites\/10\/2024\/03\/53v-768x576.jpg 768w, https:\/\/expo.rosalis.bibliotheque.toulouse.fr\/la-bibliotheque-evaporee\/wp-content\/uploads\/sites\/10\/2024\/03\/53v-1536x1152.jpg 1536w, https:\/\/expo.rosalis.bibliotheque.toulouse.fr\/la-bibliotheque-evaporee\/wp-content\/uploads\/sites\/10\/2024\/03\/53v-2048x1536.jpg 2048w, https:\/\/expo.rosalis.bibliotheque.toulouse.fr\/la-bibliotheque-evaporee\/wp-content\/uploads\/sites\/10\/2024\/03\/53v-1400x1050.jpg 1400w\" sizes=\"auto, (max-width: 1024px) 100vw, 1024px\" \/><figcaption class=\"wp-element-caption\">Un Dominicain en pri\u00e8res dans le <em>Manuel de consolation des novices<\/em> (Toulouse, BM, ms. 418, f. 53v).<\/figcaption><\/figure>\n\n\n\n<p>Bien s\u00fbr plusieurs manuscrits combinent parfois deux ou trois de ces crit\u00e8res &#8211; beaut\u00e9 de l&rsquo;enluminure, lien avec l&rsquo;histoire du couvent, texte in\u00e9dit &#8211; ce qui les a rendu encore plus estimable aux yeux des fr\u00e8res, et a permis leur conservation sur la longue dur\u00e9e. <\/p>\n\n\n\n<div style=\"height:15px\" aria-hidden=\"true\" class=\"wp-block-spacer\"><\/div>\n\n\n\n<h2 class=\"wp-block-heading\">Ce qui a \u00e9t\u00e9 dispers\u00e9  <\/h2>\n\n\n\n<div style=\"height:28px\" aria-hidden=\"true\" class=\"wp-block-spacer\"><\/div>\n\n\n\n<div class=\"wp-block-buttons is-layout-flex wp-block-buttons-is-layout-flex\">\n<div class=\"wp-block-button\"><a class=\"wp-block-button__link wp-element-button\" href=\"https:\/\/expo.rosalis.bibliotheque.toulouse.fr\/la-bibliotheque-evaporee\/wp-content\/uploads\/sites\/10\/2024\/03\/liste-des-manuscrits-en-dehors-de-la-BM.pdf\" target=\"_blank\" rel=\"noreferrer noopener\">Liste des manuscrits dominicains conserv\u00e9s hors de la Biblioth\u00e8que municipale de Toulouse (PDF)<\/a><\/div>\n<\/div>\n\n\n\n<p><\/p>\n\n\n\n<p>Rares sont les manuscrits des Dominicains conserv\u00e9s en dehors de la Biblioth\u00e8que municipale de Toulouse. Plusieurs ouvrages cit\u00e9s dans la liste ci-dessus, sont en fait \u00ab\u00a0associ\u00e9s\u00a0\u00bb au couvent des Jacobins, sans que l&rsquo;on puisse prouver qu&rsquo;ils en ont fait partie \u00e0 un moment ou \u00e0 un autre. <\/p>\n\n\n\n<p><\/p>\n\n\n\n<p>En plus du glossaire latin de Papias r\u00e9cup\u00e9r\u00e9 par Colbert au 17<sup>e<\/sup> si\u00e8cle (voir le chapitre<a rel=\"noreferrer noopener\" href=\"https:\/\/expo.rosalis.bibliotheque.toulouse.fr\/la-bibliotheque-evaporee\/chapitre\/catalogues-pre-revolutionnaire\/\" target=\"_blank\"> Liste et catalogues pr\u00e9-r\u00e9volutionnaires<\/a>), un manuscrit majeur pour l&rsquo;histoire de l&rsquo;ordre se trouve d\u00e9sormais \u00e0 la British Library. En effet, comme vient de le montrer Innocent Smith, plusieurs indices concordants permettent de prouver que le fameux <em>exemplar<\/em> de la liturgie dominicaine conserv\u00e9 \u00e0 Londres depuis son acquisition en 1860 (British Library, ms. Add. 23935) semble bien venir du couvent des Dominicains de Toulouse. <\/p>\n\n\n\n<p>Con\u00e7u par et pour le ma\u00eetre g\u00e9n\u00e9ral de l&rsquo;ordre, Humbert de Romans, vers 1260, pour contenir en un seul petit volume transportable toute la liturgie dominicaine nouvellement unifi\u00e9e, ce livre crucial pour l&rsquo;histoire liturgique des Fr\u00e8res Pr\u00eacheurs se trouvait au couvent de Toulouse au moins depuis le milieu du 16<sup>e<\/sup> si\u00e8cle, date \u00e0 laquelle il est inventori\u00e9 dans la sacristie ; et il y reste au moins jusqu&rsquo;au d\u00e9but du 18<sup>e<\/sup> si\u00e8cle, puisqu&rsquo;il est signal\u00e9 comme \u00e9tant \u00e0 Toulouse par Qu\u00e9tif et Echard en 1719. <\/p>\n\n\n\n<p>Ces quelques rares exemplaires conserv\u00e9s ailleurs prouvent que m\u00eame les pi\u00e8ces les plus cruciales pour l&rsquo;histoire de l&rsquo;ordre des Dominicains ne furent pas \u00e9pargn\u00e9es par le ph\u00e9nom\u00e8ne \u00ab\u00a0d&rsquo;\u00e9vaporation\u00a0\u00bb des livres de la biblioth\u00e8que, et ce avant m\u00eame la R\u00e9volution fran\u00e7aise. <\/p>\n\n\n\n<hr class=\"wp-block-separator has-alpha-channel-opacity\"\/>\n\n\n\n<h3 class=\"wp-block-heading\">Bibliographie<\/h3>\n\n\n\n<div style=\"height:19px\" aria-hidden=\"true\" class=\"wp-block-spacer\"><\/div>\n\n\n\n<p>Martin Morard, \u00ab&nbsp;La biblioth\u00e8que \u00e9vapor\u00e9e. Livres et manuscrits des dominicains de Toulouse (1215-1840)&nbsp;\u00bb, <em>Entre stabilit\u00e9 et itin\u00e9rance. Livres et culture des ordres mendiants, XIII<sup>e<\/sup>-XIV<sup>e <\/sup>si\u00e8cle, <\/em>Brepols, Turnhout, 2014, p. 73-128.<\/p>\n\n\n\n<p>\u00c9milie Nadal, \u00ab&nbsp;\u00ab Catalogue de l&rsquo;exposition Manuscrits m\u00e9di\u00e9vaux des dominicains de Toulouse. M\u00e9moire d&rsquo;une biblioth\u00e8que&nbsp;\u00bb, dans \u00c9milie Nadal, Magali V\u00e8ne (dir.), <em>La Biblioth\u00e8que des Dominicains de Toulouse, <\/em>Toulouse, PUM, 2020, p. 150 et suivantes.<\/p>\n\n\n\n<p><strong>Sur l&rsquo;<em>exemplar<\/em> d&rsquo;Humbert de Romans<\/strong> :<\/p>\n\n\n\n<p>Innocent Smith, \u00ab\u00a0The Toulouse Exemplar of the Dominican Liturgy: a note on the provenance of London, British Library, Add. Ms. 23935\u00a0\u00bb, <em>The Library<\/em>, vol. 26, mars 2025, p 26-37.<\/p>\n\n\n\n<p><\/p>\n\n\n\n<p><\/p>\n\n\n\n<p><\/p>\n\n\n\n<p><\/p>\n\n\n\n<p><\/p>\n\n\n\n<p><\/p>\n\n\n\n<hr class=\"wp-block-separator has-alpha-channel-opacity\"\/>\n\n\n\n<hr class=\"wp-block-separator has-alpha-channel-opacity\"\/>\n","protected":false},"excerpt":{"rendered":"<p>La biblioth\u00e8que municipale conserve 132 manuscrits provenant de la biblioth\u00e8ques des Dominicains de Toulouse, 98 pour le Moyen \u00c2ge, 34 pour la p\u00e9riode moderne. Ce qui a \u00e9t\u00e9 gard\u00e9 Les 98 manuscrits du Moyen \u00c2ge conserv\u00e9s ne constituent pas un arr\u00eat sur image de l&rsquo;\u00e9tat de la biblioth\u00e8que des Dominicains de Toulouse \u00e0 la fin [&hellip;]<\/p>\n","protected":false},"author":4,"featured_media":1234,"parent":437,"menu_order":3,"comment_status":"closed","ping_status":"closed","template":"","meta":{"footnotes":""},"class_list":["post-439","page","type-page","status-publish","has-post-thumbnail","hentry"],"_links":{"self":[{"href":"https:\/\/expo.rosalis.bibliotheque.toulouse.fr\/la-bibliotheque-evaporee\/wp-json\/wp\/v2\/pages\/439","targetHints":{"allow":["GET"]}}],"collection":[{"href":"https:\/\/expo.rosalis.bibliotheque.toulouse.fr\/la-bibliotheque-evaporee\/wp-json\/wp\/v2\/pages"}],"about":[{"href":"https:\/\/expo.rosalis.bibliotheque.toulouse.fr\/la-bibliotheque-evaporee\/wp-json\/wp\/v2\/types\/page"}],"author":[{"embeddable":true,"href":"https:\/\/expo.rosalis.bibliotheque.toulouse.fr\/la-bibliotheque-evaporee\/wp-json\/wp\/v2\/users\/4"}],"replies":[{"embeddable":true,"href":"https:\/\/expo.rosalis.bibliotheque.toulouse.fr\/la-bibliotheque-evaporee\/wp-json\/wp\/v2\/comments?post=439"}],"version-history":[{"count":108,"href":"https:\/\/expo.rosalis.bibliotheque.toulouse.fr\/la-bibliotheque-evaporee\/wp-json\/wp\/v2\/pages\/439\/revisions"}],"predecessor-version":[{"id":1655,"href":"https:\/\/expo.rosalis.bibliotheque.toulouse.fr\/la-bibliotheque-evaporee\/wp-json\/wp\/v2\/pages\/439\/revisions\/1655"}],"up":[{"embeddable":true,"href":"https:\/\/expo.rosalis.bibliotheque.toulouse.fr\/la-bibliotheque-evaporee\/wp-json\/wp\/v2\/pages\/437"}],"wp:featuredmedia":[{"embeddable":true,"href":"https:\/\/expo.rosalis.bibliotheque.toulouse.fr\/la-bibliotheque-evaporee\/wp-json\/wp\/v2\/media\/1234"}],"wp:attachment":[{"href":"https:\/\/expo.rosalis.bibliotheque.toulouse.fr\/la-bibliotheque-evaporee\/wp-json\/wp\/v2\/media?parent=439"}],"curies":[{"name":"wp","href":"https:\/\/api.w.org\/{rel}","templated":true}]}}