{"id":437,"date":"2023-10-11T16:29:52","date_gmt":"2023-10-11T14:29:52","guid":{"rendered":"https:\/\/expo.rosalis.bibliotheque.toulouse.fr\/la-bibliotheque-evaporee\/?page_id=437"},"modified":"2024-10-22T16:43:02","modified_gmt":"2024-10-22T14:43:02","slug":"les-livres","status":"publish","type":"page","link":"https:\/\/expo.rosalis.bibliotheque.toulouse.fr\/la-bibliotheque-evaporee\/les-livres\/","title":{"rendered":"Les livres des Dominicains"},"content":{"rendered":"\n<p>Le plus vieux livre associ\u00e9 \u00e0 la biblioth\u00e8que des Dominicains de Toulouse est un fragment de Bible du 9<sup>e<\/sup> si\u00e8cle, recycl\u00e9 dans la reliure d&rsquo;un <a rel=\"noreferrer noopener\" href=\"https:\/\/ccfr.bnf.fr\/portailccfr\/jsp\/index_view_direct_anonymous.jsp?record=eadcgm:EADC:D07A10091\" target=\"_blank\">manuscrit du 13<sup>e<\/sup> si\u00e8cle<\/a>. Le plus r\u00e9cent est un imprim\u00e9 de 1783, intitul\u00e9 fort \u00e0 propos <em><a rel=\"noreferrer noopener\" href=\"http:\/\/catalogues.toulouse.fr\/web2\/tramp2.exe\/do_keyword_search\/log_in?setting_key=BMT1&amp;servers=1home&amp;query=04-0010322&amp;screen=hitlist.html\" target=\"_blank\">De la mani\u00e8re d&rsquo;\u00e9crire l&rsquo;histoire<\/a><\/em>. Entre les deux, 132 manuscrits et 1430 imprim\u00e9s sont tout ce qui reste d&rsquo;une collection qui fut largement dispers\u00e9e par le temps et les usages qu&rsquo;en firent les Dominicains. <\/p>\n\n\n\n<div style=\"height:44px\" aria-hidden=\"true\" class=\"wp-block-spacer\"><\/div>\n\n\n\n<hr class=\"wp-block-separator has-alpha-channel-opacity\"\/>\n","protected":false},"excerpt":{"rendered":"<p>Le plus vieux livre associ\u00e9 \u00e0 la biblioth\u00e8que des Dominicains de Toulouse est un fragment de Bible du 9e si\u00e8cle, recycl\u00e9 dans la reliure d&rsquo;un manuscrit du 13e si\u00e8cle. Le plus r\u00e9cent est un imprim\u00e9 de 1783, intitul\u00e9 fort \u00e0 propos De la mani\u00e8re d&rsquo;\u00e9crire l&rsquo;histoire. Entre les deux, 132 manuscrits et 1430 imprim\u00e9s sont [&hellip;]<\/p>\n","protected":false},"author":4,"featured_media":1064,"parent":0,"menu_order":2,"comment_status":"closed","ping_status":"closed","template":"","meta":{"footnotes":""},"class_list":["post-437","page","type-page","status-publish","has-post-thumbnail","hentry"],"_links":{"self":[{"href":"https:\/\/expo.rosalis.bibliotheque.toulouse.fr\/la-bibliotheque-evaporee\/wp-json\/wp\/v2\/pages\/437","targetHints":{"allow":["GET"]}}],"collection":[{"href":"https:\/\/expo.rosalis.bibliotheque.toulouse.fr\/la-bibliotheque-evaporee\/wp-json\/wp\/v2\/pages"}],"about":[{"href":"https:\/\/expo.rosalis.bibliotheque.toulouse.fr\/la-bibliotheque-evaporee\/wp-json\/wp\/v2\/types\/page"}],"author":[{"embeddable":true,"href":"https:\/\/expo.rosalis.bibliotheque.toulouse.fr\/la-bibliotheque-evaporee\/wp-json\/wp\/v2\/users\/4"}],"replies":[{"embeddable":true,"href":"https:\/\/expo.rosalis.bibliotheque.toulouse.fr\/la-bibliotheque-evaporee\/wp-json\/wp\/v2\/comments?post=437"}],"version-history":[{"count":16,"href":"https:\/\/expo.rosalis.bibliotheque.toulouse.fr\/la-bibliotheque-evaporee\/wp-json\/wp\/v2\/pages\/437\/revisions"}],"predecessor-version":[{"id":1639,"href":"https:\/\/expo.rosalis.bibliotheque.toulouse.fr\/la-bibliotheque-evaporee\/wp-json\/wp\/v2\/pages\/437\/revisions\/1639"}],"wp:featuredmedia":[{"embeddable":true,"href":"https:\/\/expo.rosalis.bibliotheque.toulouse.fr\/la-bibliotheque-evaporee\/wp-json\/wp\/v2\/media\/1064"}],"wp:attachment":[{"href":"https:\/\/expo.rosalis.bibliotheque.toulouse.fr\/la-bibliotheque-evaporee\/wp-json\/wp\/v2\/media?parent=437"}],"curies":[{"name":"wp","href":"https:\/\/api.w.org\/{rel}","templated":true}]}}