{"id":1556,"date":"2024-10-22T15:05:07","date_gmt":"2024-10-22T13:05:07","guid":{"rendered":"https:\/\/expo.rosalis.bibliotheque.toulouse.fr\/la-bibliotheque-evaporee\/?page_id=1556"},"modified":"2025-01-15T10:10:52","modified_gmt":"2025-01-15T09:10:52","slug":"credits-2","status":"publish","type":"page","link":"https:\/\/expo.rosalis.bibliotheque.toulouse.fr\/la-bibliotheque-evaporee\/credits-2\/","title":{"rendered":"Gen\u00e8se du projet"},"content":{"rendered":"\n<p>Ce site pr\u00e9sente les r\u00e9sultats de quatre ann\u00e9es de travail sur la biblioth\u00e8que ancienne du couvent des Dominicains de Toulouse. <\/p>\n\n\n\n<p>Entrepris par la Biblioth\u00e8que d&rsquo;\u00e9tude et du patrimoine de Toulouse \u00e0 partir de 2016 \u00e0 l\u2019occasion des c\u00e9l\u00e9brations du huiti\u00e8me centenaire de la fondation de l&rsquo;ordre des Dominicains \u00e0 Toulouse, le projet a \u00e9t\u00e9 soutenu par le Minist\u00e8re de la culture, dans le cadre de l&rsquo;appel \u00e0 projet du Patrimoine \u00e9crit 2015, puis \u00e0 partir de 2016, et pendant trois ann\u00e9es cons\u00e9cutives, par le programme <a href=\"https:\/\/projet.biblissima.fr\/\" data-type=\"link\" data-id=\"https:\/\/projet.biblissima.fr\/\" target=\"_blank\" rel=\"noreferrer noopener\">Biblissima<\/a>. <\/p>\n\n\n\n<figure class=\"wp-block-image size-large is-resized\"><img loading=\"lazy\" decoding=\"async\" src=\"https:\/\/projet.biblissima.fr\/sites\/default\/files\/logos\/biblissima-baseline-sombre-france2030.png\" alt=\"\" style=\"width:201px;height:83px\" width=\"201\" height=\"83\"\/><\/figure>\n\n\n\n<p>Le travail d&rsquo;identification et d&rsquo;analyse scientifique pr\u00e9sent\u00e9 ici, s&rsquo;est accompagn\u00e9 d&rsquo;une exposition <em>Manuscrits m\u00e9di\u00e9vaux des dominicains de Toulouse : m\u00e9moire d&rsquo;une biblioth\u00e8que<\/em>, qui s&rsquo;est tenue \u00e0 la Biblioth\u00e8que d&rsquo;\u00e9tude et du patrimoine du 15 novembre 2016 au 28 janvier 2017 et de deux journ\u00e9es d&rsquo;\u00e9tudes les 13 et 14 janvier 2017.<\/p>\n\n\n\n<ul class=\"wp-block-list\">\n<li>Livret de l&rsquo;exposition en <a rel=\"noreferrer noopener\" href=\"https:\/\/expo.rosalis.bibliotheque.toulouse.fr\/la-bibliotheque-evaporee\/wp-content\/uploads\/sites\/10\/2024\/10\/NADAL-Livret-exposition.pdf\" target=\"_blank\">PDF<\/a><\/li>\n\n\n\n<li>Programme des journ\u00e9es d&rsquo;\u00e9tudes en  <a rel=\"noreferrer noopener\" href=\"https:\/\/expo.rosalis.bibliotheque.toulouse.fr\/la-bibliotheque-evaporee\/wp-content\/uploads\/sites\/10\/2024\/10\/livret-journees-etudes.pdf\" target=\"_blank\">PDF<\/a>.<\/li>\n<\/ul>\n\n\n\n            <\/div>\n        <\/div>\n        <div class=\"row no-gutters\">\n            <div class=\"col-12\">\n    <div class=\"row\"><div class=\"col-12 col-md-8 offset-md-2 no-mobile-padding\">\n<figure class=\"wp-block-gallery has-nested-images columns-default is-cropped wp-block-gallery-1 is-layout-flex wp-block-gallery-is-layout-flex\">\n<figure class=\"wp-block-image size-large\"><img loading=\"lazy\" decoding=\"async\" width=\"1024\" height=\"776\" data-id=\"1622\" src=\"https:\/\/expo.rosalis.bibliotheque.toulouse.fr\/la-bibliotheque-evaporee\/wp-content\/uploads\/sites\/10\/2024\/10\/P1010112-1-1024x776.jpg\" alt=\"\" class=\"wp-image-1622\" srcset=\"https:\/\/expo.rosalis.bibliotheque.toulouse.fr\/la-bibliotheque-evaporee\/wp-content\/uploads\/sites\/10\/2024\/10\/P1010112-1-1024x776.jpg 1024w, https:\/\/expo.rosalis.bibliotheque.toulouse.fr\/la-bibliotheque-evaporee\/wp-content\/uploads\/sites\/10\/2024\/10\/P1010112-1-300x227.jpg 300w, https:\/\/expo.rosalis.bibliotheque.toulouse.fr\/la-bibliotheque-evaporee\/wp-content\/uploads\/sites\/10\/2024\/10\/P1010112-1-768x582.jpg 768w, https:\/\/expo.rosalis.bibliotheque.toulouse.fr\/la-bibliotheque-evaporee\/wp-content\/uploads\/sites\/10\/2024\/10\/P1010112-1-1536x1164.jpg 1536w, https:\/\/expo.rosalis.bibliotheque.toulouse.fr\/la-bibliotheque-evaporee\/wp-content\/uploads\/sites\/10\/2024\/10\/P1010112-1-1400x1061.jpg 1400w, https:\/\/expo.rosalis.bibliotheque.toulouse.fr\/la-bibliotheque-evaporee\/wp-content\/uploads\/sites\/10\/2024\/10\/P1010112-1.jpg 1650w\" sizes=\"auto, (max-width: 1024px) 100vw, 1024px\" \/><\/figure>\n\n\n\n<figure class=\"wp-block-image size-large\"><img loading=\"lazy\" decoding=\"async\" width=\"1024\" height=\"776\" data-id=\"1623\" src=\"https:\/\/expo.rosalis.bibliotheque.toulouse.fr\/la-bibliotheque-evaporee\/wp-content\/uploads\/sites\/10\/2024\/10\/P1010115-1-1024x776.jpg\" alt=\"\" class=\"wp-image-1623\" srcset=\"https:\/\/expo.rosalis.bibliotheque.toulouse.fr\/la-bibliotheque-evaporee\/wp-content\/uploads\/sites\/10\/2024\/10\/P1010115-1-1024x776.jpg 1024w, https:\/\/expo.rosalis.bibliotheque.toulouse.fr\/la-bibliotheque-evaporee\/wp-content\/uploads\/sites\/10\/2024\/10\/P1010115-1-300x227.jpg 300w, https:\/\/expo.rosalis.bibliotheque.toulouse.fr\/la-bibliotheque-evaporee\/wp-content\/uploads\/sites\/10\/2024\/10\/P1010115-1-768x582.jpg 768w, https:\/\/expo.rosalis.bibliotheque.toulouse.fr\/la-bibliotheque-evaporee\/wp-content\/uploads\/sites\/10\/2024\/10\/P1010115-1-1536x1164.jpg 1536w, https:\/\/expo.rosalis.bibliotheque.toulouse.fr\/la-bibliotheque-evaporee\/wp-content\/uploads\/sites\/10\/2024\/10\/P1010115-1-1400x1061.jpg 1400w, https:\/\/expo.rosalis.bibliotheque.toulouse.fr\/la-bibliotheque-evaporee\/wp-content\/uploads\/sites\/10\/2024\/10\/P1010115-1.jpg 1650w\" sizes=\"auto, (max-width: 1024px) 100vw, 1024px\" \/><\/figure>\n<\/figure>\n<\/div><\/div>\n        <\/div>\n    <\/div>\n    <div class=\"row\">\n        <div class=\"col-12 offset-0 col-lg-8 offset-lg-2 col-xl-6 offset-xl-3\">\n\n\n<p>Les actes des journ\u00e9es et le catalogue de l&rsquo;exposition ont \u00e9t\u00e9 publi\u00e9s dans un volume paru en  2017 intitul\u00e9 <em>La biblioth\u00e8que des dominicains de Toulouse<\/em>, sous la direction d\u2019\u00c9milie Nadal et Magali V\u00e8ne, aux Presses universitaires du Midi (<a href=\"https:\/\/expo.rosalis.bibliotheque.toulouse.fr\/la-bibliotheque-evaporee\/wp-content\/uploads\/sites\/10\/2024\/10\/interieur_BibliDominicains_HD-1_page-0001.jpg\" data-type=\"link\" data-id=\"https:\/\/expo.rosalis.bibliotheque.toulouse.fr\/la-bibliotheque-evaporee\/wp-content\/uploads\/sites\/10\/2024\/10\/interieur_BibliDominicains_HD-1_page-0001.jpg\" target=\"_blank\" rel=\"noreferrer noopener\">table des mati\u00e8res<\/a>).<\/p>\n\n\n\n<p><\/p>\n","protected":false},"excerpt":{"rendered":"<p>Ce site pr\u00e9sente les r\u00e9sultats de quatre ann\u00e9es de travail sur la biblioth\u00e8que ancienne du couvent des Dominicains de Toulouse. Entrepris par la Biblioth\u00e8que d&rsquo;\u00e9tude et du patrimoine de Toulouse \u00e0 partir de 2016 \u00e0 l\u2019occasion des c\u00e9l\u00e9brations du huiti\u00e8me centenaire de la fondation de l&rsquo;ordre des Dominicains \u00e0 Toulouse, le projet a \u00e9t\u00e9 soutenu [&hellip;]<\/p>\n","protected":false},"author":4,"featured_media":1630,"parent":0,"menu_order":1,"comment_status":"closed","ping_status":"closed","template":"","meta":{"footnotes":""},"class_list":["post-1556","page","type-page","status-publish","has-post-thumbnail","hentry"],"_links":{"self":[{"href":"https:\/\/expo.rosalis.bibliotheque.toulouse.fr\/la-bibliotheque-evaporee\/wp-json\/wp\/v2\/pages\/1556","targetHints":{"allow":["GET"]}}],"collection":[{"href":"https:\/\/expo.rosalis.bibliotheque.toulouse.fr\/la-bibliotheque-evaporee\/wp-json\/wp\/v2\/pages"}],"about":[{"href":"https:\/\/expo.rosalis.bibliotheque.toulouse.fr\/la-bibliotheque-evaporee\/wp-json\/wp\/v2\/types\/page"}],"author":[{"embeddable":true,"href":"https:\/\/expo.rosalis.bibliotheque.toulouse.fr\/la-bibliotheque-evaporee\/wp-json\/wp\/v2\/users\/4"}],"replies":[{"embeddable":true,"href":"https:\/\/expo.rosalis.bibliotheque.toulouse.fr\/la-bibliotheque-evaporee\/wp-json\/wp\/v2\/comments?post=1556"}],"version-history":[{"count":35,"href":"https:\/\/expo.rosalis.bibliotheque.toulouse.fr\/la-bibliotheque-evaporee\/wp-json\/wp\/v2\/pages\/1556\/revisions"}],"predecessor-version":[{"id":1651,"href":"https:\/\/expo.rosalis.bibliotheque.toulouse.fr\/la-bibliotheque-evaporee\/wp-json\/wp\/v2\/pages\/1556\/revisions\/1651"}],"wp:featuredmedia":[{"embeddable":true,"href":"https:\/\/expo.rosalis.bibliotheque.toulouse.fr\/la-bibliotheque-evaporee\/wp-json\/wp\/v2\/media\/1630"}],"wp:attachment":[{"href":"https:\/\/expo.rosalis.bibliotheque.toulouse.fr\/la-bibliotheque-evaporee\/wp-json\/wp\/v2\/media?parent=1556"}],"curies":[{"name":"wp","href":"https:\/\/api.w.org\/{rel}","templated":true}]}}