{"id":959,"date":"2022-04-12T09:41:09","date_gmt":"2022-04-12T07:41:09","guid":{"rendered":"https:\/\/expo.rosalis.bibliotheque.toulouse.fr\/l-eau-et-les-reves\/?page_id=959"},"modified":"2022-04-12T09:41:09","modified_gmt":"2022-04-12T07:41:09","slug":"biographie-nicolas-morvan","status":"publish","type":"page","link":"https:\/\/expo.rosalis.bibliotheque.toulouse.fr\/l-eau-et-les-reves\/biographie-nicolas-morvan\/","title":{"rendered":"Biographie de Nicolas Morvan"},"content":{"rendered":"\n<div class=\"wp-block-image\"><figure class=\"aligncenter size-full is-resized\"><img loading=\"lazy\" decoding=\"async\" src=\"https:\/\/expo.rosalis.bibliotheque.toulouse.fr\/l-eau-et-les-reves\/wp-content\/uploads\/sites\/6\/2022\/02\/MORVAN-Nicolas_770x770.jpg\" alt=\"\" class=\"wp-image-138\" width=\"550\" height=\"550\" srcset=\"https:\/\/expo.rosalis.bibliotheque.toulouse.fr\/l-eau-et-les-reves\/wp-content\/uploads\/sites\/6\/2022\/02\/MORVAN-Nicolas_770x770.jpg 770w, https:\/\/expo.rosalis.bibliotheque.toulouse.fr\/l-eau-et-les-reves\/wp-content\/uploads\/sites\/6\/2022\/02\/MORVAN-Nicolas_770x770-300x300.jpg 300w, https:\/\/expo.rosalis.bibliotheque.toulouse.fr\/l-eau-et-les-reves\/wp-content\/uploads\/sites\/6\/2022\/02\/MORVAN-Nicolas_770x770-150x150.jpg 150w, https:\/\/expo.rosalis.bibliotheque.toulouse.fr\/l-eau-et-les-reves\/wp-content\/uploads\/sites\/6\/2022\/02\/MORVAN-Nicolas_770x770-768x768.jpg 768w\" sizes=\"auto, (max-width: 550px) 100vw, 550px\" \/><\/figure><\/div>\n\n\n\n<p>Nicolas Morvan est n\u00e9 le en 1977 \u00e0 Toulouse. Il a fait des \u00e9tudes litt\u00e9raires \u00e0 Rennes, et a enseign\u00e9 depuis dans des \u00e9tablissements d\u2019enseignement secondaires \u00e0 Dinan, en banlieue parisienne, et maintenant \u00e0 Bruxelles.<br>Il a d\u00e9j\u00e0 r\u00e9alis\u00e9 deux livres d\u2019artistes aux \u00e9ditions Izella avec Michel Remaud,\u00a0<em>Replis du silence<\/em>\u00a0(2018) et\u00a0<em>Bruxelles,<\/em>\u00a0<em>Fragments\u00a0<\/em>(2021) . Il a \u00e9galement \u00e9t\u00e9 sollicit\u00e9 par Thierry le Sa\u00ebc pour participer \u00e0 la livraison num\u00e9ro 32 de la revue\u00a0<em>La Canop\u00e9e<\/em>, \u00e9dit\u00e9e par Les \u00c9ditions de la Canop\u00e9e (2021). Aux m\u00eames \u00e9ditions, Thierry Le Sa\u00ebc a bien voulu lui proposer d\u2019\u00e9diter un petit texte,\u00a0<em>Novembre<\/em>, accompagn\u00e9 de de ses pastels secs \u00e0 la cire (2020).<\/p>\n","protected":false},"excerpt":{"rendered":"<p>Nicolas Morvan est n\u00e9 le en 1977 \u00e0 Toulouse. Il a fait des \u00e9tudes litt\u00e9raires \u00e0 Rennes, et a enseign\u00e9 depuis dans des \u00e9tablissements d\u2019enseignement secondaires \u00e0 Dinan, en banlieue parisienne, et maintenant \u00e0 Bruxelles.Il a d\u00e9j\u00e0 r\u00e9alis\u00e9 deux livres d\u2019artistes aux \u00e9ditions Izella avec Michel Remaud,\u00a0Replis du silence\u00a0(2018) et\u00a0Bruxelles,\u00a0Fragments\u00a0(2021) . Il a \u00e9galement \u00e9t\u00e9 [&hellip;]<\/p>\n","protected":false},"author":4,"featured_media":0,"parent":0,"menu_order":9,"comment_status":"closed","ping_status":"closed","template":"","meta":{"footnotes":""},"class_list":["post-959","page","type-page","status-publish","hentry"],"_links":{"self":[{"href":"https:\/\/expo.rosalis.bibliotheque.toulouse.fr\/l-eau-et-les-reves\/wp-json\/wp\/v2\/pages\/959","targetHints":{"allow":["GET"]}}],"collection":[{"href":"https:\/\/expo.rosalis.bibliotheque.toulouse.fr\/l-eau-et-les-reves\/wp-json\/wp\/v2\/pages"}],"about":[{"href":"https:\/\/expo.rosalis.bibliotheque.toulouse.fr\/l-eau-et-les-reves\/wp-json\/wp\/v2\/types\/page"}],"author":[{"embeddable":true,"href":"https:\/\/expo.rosalis.bibliotheque.toulouse.fr\/l-eau-et-les-reves\/wp-json\/wp\/v2\/users\/4"}],"replies":[{"embeddable":true,"href":"https:\/\/expo.rosalis.bibliotheque.toulouse.fr\/l-eau-et-les-reves\/wp-json\/wp\/v2\/comments?post=959"}],"version-history":[{"count":1,"href":"https:\/\/expo.rosalis.bibliotheque.toulouse.fr\/l-eau-et-les-reves\/wp-json\/wp\/v2\/pages\/959\/revisions"}],"predecessor-version":[{"id":960,"href":"https:\/\/expo.rosalis.bibliotheque.toulouse.fr\/l-eau-et-les-reves\/wp-json\/wp\/v2\/pages\/959\/revisions\/960"}],"wp:attachment":[{"href":"https:\/\/expo.rosalis.bibliotheque.toulouse.fr\/l-eau-et-les-reves\/wp-json\/wp\/v2\/media?parent=959"}],"curies":[{"name":"wp","href":"https:\/\/api.w.org\/{rel}","templated":true}]}}