{"id":955,"date":"2022-04-12T09:38:29","date_gmt":"2022-04-12T07:38:29","guid":{"rendered":"https:\/\/expo.rosalis.bibliotheque.toulouse.fr\/l-eau-et-les-reves\/?page_id=955"},"modified":"2022-04-12T09:38:29","modified_gmt":"2022-04-12T07:38:29","slug":"biographie-corina-sbaffo","status":"publish","type":"page","link":"https:\/\/expo.rosalis.bibliotheque.toulouse.fr\/l-eau-et-les-reves\/biographie-corina-sbaffo\/","title":{"rendered":"Biographie de Corina Sbaffo"},"content":{"rendered":"\n<div class=\"wp-block-image\"><figure class=\"aligncenter size-full is-resized\"><img loading=\"lazy\" decoding=\"async\" src=\"https:\/\/expo.rosalis.bibliotheque.toulouse.fr\/l-eau-et-les-reves\/wp-content\/uploads\/sites\/6\/2022\/02\/SBAFFO-Corina_770x770.jpg\" alt=\"\" class=\"wp-image-166\" width=\"550\" height=\"550\" srcset=\"https:\/\/expo.rosalis.bibliotheque.toulouse.fr\/l-eau-et-les-reves\/wp-content\/uploads\/sites\/6\/2022\/02\/SBAFFO-Corina_770x770.jpg 770w, https:\/\/expo.rosalis.bibliotheque.toulouse.fr\/l-eau-et-les-reves\/wp-content\/uploads\/sites\/6\/2022\/02\/SBAFFO-Corina_770x770-300x300.jpg 300w, https:\/\/expo.rosalis.bibliotheque.toulouse.fr\/l-eau-et-les-reves\/wp-content\/uploads\/sites\/6\/2022\/02\/SBAFFO-Corina_770x770-150x150.jpg 150w, https:\/\/expo.rosalis.bibliotheque.toulouse.fr\/l-eau-et-les-reves\/wp-content\/uploads\/sites\/6\/2022\/02\/SBAFFO-Corina_770x770-768x768.jpg 768w\" sizes=\"auto, (max-width: 550px) 100vw, 550px\" \/><\/figure><\/div>\n\n\n\n<p>Corina Sbaffo est n\u00e9e en 1956 \u00e0 Montargis. Elle r\u00e9side actuellement en Bourgogne. Plasticienne et art th\u00e9rapeute, elle collabore \u00e0 diff\u00e9rentes revues po\u00e9tiques (<em>Di\u00e9r\u00e8se, D\u00e9charge, Verso<\/em>\u2026) et livres d\u2019artistes.<\/p>\n","protected":false},"excerpt":{"rendered":"<p>Corina Sbaffo est n\u00e9e en 1956 \u00e0 Montargis. Elle r\u00e9side actuellement en Bourgogne. Plasticienne et art th\u00e9rapeute, elle collabore \u00e0 diff\u00e9rentes revues po\u00e9tiques (Di\u00e9r\u00e8se, D\u00e9charge, Verso\u2026) et livres d\u2019artistes.<\/p>\n","protected":false},"author":4,"featured_media":0,"parent":0,"menu_order":10,"comment_status":"closed","ping_status":"closed","template":"","meta":{"footnotes":""},"class_list":["post-955","page","type-page","status-publish","hentry"],"_links":{"self":[{"href":"https:\/\/expo.rosalis.bibliotheque.toulouse.fr\/l-eau-et-les-reves\/wp-json\/wp\/v2\/pages\/955","targetHints":{"allow":["GET"]}}],"collection":[{"href":"https:\/\/expo.rosalis.bibliotheque.toulouse.fr\/l-eau-et-les-reves\/wp-json\/wp\/v2\/pages"}],"about":[{"href":"https:\/\/expo.rosalis.bibliotheque.toulouse.fr\/l-eau-et-les-reves\/wp-json\/wp\/v2\/types\/page"}],"author":[{"embeddable":true,"href":"https:\/\/expo.rosalis.bibliotheque.toulouse.fr\/l-eau-et-les-reves\/wp-json\/wp\/v2\/users\/4"}],"replies":[{"embeddable":true,"href":"https:\/\/expo.rosalis.bibliotheque.toulouse.fr\/l-eau-et-les-reves\/wp-json\/wp\/v2\/comments?post=955"}],"version-history":[{"count":1,"href":"https:\/\/expo.rosalis.bibliotheque.toulouse.fr\/l-eau-et-les-reves\/wp-json\/wp\/v2\/pages\/955\/revisions"}],"predecessor-version":[{"id":956,"href":"https:\/\/expo.rosalis.bibliotheque.toulouse.fr\/l-eau-et-les-reves\/wp-json\/wp\/v2\/pages\/955\/revisions\/956"}],"wp:attachment":[{"href":"https:\/\/expo.rosalis.bibliotheque.toulouse.fr\/l-eau-et-les-reves\/wp-json\/wp\/v2\/media?parent=955"}],"curies":[{"name":"wp","href":"https:\/\/api.w.org\/{rel}","templated":true}]}}