{"id":902,"date":"2022-04-08T15:27:31","date_gmt":"2022-04-08T13:27:31","guid":{"rendered":"https:\/\/expo.rosalis.bibliotheque.toulouse.fr\/l-eau-et-les-reves\/?page_id=902"},"modified":"2022-04-08T15:30:23","modified_gmt":"2022-04-08T13:30:23","slug":"biographie-de-daniel-leuwers","status":"publish","type":"page","link":"https:\/\/expo.rosalis.bibliotheque.toulouse.fr\/l-eau-et-les-reves\/biographie-de-daniel-leuwers\/","title":{"rendered":"Biographie de Daniel Leuwers"},"content":{"rendered":"\n<div class=\"wp-block-image\"><figure class=\"aligncenter size-full is-resized\"><img loading=\"lazy\" decoding=\"async\" src=\"https:\/\/expo.rosalis.bibliotheque.toulouse.fr\/l-eau-et-les-reves\/wp-content\/uploads\/sites\/6\/2022\/02\/LEUWERS-Daniel_c_Arnaud-Schultz_770x1024.jpg\" alt=\"\" class=\"wp-image-205\" width=\"550\" height=\"731\" srcset=\"https:\/\/expo.rosalis.bibliotheque.toulouse.fr\/l-eau-et-les-reves\/wp-content\/uploads\/sites\/6\/2022\/02\/LEUWERS-Daniel_c_Arnaud-Schultz_770x1024.jpg 770w, https:\/\/expo.rosalis.bibliotheque.toulouse.fr\/l-eau-et-les-reves\/wp-content\/uploads\/sites\/6\/2022\/02\/LEUWERS-Daniel_c_Arnaud-Schultz_770x1024-226x300.jpg 226w, https:\/\/expo.rosalis.bibliotheque.toulouse.fr\/l-eau-et-les-reves\/wp-content\/uploads\/sites\/6\/2022\/02\/LEUWERS-Daniel_c_Arnaud-Schultz_770x1024-768x1021.jpg 768w\" sizes=\"auto, (max-width: 550px) 100vw, 550px\" \/><figcaption>\u00a9 Arnaud Schultz<\/figcaption><\/figure><\/div>\n\n\n\n<p>Daniel Leuwers est n\u00e9 en 1945 pr\u00e8s de Paris, il devient tour \u00e0 tour professeur d\u2019universit\u00e9 (en France, aux Etats-Unis et au S\u00e9n\u00e9gal) et diplomate (en Australie). Sa d\u00e9couverte, tr\u00e8s jeune, de la po\u00e9sie de Ren\u00e9 Char l\u2019incite \u00e0 \u00eatre le confident de l\u2019auteur du\u00a0<em>Marteau sans ma\u00eetre<\/em>, et l\u2019\u00a0\u00ab\u00a0accompagnateur\u00a0\u00bb des plus grandes \u0153uvres po\u00e9tiques du XX\u00e8me si\u00e8cle \u2013 de Jouve \u00e0 Michaux, Ponge, Fr\u00e9naud et Bonnefoy. Il pr\u00e9face Rimbaud, Mallarm\u00e9 et maints classiques dans \u00ab\u00a0Le Livre de poche\u00a0\u00bb. En 1990, il publie\u00a0<em>Ren\u00e9 Char, dit-elle, est mort : r\u00e9cit oblique<\/em>\u00a0et donne son premier recueil,\u00a0<em>La Vie cass\u00e9e<\/em>, en 1996. De 1998 \u00e0 2001, il publie une trilogie de \u00ab\u00a0carnets\u00a0\u00bb. Depuis, il \u00e9toffe une \u0153uvre po\u00e9tique \u00e0 laquelle il associe la cr\u00e9ation de \u00ab\u00a0livres pauvres\u00a0\u00bb o\u00f9 po\u00e8tes et peintres se r\u00e9pondent en \u00e9cho.<\/p>\n\n\n\n<p><a href=\"http:\/\/www.academie-mallarme.fr\/Daniel_Leuwers.html\" target=\"_blank\" rel=\"noreferrer noopener\">http:\/\/www.academie-mallarme.fr\/Daniel_Leuwers.html<\/a><\/p>\n","protected":false},"excerpt":{"rendered":"<p>Daniel Leuwers est n\u00e9 en 1945 pr\u00e8s de Paris, il devient tour \u00e0 tour professeur d\u2019universit\u00e9 (en France, aux Etats-Unis et au S\u00e9n\u00e9gal) et diplomate (en Australie). Sa d\u00e9couverte, tr\u00e8s jeune, de la po\u00e9sie de Ren\u00e9 Char l\u2019incite \u00e0 \u00eatre le confident de l\u2019auteur du\u00a0Marteau sans ma\u00eetre, et l\u2019\u00a0\u00ab\u00a0accompagnateur\u00a0\u00bb des plus grandes \u0153uvres po\u00e9tiques du [&hellip;]<\/p>\n","protected":false},"author":4,"featured_media":0,"parent":0,"menu_order":11,"comment_status":"closed","ping_status":"closed","template":"","meta":{"footnotes":""},"class_list":["post-902","page","type-page","status-publish","hentry"],"_links":{"self":[{"href":"https:\/\/expo.rosalis.bibliotheque.toulouse.fr\/l-eau-et-les-reves\/wp-json\/wp\/v2\/pages\/902","targetHints":{"allow":["GET"]}}],"collection":[{"href":"https:\/\/expo.rosalis.bibliotheque.toulouse.fr\/l-eau-et-les-reves\/wp-json\/wp\/v2\/pages"}],"about":[{"href":"https:\/\/expo.rosalis.bibliotheque.toulouse.fr\/l-eau-et-les-reves\/wp-json\/wp\/v2\/types\/page"}],"author":[{"embeddable":true,"href":"https:\/\/expo.rosalis.bibliotheque.toulouse.fr\/l-eau-et-les-reves\/wp-json\/wp\/v2\/users\/4"}],"replies":[{"embeddable":true,"href":"https:\/\/expo.rosalis.bibliotheque.toulouse.fr\/l-eau-et-les-reves\/wp-json\/wp\/v2\/comments?post=902"}],"version-history":[{"count":2,"href":"https:\/\/expo.rosalis.bibliotheque.toulouse.fr\/l-eau-et-les-reves\/wp-json\/wp\/v2\/pages\/902\/revisions"}],"predecessor-version":[{"id":908,"href":"https:\/\/expo.rosalis.bibliotheque.toulouse.fr\/l-eau-et-les-reves\/wp-json\/wp\/v2\/pages\/902\/revisions\/908"}],"wp:attachment":[{"href":"https:\/\/expo.rosalis.bibliotheque.toulouse.fr\/l-eau-et-les-reves\/wp-json\/wp\/v2\/media?parent=902"}],"curies":[{"name":"wp","href":"https:\/\/api.w.org\/{rel}","templated":true}]}}