{"id":345,"date":"2022-03-01T16:08:05","date_gmt":"2022-03-01T15:08:05","guid":{"rendered":"https:\/\/expo.rosalis.bibliotheque.toulouse.fr\/l-eau-et-les-reves\/?page_id=345"},"modified":"2022-03-04T08:57:01","modified_gmt":"2022-03-04T07:57:01","slug":"livres-pauvres-arts-et-poesies-meles-2","status":"publish","type":"page","link":"https:\/\/expo.rosalis.bibliotheque.toulouse.fr\/l-eau-et-les-reves\/livres-pauvres-arts-et-poesies-meles-2\/","title":{"rendered":"Livres pauvres\u00a0: arts et po\u00e9sies m\u00eal\u00e9s 2"},"content":{"rendered":"\n            <\/div>\n        <\/div>\n        <div class=\"row no-gutters\">\n            <div class=\"col-12\">\n    <div class=\"row\"><div class=\"col-12 col-md-8 offset-md-2 no-mobile-padding\">\n<figure class=\"wp-block-gallery has-nested-images columns-4 is-cropped wp-block-gallery-1 is-layout-flex wp-block-gallery-is-layout-flex\">\n<figure class=\"wp-block-image size-full\"><a href=\"https:\/\/expo.rosalis.bibliotheque.toulouse.fr\/l-eau-et-les-reves\/oeuvre\/rien-quun-mauvais-reve\/\"><img loading=\"lazy\" decoding=\"async\" width=\"1000\" height=\"700\" data-id=\"475\" src=\"https:\/\/expo.rosalis.bibliotheque.toulouse.fr\/l-eau-et-les-reves\/wp-content\/uploads\/sites\/6\/2022\/03\/Rien-quun-mauvais-reve-2-Philippe-MADRAL-Alain-NAHUM-MGM-1.jpg\" alt=\"\" class=\"wp-image-475\" srcset=\"https:\/\/expo.rosalis.bibliotheque.toulouse.fr\/l-eau-et-les-reves\/wp-content\/uploads\/sites\/6\/2022\/03\/Rien-quun-mauvais-reve-2-Philippe-MADRAL-Alain-NAHUM-MGM-1.jpg 1000w, https:\/\/expo.rosalis.bibliotheque.toulouse.fr\/l-eau-et-les-reves\/wp-content\/uploads\/sites\/6\/2022\/03\/Rien-quun-mauvais-reve-2-Philippe-MADRAL-Alain-NAHUM-MGM-1-300x210.jpg 300w, https:\/\/expo.rosalis.bibliotheque.toulouse.fr\/l-eau-et-les-reves\/wp-content\/uploads\/sites\/6\/2022\/03\/Rien-quun-mauvais-reve-2-Philippe-MADRAL-Alain-NAHUM-MGM-1-768x538.jpg 768w\" sizes=\"auto, (max-width: 1000px) 100vw, 1000px\" \/><\/a><figcaption>Rien qu&rsquo;un mauvais r\u00eave<\/figcaption><\/figure>\n\n\n\n<figure class=\"wp-block-image size-full\"><a href=\"https:\/\/expo.rosalis.bibliotheque.toulouse.fr\/l-eau-et-les-reves\/oeuvre\/lile\/\"><img loading=\"lazy\" decoding=\"async\" width=\"1000\" height=\"700\" data-id=\"442\" src=\"https:\/\/expo.rosalis.bibliotheque.toulouse.fr\/l-eau-et-les-reves\/wp-content\/uploads\/sites\/6\/2022\/03\/Lile-1-Frederique-LE-LOUS-DELPECH-Muriele-MODELY-BEP-1.jpg\" alt=\"\" class=\"wp-image-442\" srcset=\"https:\/\/expo.rosalis.bibliotheque.toulouse.fr\/l-eau-et-les-reves\/wp-content\/uploads\/sites\/6\/2022\/03\/Lile-1-Frederique-LE-LOUS-DELPECH-Muriele-MODELY-BEP-1.jpg 1000w, https:\/\/expo.rosalis.bibliotheque.toulouse.fr\/l-eau-et-les-reves\/wp-content\/uploads\/sites\/6\/2022\/03\/Lile-1-Frederique-LE-LOUS-DELPECH-Muriele-MODELY-BEP-1-300x210.jpg 300w, https:\/\/expo.rosalis.bibliotheque.toulouse.fr\/l-eau-et-les-reves\/wp-content\/uploads\/sites\/6\/2022\/03\/Lile-1-Frederique-LE-LOUS-DELPECH-Muriele-MODELY-BEP-1-768x538.jpg 768w\" sizes=\"auto, (max-width: 1000px) 100vw, 1000px\" \/><\/a><figcaption>L\u2019\u00eele<\/figcaption><\/figure>\n\n\n\n<figure class=\"wp-block-image size-full\"><a href=\"https:\/\/expo.rosalis.bibliotheque.toulouse.fr\/l-eau-et-les-reves\/oeuvre\/onde-cerebrale\/\"><img loading=\"lazy\" decoding=\"async\" width=\"1000\" height=\"700\" data-id=\"450\" src=\"https:\/\/expo.rosalis.bibliotheque.toulouse.fr\/l-eau-et-les-reves\/wp-content\/uploads\/sites\/6\/2022\/03\/Onde-cerebrale-Angele-CASANOVA-Jacques-CAUDA-BEP-1.jpg\" alt=\"\" class=\"wp-image-450\" srcset=\"https:\/\/expo.rosalis.bibliotheque.toulouse.fr\/l-eau-et-les-reves\/wp-content\/uploads\/sites\/6\/2022\/03\/Onde-cerebrale-Angele-CASANOVA-Jacques-CAUDA-BEP-1.jpg 1000w, https:\/\/expo.rosalis.bibliotheque.toulouse.fr\/l-eau-et-les-reves\/wp-content\/uploads\/sites\/6\/2022\/03\/Onde-cerebrale-Angele-CASANOVA-Jacques-CAUDA-BEP-1-300x210.jpg 300w, https:\/\/expo.rosalis.bibliotheque.toulouse.fr\/l-eau-et-les-reves\/wp-content\/uploads\/sites\/6\/2022\/03\/Onde-cerebrale-Angele-CASANOVA-Jacques-CAUDA-BEP-1-768x538.jpg 768w\" sizes=\"auto, (max-width: 1000px) 100vw, 1000px\" \/><\/a><figcaption>Onde c\u00e9r\u00e9brale<\/figcaption><\/figure>\n\n\n\n<figure class=\"wp-block-image size-full\"><a href=\"https:\/\/expo.rosalis.bibliotheque.toulouse.fr\/l-eau-et-les-reves\/oeuvre\/cest-sourire-sur-la-route\/\"><img loading=\"lazy\" decoding=\"async\" width=\"1000\" height=\"700\" data-id=\"424\" src=\"https:\/\/expo.rosalis.bibliotheque.toulouse.fr\/l-eau-et-les-reves\/wp-content\/uploads\/sites\/6\/2022\/03\/cest-sourire-sur-la-route-2-gris-1.jpg\" alt=\"\" class=\"wp-image-424\" srcset=\"https:\/\/expo.rosalis.bibliotheque.toulouse.fr\/l-eau-et-les-reves\/wp-content\/uploads\/sites\/6\/2022\/03\/cest-sourire-sur-la-route-2-gris-1.jpg 1000w, https:\/\/expo.rosalis.bibliotheque.toulouse.fr\/l-eau-et-les-reves\/wp-content\/uploads\/sites\/6\/2022\/03\/cest-sourire-sur-la-route-2-gris-1-300x210.jpg 300w, https:\/\/expo.rosalis.bibliotheque.toulouse.fr\/l-eau-et-les-reves\/wp-content\/uploads\/sites\/6\/2022\/03\/cest-sourire-sur-la-route-2-gris-1-768x538.jpg 768w\" sizes=\"auto, (max-width: 1000px) 100vw, 1000px\" \/><\/a><figcaption>C\u2019est sourire sur la route<\/figcaption><\/figure>\n\n\n\n<figure class=\"wp-block-image size-full\"><a href=\"https:\/\/expo.rosalis.bibliotheque.toulouse.fr\/l-eau-et-les-reves\/oeuvre\/ondine\/\"><img loading=\"lazy\" decoding=\"async\" width=\"1000\" height=\"700\" data-id=\"478\" src=\"https:\/\/expo.rosalis.bibliotheque.toulouse.fr\/l-eau-et-les-reves\/wp-content\/uploads\/sites\/6\/2022\/03\/VERSION-1-Ondine-2-Angele-CASANOVA-Valentine-HAEGEL-MGM.jpg\" alt=\"\" class=\"wp-image-478\" srcset=\"https:\/\/expo.rosalis.bibliotheque.toulouse.fr\/l-eau-et-les-reves\/wp-content\/uploads\/sites\/6\/2022\/03\/VERSION-1-Ondine-2-Angele-CASANOVA-Valentine-HAEGEL-MGM.jpg 1000w, https:\/\/expo.rosalis.bibliotheque.toulouse.fr\/l-eau-et-les-reves\/wp-content\/uploads\/sites\/6\/2022\/03\/VERSION-1-Ondine-2-Angele-CASANOVA-Valentine-HAEGEL-MGM-300x210.jpg 300w, https:\/\/expo.rosalis.bibliotheque.toulouse.fr\/l-eau-et-les-reves\/wp-content\/uploads\/sites\/6\/2022\/03\/VERSION-1-Ondine-2-Angele-CASANOVA-Valentine-HAEGEL-MGM-768x538.jpg 768w\" sizes=\"auto, (max-width: 1000px) 100vw, 1000px\" \/><\/a><figcaption>Ondine<\/figcaption><\/figure>\n\n\n\n<figure class=\"wp-block-image size-full\"><a href=\"https:\/\/expo.rosalis.bibliotheque.toulouse.fr\/l-eau-et-les-reves\/oeuvre\/mere-lusine\/\"><img loading=\"lazy\" decoding=\"async\" width=\"1000\" height=\"700\" data-id=\"482\" src=\"https:\/\/expo.rosalis.bibliotheque.toulouse.fr\/l-eau-et-les-reves\/wp-content\/uploads\/sites\/6\/2022\/03\/Mere-Lusine-2-Angele-CASANOVA-Fee-Brile-MGM-1-1.jpg\" alt=\"\" class=\"wp-image-482\" srcset=\"https:\/\/expo.rosalis.bibliotheque.toulouse.fr\/l-eau-et-les-reves\/wp-content\/uploads\/sites\/6\/2022\/03\/Mere-Lusine-2-Angele-CASANOVA-Fee-Brile-MGM-1-1.jpg 1000w, https:\/\/expo.rosalis.bibliotheque.toulouse.fr\/l-eau-et-les-reves\/wp-content\/uploads\/sites\/6\/2022\/03\/Mere-Lusine-2-Angele-CASANOVA-Fee-Brile-MGM-1-1-300x210.jpg 300w, https:\/\/expo.rosalis.bibliotheque.toulouse.fr\/l-eau-et-les-reves\/wp-content\/uploads\/sites\/6\/2022\/03\/Mere-Lusine-2-Angele-CASANOVA-Fee-Brile-MGM-1-1-768x538.jpg 768w\" sizes=\"auto, (max-width: 1000px) 100vw, 1000px\" \/><\/a><figcaption>M\u00e8re L&rsquo;usine<\/figcaption><\/figure>\n\n\n\n<figure class=\"wp-block-image size-full\"><a href=\"https:\/\/expo.rosalis.bibliotheque.toulouse.fr\/l-eau-et-les-reves\/oeuvre\/livre-pauvre\/\"><img loading=\"lazy\" decoding=\"async\" width=\"1000\" height=\"700\" data-id=\"446\" src=\"https:\/\/expo.rosalis.bibliotheque.toulouse.fr\/l-eau-et-les-reves\/wp-content\/uploads\/sites\/6\/2022\/03\/Livre-pauvre-2-Hamid-TIBOUCHI-Maria-DESMEE-2-1.jpg\" alt=\"\" class=\"wp-image-446\" srcset=\"https:\/\/expo.rosalis.bibliotheque.toulouse.fr\/l-eau-et-les-reves\/wp-content\/uploads\/sites\/6\/2022\/03\/Livre-pauvre-2-Hamid-TIBOUCHI-Maria-DESMEE-2-1.jpg 1000w, https:\/\/expo.rosalis.bibliotheque.toulouse.fr\/l-eau-et-les-reves\/wp-content\/uploads\/sites\/6\/2022\/03\/Livre-pauvre-2-Hamid-TIBOUCHI-Maria-DESMEE-2-1-300x210.jpg 300w, https:\/\/expo.rosalis.bibliotheque.toulouse.fr\/l-eau-et-les-reves\/wp-content\/uploads\/sites\/6\/2022\/03\/Livre-pauvre-2-Hamid-TIBOUCHI-Maria-DESMEE-2-1-768x538.jpg 768w\" sizes=\"auto, (max-width: 1000px) 100vw, 1000px\" \/><\/a><figcaption>L\u2019ivre pauvre<\/figcaption><\/figure>\n\n\n\n<figure class=\"wp-block-image size-full\"><a href=\"https:\/\/expo.rosalis.bibliotheque.toulouse.fr\/l-eau-et-les-reves\/oeuvre\/presence\/\"><img loading=\"lazy\" decoding=\"async\" width=\"1000\" height=\"700\" data-id=\"452\" src=\"https:\/\/expo.rosalis.bibliotheque.toulouse.fr\/l-eau-et-les-reves\/wp-content\/uploads\/sites\/6\/2022\/03\/Presence-2-Max-ALHAU-Corina-SBAFFO-BEP.jpg\" alt=\"\" class=\"wp-image-452\" srcset=\"https:\/\/expo.rosalis.bibliotheque.toulouse.fr\/l-eau-et-les-reves\/wp-content\/uploads\/sites\/6\/2022\/03\/Presence-2-Max-ALHAU-Corina-SBAFFO-BEP.jpg 1000w, https:\/\/expo.rosalis.bibliotheque.toulouse.fr\/l-eau-et-les-reves\/wp-content\/uploads\/sites\/6\/2022\/03\/Presence-2-Max-ALHAU-Corina-SBAFFO-BEP-300x210.jpg 300w, https:\/\/expo.rosalis.bibliotheque.toulouse.fr\/l-eau-et-les-reves\/wp-content\/uploads\/sites\/6\/2022\/03\/Presence-2-Max-ALHAU-Corina-SBAFFO-BEP-768x538.jpg 768w\" sizes=\"auto, (max-width: 1000px) 100vw, 1000px\" \/><\/a><figcaption>Pr\u00e9sence<\/figcaption><\/figure>\n\n\n\n<figure class=\"wp-block-image size-full\"><a href=\"https:\/\/expo.rosalis.bibliotheque.toulouse.fr\/l-eau-et-les-reves\/oeuvre\/sur-la-plage-de-dinard\/\"><img loading=\"lazy\" decoding=\"async\" width=\"1000\" height=\"700\" data-id=\"480\" src=\"https:\/\/expo.rosalis.bibliotheque.toulouse.fr\/l-eau-et-les-reves\/wp-content\/uploads\/sites\/6\/2022\/03\/Sur-la-plage-de-Dinard-1-Daniel-LEUWERS-Cedric-CORDRIE-MGM.jpg\" alt=\"\" class=\"wp-image-480\" srcset=\"https:\/\/expo.rosalis.bibliotheque.toulouse.fr\/l-eau-et-les-reves\/wp-content\/uploads\/sites\/6\/2022\/03\/Sur-la-plage-de-Dinard-1-Daniel-LEUWERS-Cedric-CORDRIE-MGM.jpg 1000w, https:\/\/expo.rosalis.bibliotheque.toulouse.fr\/l-eau-et-les-reves\/wp-content\/uploads\/sites\/6\/2022\/03\/Sur-la-plage-de-Dinard-1-Daniel-LEUWERS-Cedric-CORDRIE-MGM-300x210.jpg 300w, https:\/\/expo.rosalis.bibliotheque.toulouse.fr\/l-eau-et-les-reves\/wp-content\/uploads\/sites\/6\/2022\/03\/Sur-la-plage-de-Dinard-1-Daniel-LEUWERS-Cedric-CORDRIE-MGM-768x538.jpg 768w\" sizes=\"auto, (max-width: 1000px) 100vw, 1000px\" \/><\/a><figcaption>Sur la plage de Dinard<\/figcaption><\/figure>\n\n\n\n<figure class=\"wp-block-image size-full\"><a href=\"https:\/\/expo.rosalis.bibliotheque.toulouse.fr\/l-eau-et-les-reves\/oeuvre\/une-avancee-secrete\/\"><img loading=\"lazy\" decoding=\"async\" width=\"1000\" height=\"700\" data-id=\"458\" src=\"https:\/\/expo.rosalis.bibliotheque.toulouse.fr\/l-eau-et-les-reves\/wp-content\/uploads\/sites\/6\/2022\/03\/Une-avancee-secrete-2-Daniel-LEUWERS-Coco-TEXEDRE-MGM-1.jpg\" alt=\"\" class=\"wp-image-458\" srcset=\"https:\/\/expo.rosalis.bibliotheque.toulouse.fr\/l-eau-et-les-reves\/wp-content\/uploads\/sites\/6\/2022\/03\/Une-avancee-secrete-2-Daniel-LEUWERS-Coco-TEXEDRE-MGM-1.jpg 1000w, https:\/\/expo.rosalis.bibliotheque.toulouse.fr\/l-eau-et-les-reves\/wp-content\/uploads\/sites\/6\/2022\/03\/Une-avancee-secrete-2-Daniel-LEUWERS-Coco-TEXEDRE-MGM-1-300x210.jpg 300w, https:\/\/expo.rosalis.bibliotheque.toulouse.fr\/l-eau-et-les-reves\/wp-content\/uploads\/sites\/6\/2022\/03\/Une-avancee-secrete-2-Daniel-LEUWERS-Coco-TEXEDRE-MGM-1-768x538.jpg 768w\" sizes=\"auto, (max-width: 1000px) 100vw, 1000px\" \/><\/a><figcaption>Une avanc\u00e9e secr\u00e8te<\/figcaption><\/figure>\n\n\n\n<figure class=\"wp-block-image size-full\"><a href=\"https:\/\/expo.rosalis.bibliotheque.toulouse.fr\/l-eau-et-les-reves\/oeuvre\/atlantique\/\"><img loading=\"lazy\" decoding=\"async\" width=\"1000\" height=\"700\" data-id=\"462\" src=\"https:\/\/expo.rosalis.bibliotheque.toulouse.fr\/l-eau-et-les-reves\/wp-content\/uploads\/sites\/6\/2022\/03\/Atlantique-2-Pierre-BERGOUNIOUX-Max-PARTEZANA-MGM-1.jpg\" alt=\"\" class=\"wp-image-462\" srcset=\"https:\/\/expo.rosalis.bibliotheque.toulouse.fr\/l-eau-et-les-reves\/wp-content\/uploads\/sites\/6\/2022\/03\/Atlantique-2-Pierre-BERGOUNIOUX-Max-PARTEZANA-MGM-1.jpg 1000w, https:\/\/expo.rosalis.bibliotheque.toulouse.fr\/l-eau-et-les-reves\/wp-content\/uploads\/sites\/6\/2022\/03\/Atlantique-2-Pierre-BERGOUNIOUX-Max-PARTEZANA-MGM-1-300x210.jpg 300w, https:\/\/expo.rosalis.bibliotheque.toulouse.fr\/l-eau-et-les-reves\/wp-content\/uploads\/sites\/6\/2022\/03\/Atlantique-2-Pierre-BERGOUNIOUX-Max-PARTEZANA-MGM-1-768x538.jpg 768w\" sizes=\"auto, (max-width: 1000px) 100vw, 1000px\" \/><\/a><figcaption>Atlantique<\/figcaption><\/figure>\n\n\n\n<figure class=\"wp-block-image size-full\"><a href=\"https:\/\/expo.rosalis.bibliotheque.toulouse.fr\/l-eau-et-les-reves\/oeuvre\/garonne-en-bleu\/\"><img loading=\"lazy\" decoding=\"async\" width=\"1000\" height=\"700\" data-id=\"464\" src=\"https:\/\/expo.rosalis.bibliotheque.toulouse.fr\/l-eau-et-les-reves\/wp-content\/uploads\/sites\/6\/2022\/03\/Garonne-en-bleu-2-Mylene-VIGNON-Ghislaine-LEJARD-MGM-ok-1.jpg\" alt=\"\" class=\"wp-image-464\" srcset=\"https:\/\/expo.rosalis.bibliotheque.toulouse.fr\/l-eau-et-les-reves\/wp-content\/uploads\/sites\/6\/2022\/03\/Garonne-en-bleu-2-Mylene-VIGNON-Ghislaine-LEJARD-MGM-ok-1.jpg 1000w, https:\/\/expo.rosalis.bibliotheque.toulouse.fr\/l-eau-et-les-reves\/wp-content\/uploads\/sites\/6\/2022\/03\/Garonne-en-bleu-2-Mylene-VIGNON-Ghislaine-LEJARD-MGM-ok-1-300x210.jpg 300w, https:\/\/expo.rosalis.bibliotheque.toulouse.fr\/l-eau-et-les-reves\/wp-content\/uploads\/sites\/6\/2022\/03\/Garonne-en-bleu-2-Mylene-VIGNON-Ghislaine-LEJARD-MGM-ok-1-768x538.jpg 768w\" sizes=\"auto, (max-width: 1000px) 100vw, 1000px\" \/><\/a><figcaption>Garonne en bleu<\/figcaption><\/figure>\n\n\n\n<figure class=\"wp-block-image size-full\"><a href=\"https:\/\/expo.rosalis.bibliotheque.toulouse.fr\/l-eau-et-les-reves\/oeuvre\/levee-de-laube\/\"><img loading=\"lazy\" decoding=\"async\" width=\"1000\" height=\"700\" data-id=\"469\" src=\"https:\/\/expo.rosalis.bibliotheque.toulouse.fr\/l-eau-et-les-reves\/wp-content\/uploads\/sites\/6\/2022\/03\/Levee-de-laube-2-Pierre-DHAINAUT-Caroline-FRANCOIS-RUBINO-MGM-2.jpg\" alt=\"\" class=\"wp-image-469\" srcset=\"https:\/\/expo.rosalis.bibliotheque.toulouse.fr\/l-eau-et-les-reves\/wp-content\/uploads\/sites\/6\/2022\/03\/Levee-de-laube-2-Pierre-DHAINAUT-Caroline-FRANCOIS-RUBINO-MGM-2.jpg 1000w, https:\/\/expo.rosalis.bibliotheque.toulouse.fr\/l-eau-et-les-reves\/wp-content\/uploads\/sites\/6\/2022\/03\/Levee-de-laube-2-Pierre-DHAINAUT-Caroline-FRANCOIS-RUBINO-MGM-2-300x210.jpg 300w, https:\/\/expo.rosalis.bibliotheque.toulouse.fr\/l-eau-et-les-reves\/wp-content\/uploads\/sites\/6\/2022\/03\/Levee-de-laube-2-Pierre-DHAINAUT-Caroline-FRANCOIS-RUBINO-MGM-2-768x538.jpg 768w\" sizes=\"auto, (max-width: 1000px) 100vw, 1000px\" \/><\/a><figcaption>Lev\u00e9e de l\u2019aube<\/figcaption><\/figure>\n\n\n\n<figure class=\"wp-block-image size-full\"><a href=\"https:\/\/expo.rosalis.bibliotheque.toulouse.fr\/l-eau-et-les-reves\/oeuvre\/miroirs-dans-leau\/\"><img loading=\"lazy\" decoding=\"async\" width=\"1000\" height=\"700\" data-id=\"471\" src=\"https:\/\/expo.rosalis.bibliotheque.toulouse.fr\/l-eau-et-les-reves\/wp-content\/uploads\/sites\/6\/2022\/03\/Miroirs-dans-leau-2-Carole-CARCILLO-MESROBIAN-Ghislaine-LEJARD-MGM-2.jpg\" alt=\"\" class=\"wp-image-471\" srcset=\"https:\/\/expo.rosalis.bibliotheque.toulouse.fr\/l-eau-et-les-reves\/wp-content\/uploads\/sites\/6\/2022\/03\/Miroirs-dans-leau-2-Carole-CARCILLO-MESROBIAN-Ghislaine-LEJARD-MGM-2.jpg 1000w, https:\/\/expo.rosalis.bibliotheque.toulouse.fr\/l-eau-et-les-reves\/wp-content\/uploads\/sites\/6\/2022\/03\/Miroirs-dans-leau-2-Carole-CARCILLO-MESROBIAN-Ghislaine-LEJARD-MGM-2-300x210.jpg 300w, https:\/\/expo.rosalis.bibliotheque.toulouse.fr\/l-eau-et-les-reves\/wp-content\/uploads\/sites\/6\/2022\/03\/Miroirs-dans-leau-2-Carole-CARCILLO-MESROBIAN-Ghislaine-LEJARD-MGM-2-768x538.jpg 768w\" sizes=\"auto, (max-width: 1000px) 100vw, 1000px\" \/><\/a><figcaption>Miroirs dans l\u2019eau<\/figcaption><\/figure>\n\n\n\n<figure class=\"wp-block-image size-full\"><a href=\"https:\/\/expo.rosalis.bibliotheque.toulouse.fr\/l-eau-et-les-reves\/oeuvre\/restituer-sur-ses-bords\/\"><img loading=\"lazy\" decoding=\"async\" width=\"1000\" height=\"700\" data-id=\"473\" src=\"https:\/\/expo.rosalis.bibliotheque.toulouse.fr\/l-eau-et-les-reves\/wp-content\/uploads\/sites\/6\/2022\/03\/Restituer-sur-ses-bords-2-Myriam-ECK-Anne-DU-BOISTESSELIN-MGM-2.jpg\" alt=\"\" class=\"wp-image-473\" srcset=\"https:\/\/expo.rosalis.bibliotheque.toulouse.fr\/l-eau-et-les-reves\/wp-content\/uploads\/sites\/6\/2022\/03\/Restituer-sur-ses-bords-2-Myriam-ECK-Anne-DU-BOISTESSELIN-MGM-2.jpg 1000w, https:\/\/expo.rosalis.bibliotheque.toulouse.fr\/l-eau-et-les-reves\/wp-content\/uploads\/sites\/6\/2022\/03\/Restituer-sur-ses-bords-2-Myriam-ECK-Anne-DU-BOISTESSELIN-MGM-2-300x210.jpg 300w, https:\/\/expo.rosalis.bibliotheque.toulouse.fr\/l-eau-et-les-reves\/wp-content\/uploads\/sites\/6\/2022\/03\/Restituer-sur-ses-bords-2-Myriam-ECK-Anne-DU-BOISTESSELIN-MGM-2-768x538.jpg 768w\" sizes=\"auto, (max-width: 1000px) 100vw, 1000px\" \/><\/a><figcaption>Restituer sur ses bords<\/figcaption><\/figure>\n\n\n\n<figure class=\"wp-block-image size-full\"><a href=\"https:\/\/expo.rosalis.bibliotheque.toulouse.fr\/l-eau-et-les-reves\/oeuvre\/lame-de-fond\/\"><img loading=\"lazy\" decoding=\"async\" width=\"1000\" height=\"700\" data-id=\"437\" src=\"https:\/\/expo.rosalis.bibliotheque.toulouse.fr\/l-eau-et-les-reves\/wp-content\/uploads\/sites\/6\/2022\/03\/Lame-de-fond-2-Jean-Pierre-GEAY-Roger-BENSASSON-MGM-1.jpg\" alt=\"\" class=\"wp-image-437\" srcset=\"https:\/\/expo.rosalis.bibliotheque.toulouse.fr\/l-eau-et-les-reves\/wp-content\/uploads\/sites\/6\/2022\/03\/Lame-de-fond-2-Jean-Pierre-GEAY-Roger-BENSASSON-MGM-1.jpg 1000w, https:\/\/expo.rosalis.bibliotheque.toulouse.fr\/l-eau-et-les-reves\/wp-content\/uploads\/sites\/6\/2022\/03\/Lame-de-fond-2-Jean-Pierre-GEAY-Roger-BENSASSON-MGM-1-300x210.jpg 300w, https:\/\/expo.rosalis.bibliotheque.toulouse.fr\/l-eau-et-les-reves\/wp-content\/uploads\/sites\/6\/2022\/03\/Lame-de-fond-2-Jean-Pierre-GEAY-Roger-BENSASSON-MGM-1-768x538.jpg 768w\" sizes=\"auto, (max-width: 1000px) 100vw, 1000px\" \/><\/a><figcaption>Lame de fond<\/figcaption><\/figure>\n<\/figure>\n<\/div><\/div>\n        <\/div>\n    <\/div>\n    <div class=\"row\">\n        <div class=\"col-12 offset-0 col-lg-8 offset-lg-2 col-xl-6 offset-xl-3\">\n\n\n<p><\/p>\n","protected":false},"excerpt":{"rendered":"","protected":false},"author":4,"featured_media":0,"parent":0,"menu_order":20,"comment_status":"closed","ping_status":"closed","template":"","meta":{"footnotes":""},"class_list":["post-345","page","type-page","status-publish","hentry"],"_links":{"self":[{"href":"https:\/\/expo.rosalis.bibliotheque.toulouse.fr\/l-eau-et-les-reves\/wp-json\/wp\/v2\/pages\/345","targetHints":{"allow":["GET"]}}],"collection":[{"href":"https:\/\/expo.rosalis.bibliotheque.toulouse.fr\/l-eau-et-les-reves\/wp-json\/wp\/v2\/pages"}],"about":[{"href":"https:\/\/expo.rosalis.bibliotheque.toulouse.fr\/l-eau-et-les-reves\/wp-json\/wp\/v2\/types\/page"}],"author":[{"embeddable":true,"href":"https:\/\/expo.rosalis.bibliotheque.toulouse.fr\/l-eau-et-les-reves\/wp-json\/wp\/v2\/users\/4"}],"replies":[{"embeddable":true,"href":"https:\/\/expo.rosalis.bibliotheque.toulouse.fr\/l-eau-et-les-reves\/wp-json\/wp\/v2\/comments?post=345"}],"version-history":[{"count":43,"href":"https:\/\/expo.rosalis.bibliotheque.toulouse.fr\/l-eau-et-les-reves\/wp-json\/wp\/v2\/pages\/345\/revisions"}],"predecessor-version":[{"id":543,"href":"https:\/\/expo.rosalis.bibliotheque.toulouse.fr\/l-eau-et-les-reves\/wp-json\/wp\/v2\/pages\/345\/revisions\/543"}],"wp:attachment":[{"href":"https:\/\/expo.rosalis.bibliotheque.toulouse.fr\/l-eau-et-les-reves\/wp-json\/wp\/v2\/media?parent=345"}],"curies":[{"name":"wp","href":"https:\/\/api.w.org\/{rel}","templated":true}]}}