{"id":1243,"date":"2022-04-19T09:34:50","date_gmt":"2022-04-19T07:34:50","guid":{"rendered":"https:\/\/expo.rosalis.bibliotheque.toulouse.fr\/l-eau-et-les-reves\/?page_id=1243"},"modified":"2022-04-19T11:25:17","modified_gmt":"2022-04-19T09:25:17","slug":"le-livre-pauvre-en-mouvements-par-julien-michel","status":"publish","type":"page","link":"https:\/\/expo.rosalis.bibliotheque.toulouse.fr\/l-eau-et-les-reves\/ressources-medias\/le-livre-pauvre-en-mouvements-par-julien-michel\/","title":{"rendered":"Le livre pauvre en mouvement(s), par Julien Michel"},"content":{"rendered":"\n<div class=\"wp-block-expo-extract\"><p class=\"extract_title colored\">En r\u00e9sum\u00e9<\/p><p class=\"extract_content\">L&rsquo;exposition \u00ab\u00a0Livres pauvres : arts &amp; po\u00e9sies m\u00eal\u00e9s\u00a0\u00bb pr\u00e9sente une collection d&rsquo;\u0153uvres sur la th\u00e9matique \u00ab\u00a0L&rsquo;eau et les r\u00eaves\u00a0\u00bb, suite \u00e0 l\u2019appel \u00e0 contributions propos\u00e9 par Daniel Leuwers en collaboration avec les biblioth\u00e8ques de Toulouse. Cet appel, effectu\u00e9 d\u2019ao\u00fbt \u00e0 d\u00e9cembre 2021, a \u00e9t\u00e9 une mani\u00e8re de faire conna\u00eetre une d\u00e9marche cr\u00e9ative particuli\u00e8re et de r\u00e9colter les \u0153uvres de po\u00e8tes et artistes contemporains tels que G\u00e9rard Le Gouic, Pierre Bergounioux, Max Alhau, Giraud Cauchy, Maria Desm\u00e9e ou encore Ghislaine Lejard, etc, t\u00e9moignant ainsi des diff\u00e9rents mouvements artistiques et po\u00e9tiques de notre temps. Ainsi les 40 livres pauvres issus de ce projet sont actuellement expos\u00e9s \u00e0 la Biblioth\u00e8que d&rsquo;\u00c9tude et du Patrimoine et \u00e0 la M\u00e9diath\u00e8que Grand M.<\/p><\/div>\n\n\n\n<p>D\u2019une immobilit\u00e9 sculpturale, taill\u00e9e dans le marbre blanc d\u2019une feuille rigide, le livre pauvre d\u00e9ploie ses volumes dans l\u2019espace d\u2019exposition sans bouger de sa vitrine. Le mouvement habituel du lecteur est renvers\u00e9, l\u2019animation du livre, sugg\u00e9r\u00e9e&nbsp;: on ne tourne plus les pages, on tourne autour d\u2019elles. Leur manipulation s\u2019est effac\u00e9e derri\u00e8re l\u2019id\u00e9e que le lecteur\/spectateur est tenu \u00e0 distance du livre, emp\u00each\u00e9 de le toucher, et invit\u00e9 \u00e0 se d\u00e9placer jusqu\u2019\u00e0 lui.<\/p>\n\n\n\n<div class=\"wp-block-image\"><figure class=\"aligncenter size-full\"><img loading=\"lazy\" decoding=\"async\" width=\"700\" height=\"438\" src=\"https:\/\/expo.rosalis.bibliotheque.toulouse.fr\/l-eau-et-les-reves\/wp-content\/uploads\/sites\/6\/2022\/04\/11_DAN2-700x438-1.jpg\" alt=\"\" class=\"wp-image-1244\" srcset=\"https:\/\/expo.rosalis.bibliotheque.toulouse.fr\/l-eau-et-les-reves\/wp-content\/uploads\/sites\/6\/2022\/04\/11_DAN2-700x438-1.jpg 700w, https:\/\/expo.rosalis.bibliotheque.toulouse.fr\/l-eau-et-les-reves\/wp-content\/uploads\/sites\/6\/2022\/04\/11_DAN2-700x438-1-300x188.jpg 300w\" sizes=\"auto, (max-width: 700px) 100vw, 700px\" \/><figcaption><em>Dans le fleuve tissu vertical<\/em>, Sanda Vo\u00efca et Adeline Contreras<\/figcaption><\/figure><\/div>\n\n\n\n<p>Il y d\u00e9couvre alors l\u2019\u00e9criture, l\u2019encre d\u00e9pos\u00e9es sur la mati\u00e8re qui ruissellent le long de lignes imaginaires et abondent sous la plume port\u00e9e par les r\u00eaves et la pens\u00e9e. Les flots se d\u00e9versent dans le silence d\u2019un \u00ab&nbsp;tissu-fleuve&nbsp;\u00bb (S. Vo\u00efca, A. Contreras) qui gonfle \u00e0 mesure que l\u2019\u00e9crivain se laisse emporter entre les rives o\u00f9 s\u2019allongent les pinceaux, roseaux tendus comme des mains amies. Et leurs interventions de se substituer au geste de lire&nbsp;: comme des gouttes qui \u00e9clatent (A. Casanova, M. Oh), les vers rebondissent, jaillissent \u00e0 la vue du lecteur.<\/p>\n\n\n\n<div class=\"wp-block-image\"><figure class=\"aligncenter size-full\"><img loading=\"lazy\" decoding=\"async\" width=\"700\" height=\"438\" src=\"https:\/\/expo.rosalis.bibliotheque.toulouse.fr\/l-eau-et-les-reves\/wp-content\/uploads\/sites\/6\/2022\/04\/33_Goutte-a-goutte-2_OH_CASANOVA-700x438-1.jpg\" alt=\"\" class=\"wp-image-1245\" srcset=\"https:\/\/expo.rosalis.bibliotheque.toulouse.fr\/l-eau-et-les-reves\/wp-content\/uploads\/sites\/6\/2022\/04\/33_Goutte-a-goutte-2_OH_CASANOVA-700x438-1.jpg 700w, https:\/\/expo.rosalis.bibliotheque.toulouse.fr\/l-eau-et-les-reves\/wp-content\/uploads\/sites\/6\/2022\/04\/33_Goutte-a-goutte-2_OH_CASANOVA-700x438-1-300x188.jpg 300w\" sizes=\"auto, (max-width: 700px) 100vw, 700px\" \/><figcaption><em>Goutte \u00e0 goutte<\/em>, Myriam OH et Ang\u00e8le Casanova<\/figcaption><\/figure><\/div>\n\n\n\n<p>Le livre pauvre est un dialogue qui r\u00e9unit l\u2019art et la po\u00e9sie, multiplie les allers et les retours entre l\u2019un et l\u2019autre. Sans cesse les disciplines se rencontrent, s\u2019affrontent ou se r\u00e9pondent pour accueillir les exp\u00e9riences des pov\u00e9ristes&nbsp;; po\u00e8tes s\u2019essayant \u00e0 la peinture ou artistes adoptant la plume. \u00c0 la surface du papier \u00ab&nbsp;cr\u00eat\u00e9 d\u2019\u00e9cume&nbsp;\u00bb (M. Partezana, P. Bergounioux) o\u00f9 ondulent les mots et les interventions plastiques, flottent les innombrables possibilit\u00e9s du genre, voguant librement d\u2019une page \u00e0 l\u2019autre, de la couverture au colophon.<\/p>\n\n\n\n<div class=\"wp-block-image\"><figure class=\"aligncenter size-full\"><img loading=\"lazy\" decoding=\"async\" width=\"700\" height=\"438\" src=\"https:\/\/expo.rosalis.bibliotheque.toulouse.fr\/l-eau-et-les-reves\/wp-content\/uploads\/sites\/6\/2022\/04\/31_ATL1-700x438-1.jpg\" alt=\"\" class=\"wp-image-1246\" srcset=\"https:\/\/expo.rosalis.bibliotheque.toulouse.fr\/l-eau-et-les-reves\/wp-content\/uploads\/sites\/6\/2022\/04\/31_ATL1-700x438-1.jpg 700w, https:\/\/expo.rosalis.bibliotheque.toulouse.fr\/l-eau-et-les-reves\/wp-content\/uploads\/sites\/6\/2022\/04\/31_ATL1-700x438-1-300x188.jpg 300w\" sizes=\"auto, (max-width: 700px) 100vw, 700px\" \/><figcaption><em>Atlantique<\/em>, Pierre Bergounioux et Max Partezana<\/figcaption><\/figure><\/div>\n\n\n\n<p>Les limites ne sont plus ou s\u2019\u00e9vaporent pour accueillir les excentricit\u00e9s de chacun. Il est, encore, le lieu mouvant d\u2019un \u00e9change permanent entre des cultures diff\u00e9rentes, ignorant des fronti\u00e8res physiques&nbsp;: il circule sans cesse, expos\u00e9 partout dans le monde.<\/p>\n\n\n\n<div class=\"wp-block-image\"><figure class=\"aligncenter size-full\"><img loading=\"lazy\" decoding=\"async\" width=\"700\" height=\"525\" src=\"https:\/\/expo.rosalis.bibliotheque.toulouse.fr\/l-eau-et-les-reves\/wp-content\/uploads\/sites\/6\/2022\/04\/Presence-sous-vitrine-700x525-1.jpg\" alt=\"\" class=\"wp-image-1247\" srcset=\"https:\/\/expo.rosalis.bibliotheque.toulouse.fr\/l-eau-et-les-reves\/wp-content\/uploads\/sites\/6\/2022\/04\/Presence-sous-vitrine-700x525-1.jpg 700w, https:\/\/expo.rosalis.bibliotheque.toulouse.fr\/l-eau-et-les-reves\/wp-content\/uploads\/sites\/6\/2022\/04\/Presence-sous-vitrine-700x525-1-300x225.jpg 300w\" sizes=\"auto, (max-width: 700px) 100vw, 700px\" \/><figcaption>Au centre, <em>Pr\u00e9sence <\/em>de Max Alhau et Corina Sbaffo expos\u00e9 dans une vitrine de la salle d\u2019exposition de la Biblioth\u00e8que d\u2019\u00c9tude et du Patrimoine<\/figcaption><\/figure><\/div>\n\n\n\n<p>C\u2019est ainsi l\u2019espace d\u2019exp\u00e9riences nouvelles, o\u00f9 l\u2019on \u00ab&nbsp;flotte entre deux r\u00eaves&nbsp;\u00bb (M. Alhau, C. Sbaffo), port\u00e9 par les mots et les images fondus en une \u00ab&nbsp;eau qui parle&nbsp;\u00bb, comme l\u2019\u00e9crit Bachelard. Cette derni\u00e8re est-elle pour autant la \u00ab&nbsp;ma\u00eetresse du langage fluide&nbsp;\u00bb qu\u2019il \u00e9voque&nbsp;? En r\u00e9alit\u00e9 le langage pov\u00e9riste n\u2019est pas tout \u00e0 fait fluide. Il est fait d\u2019accidents, d\u2019\u00ab&nbsp;assauts qui embrasent les yeux&nbsp;\u00bb (D. Leuwers, C. Cordrie), d\u2019orni\u00e8res o\u00f9 \u00e9chouent, germent et fleurissent les fruits d\u2019un mouvement permanent, d\u2019une marche vers&nbsp;l\u2019au-del\u00e0 de l\u2019art et de la litt\u00e9rature conjugu\u00e9s.<\/p>\n\n\n\n<figure class=\"wp-block-pullquote\"><blockquote><p>Julien Michel<\/p><cite>Historien de l&rsquo;art<\/cite><\/blockquote><\/figure>\n","protected":false},"excerpt":{"rendered":"<p>D\u2019une immobilit\u00e9 sculpturale, taill\u00e9e dans le marbre blanc d\u2019une feuille rigide, le livre pauvre d\u00e9ploie ses volumes dans l\u2019espace d\u2019exposition sans bouger de sa vitrine. Le mouvement habituel du lecteur est renvers\u00e9, l\u2019animation du livre, sugg\u00e9r\u00e9e&nbsp;: on ne tourne plus les pages, on tourne autour d\u2019elles. Leur manipulation s\u2019est effac\u00e9e derri\u00e8re l\u2019id\u00e9e que le lecteur\/spectateur [&hellip;]<\/p>\n","protected":false},"author":4,"featured_media":0,"parent":1177,"menu_order":5,"comment_status":"closed","ping_status":"closed","template":"","meta":{"footnotes":""},"class_list":["post-1243","page","type-page","status-publish","hentry"],"_links":{"self":[{"href":"https:\/\/expo.rosalis.bibliotheque.toulouse.fr\/l-eau-et-les-reves\/wp-json\/wp\/v2\/pages\/1243","targetHints":{"allow":["GET"]}}],"collection":[{"href":"https:\/\/expo.rosalis.bibliotheque.toulouse.fr\/l-eau-et-les-reves\/wp-json\/wp\/v2\/pages"}],"about":[{"href":"https:\/\/expo.rosalis.bibliotheque.toulouse.fr\/l-eau-et-les-reves\/wp-json\/wp\/v2\/types\/page"}],"author":[{"embeddable":true,"href":"https:\/\/expo.rosalis.bibliotheque.toulouse.fr\/l-eau-et-les-reves\/wp-json\/wp\/v2\/users\/4"}],"replies":[{"embeddable":true,"href":"https:\/\/expo.rosalis.bibliotheque.toulouse.fr\/l-eau-et-les-reves\/wp-json\/wp\/v2\/comments?post=1243"}],"version-history":[{"count":3,"href":"https:\/\/expo.rosalis.bibliotheque.toulouse.fr\/l-eau-et-les-reves\/wp-json\/wp\/v2\/pages\/1243\/revisions"}],"predecessor-version":[{"id":1265,"href":"https:\/\/expo.rosalis.bibliotheque.toulouse.fr\/l-eau-et-les-reves\/wp-json\/wp\/v2\/pages\/1243\/revisions\/1265"}],"up":[{"embeddable":true,"href":"https:\/\/expo.rosalis.bibliotheque.toulouse.fr\/l-eau-et-les-reves\/wp-json\/wp\/v2\/pages\/1177"}],"wp:attachment":[{"href":"https:\/\/expo.rosalis.bibliotheque.toulouse.fr\/l-eau-et-les-reves\/wp-json\/wp\/v2\/media?parent=1243"}],"curies":[{"name":"wp","href":"https:\/\/api.w.org\/{rel}","templated":true}]}}