{"id":1054,"date":"2022-04-13T15:24:59","date_gmt":"2022-04-13T13:24:59","guid":{"rendered":"https:\/\/expo.rosalis.bibliotheque.toulouse.fr\/l-eau-et-les-reves\/?page_id=1054"},"modified":"2022-06-01T10:10:31","modified_gmt":"2022-06-01T08:10:31","slug":"galerie-photos","status":"publish","type":"page","link":"https:\/\/expo.rosalis.bibliotheque.toulouse.fr\/l-eau-et-les-reves\/ressources-medias\/galerie-photos\/","title":{"rendered":"Galerie photos et vid\u00e9o"},"content":{"rendered":"\n<div class=\"wp-block-expo-extract\"><p class=\"extract_title colored\">Voir et revoir<\/p><p class=\"extract_content\">Galerie photos et vid\u00e9o consacr\u00e9e au temps fort autour de la collection de livres pauvres sur le th\u00e8me \u00ab\u00a0L&rsquo;eau et les r\u00eaves\u00a0\u00bb pr\u00e9sent\u00e9e \u00e0 la Biblioth\u00e8que de Toulouse en 2022 : retour sur le montage et les expositions \u00e0 la Biblioth\u00e8que d&rsquo;\u00e9tude et du patrimoine et \u00e0 la M\u00e9diath\u00e8que Grand M.<\/p><\/div>\n\n\n\n<h2 class=\"wp-block-heading\">La vid\u00e9o<\/h2>\n\n\n\n<figure class=\"wp-block-video\"><video controls src=\"https:\/\/expo.rosalis.bibliotheque.toulouse.fr\/l-eau-et-les-reves\/wp-content\/uploads\/sites\/6\/2022\/04\/Livres%20Pauvres%20BEP%20MGM%20Version%20Ultime.mp4\"><\/video><\/figure>\n\n\n\n<div style=\"height:79px\" aria-hidden=\"true\" class=\"wp-block-spacer\"><\/div>\n\n\n\n<h2 class=\"has-text-align-left wp-block-heading\" id=\"montage-de-l-exposition\">Montage de l&rsquo;exposition<\/h2>\n\n\n\n<div class=\"wp-block-image\"><figure class=\"aligncenter size-full is-resized\"><img loading=\"lazy\" decoding=\"async\" src=\"https:\/\/expo.rosalis.bibliotheque.toulouse.fr\/l-eau-et-les-reves\/wp-content\/uploads\/sites\/6\/2022\/04\/montage_bep-1_1024x768.jpg\" alt=\"\" class=\"wp-image-1079\" width=\"768\" height=\"576\" srcset=\"https:\/\/expo.rosalis.bibliotheque.toulouse.fr\/l-eau-et-les-reves\/wp-content\/uploads\/sites\/6\/2022\/04\/montage_bep-1_1024x768.jpg 1024w, https:\/\/expo.rosalis.bibliotheque.toulouse.fr\/l-eau-et-les-reves\/wp-content\/uploads\/sites\/6\/2022\/04\/montage_bep-1_1024x768-300x225.jpg 300w, https:\/\/expo.rosalis.bibliotheque.toulouse.fr\/l-eau-et-les-reves\/wp-content\/uploads\/sites\/6\/2022\/04\/montage_bep-1_1024x768-768x576.jpg 768w\" sizes=\"auto, (max-width: 768px) 100vw, 768px\" \/><figcaption>Un montage de l&rsquo;exposition qui se fait dans la bonne humeur !<\/figcaption><\/figure><\/div>\n\n\n\n<div style=\"height:50px\" aria-hidden=\"true\" class=\"wp-block-spacer\"><\/div>\n\n\n\n<h2 class=\"has-text-align-left wp-block-heading\" id=\"exposition-a-la-bibliotheque-d-etude-et-du-patrimoine\">Exposition \u00e0 la Biblioth\u00e8que d&rsquo;\u00e9tude et du patrimoine<\/h2>\n\n\n\n            <\/div>\n        <\/div>\n        <div class=\"row no-gutters\">\n            <div class=\"col-12\">\n    <div class=\"swiper_nomargin_cont\">\n<div class=\"wp-block-expo-carrousel swiper_element_cont\"><div class=\"swiper-container mcr-swiper-container js-mcr-swiper-container\"><div class=\"swiper-wrapper mcr-swiper-wrapper\"><div class=\"swiper-slide mcr-swiper-slide\"><img decoding=\"async\" src=\"https:\/\/expo.rosalis.bibliotheque.toulouse.fr\/l-eau-et-les-reves\/wp-content\/uploads\/sites\/6\/2022\/04\/20220415_162633-1024x768.jpg\" alt=\"\"\/><\/div><div class=\"swiper-slide mcr-swiper-slide\"><img decoding=\"async\" src=\"https:\/\/expo.rosalis.bibliotheque.toulouse.fr\/l-eau-et-les-reves\/wp-content\/uploads\/sites\/6\/2022\/04\/bep-2_1024x768.jpg\" alt=\"\"\/><\/div><div class=\"swiper-slide mcr-swiper-slide\"><img decoding=\"async\" src=\"https:\/\/expo.rosalis.bibliotheque.toulouse.fr\/l-eau-et-les-reves\/wp-content\/uploads\/sites\/6\/2022\/04\/bep-3_1024x768.jpg\" alt=\"\"\/><\/div><div class=\"swiper-slide mcr-swiper-slide\"><img decoding=\"async\" src=\"https:\/\/expo.rosalis.bibliotheque.toulouse.fr\/l-eau-et-les-reves\/wp-content\/uploads\/sites\/6\/2022\/04\/bep-4_1024x768.jpg\" alt=\"\"\/><\/div><div class=\"swiper-slide mcr-swiper-slide\"><img decoding=\"async\" src=\"https:\/\/expo.rosalis.bibliotheque.toulouse.fr\/l-eau-et-les-reves\/wp-content\/uploads\/sites\/6\/2022\/04\/bep-5-1024x768-1.jpg\" alt=\"\"\/><\/div><div class=\"swiper-slide mcr-swiper-slide\"><img decoding=\"async\" src=\"https:\/\/expo.rosalis.bibliotheque.toulouse.fr\/l-eau-et-les-reves\/wp-content\/uploads\/sites\/6\/2022\/04\/20220308_172807.jpg\" alt=\"\"\/><\/div><div class=\"swiper-slide mcr-swiper-slide\"><img decoding=\"async\" src=\"https:\/\/expo.rosalis.bibliotheque.toulouse.fr\/l-eau-et-les-reves\/wp-content\/uploads\/sites\/6\/2022\/04\/20220308_172850.jpg\" alt=\"\"\/><\/div><div class=\"swiper-slide mcr-swiper-slide\"><img decoding=\"async\" src=\"https:\/\/expo.rosalis.bibliotheque.toulouse.fr\/l-eau-et-les-reves\/wp-content\/uploads\/sites\/6\/2022\/04\/bep-6_1024x768.jpg\" alt=\"\"\/><\/div><div class=\"swiper-slide mcr-swiper-slide\"><img decoding=\"async\" src=\"https:\/\/expo.rosalis.bibliotheque.toulouse.fr\/l-eau-et-les-reves\/wp-content\/uploads\/sites\/6\/2022\/04\/20220308_172904-1024x768.jpg\" alt=\"\"\/><\/div><div class=\"swiper-slide mcr-swiper-slide\"><img decoding=\"async\" src=\"https:\/\/expo.rosalis.bibliotheque.toulouse.fr\/l-eau-et-les-reves\/wp-content\/uploads\/sites\/6\/2022\/04\/bep-8_1024x768.jpg\" alt=\"\"\/><\/div><div class=\"swiper-slide mcr-swiper-slide\"><img decoding=\"async\" src=\"https:\/\/expo.rosalis.bibliotheque.toulouse.fr\/l-eau-et-les-reves\/wp-content\/uploads\/sites\/6\/2022\/04\/bep-9_768x1024-rotated-e1649856102771.jpg\" alt=\"\"\/><\/div><div class=\"swiper-slide mcr-swiper-slide\"><img decoding=\"async\" src=\"https:\/\/expo.rosalis.bibliotheque.toulouse.fr\/l-eau-et-les-reves\/wp-content\/uploads\/sites\/6\/2022\/04\/bep-10_1024x768.jpg\" alt=\"\"\/><\/div><div class=\"swiper-slide mcr-swiper-slide\"><img decoding=\"async\" src=\"https:\/\/expo.rosalis.bibliotheque.toulouse.fr\/l-eau-et-les-reves\/wp-content\/uploads\/sites\/6\/2022\/04\/bep-11_1024x768.jpg\" alt=\"\"\/><\/div><div class=\"swiper-slide mcr-swiper-slide\"><img decoding=\"async\" src=\"https:\/\/expo.rosalis.bibliotheque.toulouse.fr\/l-eau-et-les-reves\/wp-content\/uploads\/sites\/6\/2022\/04\/bep-12_1024x768.jpg\" alt=\"\"\/><\/div><\/div><\/div><div class=\"js-mcr-swiper-button-prev swiper-button-prev mcr-swiper-button-prev border_colored colored\"><span>Pr\u00e9c\u00e9dent<\/span><\/div><div class=\"figcaption_cont\"><figcaption><\/figcaption><\/div><div class=\"js-mcr-swiper-button-next swiper-button-next mcr-swiper-button-next border_colored colored\"><span>Suivant<\/span><\/div><\/div>\n<\/div>\n        <\/div>\n    <\/div>\n    <div class=\"row\">\n        <div class=\"col-12 offset-0 col-lg-8 offset-lg-2 col-xl-6 offset-xl-3\">\n\n\n<div style=\"height:50px\" aria-hidden=\"true\" class=\"wp-block-spacer\"><\/div>\n\n\n\n<h2 class=\"wp-block-heading\" id=\"exposition-a-la-mediatheque-grand-m\">Exposition \u00e0 la M\u00e9diath\u00e8que Grand M<\/h2>\n\n\n\n            <\/div>\n        <\/div>\n        <div class=\"row no-gutters\">\n            <div class=\"col-12\">\n    <div class=\"swiper_nomargin_cont\">\n<div class=\"wp-block-expo-carrousel swiper_element_cont\"><div class=\"swiper-container mcr-swiper-container js-mcr-swiper-container\"><div class=\"swiper-wrapper mcr-swiper-wrapper\"><div class=\"swiper-slide mcr-swiper-slide\"><img decoding=\"async\" src=\"https:\/\/expo.rosalis.bibliotheque.toulouse.fr\/l-eau-et-les-reves\/wp-content\/uploads\/sites\/6\/2022\/04\/MGM_1024x768.jpg\" alt=\"\"\/><\/div><div class=\"swiper-slide mcr-swiper-slide\"><img decoding=\"async\" src=\"https:\/\/expo.rosalis.bibliotheque.toulouse.fr\/l-eau-et-les-reves\/wp-content\/uploads\/sites\/6\/2022\/04\/IMG_20220308_121549.jpg\" alt=\"\"\/><\/div><div class=\"swiper-slide mcr-swiper-slide\"><img decoding=\"async\" src=\"https:\/\/expo.rosalis.bibliotheque.toulouse.fr\/l-eau-et-les-reves\/wp-content\/uploads\/sites\/6\/2022\/04\/MGM-7_1024x768.jpg\" alt=\"\"\/><\/div><div class=\"swiper-slide mcr-swiper-slide\"><img decoding=\"async\" src=\"https:\/\/expo.rosalis.bibliotheque.toulouse.fr\/l-eau-et-les-reves\/wp-content\/uploads\/sites\/6\/2022\/04\/MGM-6_1024x768.jpg\" alt=\"\"\/><\/div><div class=\"swiper-slide mcr-swiper-slide\"><img decoding=\"async\" src=\"https:\/\/expo.rosalis.bibliotheque.toulouse.fr\/l-eau-et-les-reves\/wp-content\/uploads\/sites\/6\/2022\/04\/MGM-5_1024x768.jpg\" alt=\"\"\/><\/div><div class=\"swiper-slide mcr-swiper-slide\"><img decoding=\"async\" src=\"https:\/\/expo.rosalis.bibliotheque.toulouse.fr\/l-eau-et-les-reves\/wp-content\/uploads\/sites\/6\/2022\/04\/MGM-4_1024x768-1-1.jpg\" alt=\"\"\/><\/div><div class=\"swiper-slide mcr-swiper-slide\"><img decoding=\"async\" src=\"https:\/\/expo.rosalis.bibliotheque.toulouse.fr\/l-eau-et-les-reves\/wp-content\/uploads\/sites\/6\/2022\/04\/MGM-3_1024x768.jpg\" alt=\"\"\/><\/div><div class=\"swiper-slide mcr-swiper-slide\"><img decoding=\"async\" src=\"https:\/\/expo.rosalis.bibliotheque.toulouse.fr\/l-eau-et-les-reves\/wp-content\/uploads\/sites\/6\/2022\/04\/mgm-5_768x1024.jpg\" alt=\"\"\/><\/div><div class=\"swiper-slide mcr-swiper-slide\"><img decoding=\"async\" src=\"https:\/\/expo.rosalis.bibliotheque.toulouse.fr\/l-eau-et-les-reves\/wp-content\/uploads\/sites\/6\/2022\/04\/mgm-3_768x1024.jpg\" alt=\"\"\/><\/div><div class=\"swiper-slide mcr-swiper-slide\"><img decoding=\"async\" src=\"https:\/\/expo.rosalis.bibliotheque.toulouse.fr\/l-eau-et-les-reves\/wp-content\/uploads\/sites\/6\/2022\/04\/mgm-4_1024x768.jpg\" alt=\"\"\/><\/div><div class=\"swiper-slide mcr-swiper-slide\"><img decoding=\"async\" src=\"https:\/\/expo.rosalis.bibliotheque.toulouse.fr\/l-eau-et-les-reves\/wp-content\/uploads\/sites\/6\/2022\/04\/mgm-2_1024x768.jpg\" alt=\"\"\/><\/div><div class=\"swiper-slide mcr-swiper-slide\"><img decoding=\"async\" src=\"https:\/\/expo.rosalis.bibliotheque.toulouse.fr\/l-eau-et-les-reves\/wp-content\/uploads\/sites\/6\/2022\/04\/mgm-1_1024x768.jpg\" alt=\"\"\/><\/div><\/div><\/div><div class=\"js-mcr-swiper-button-prev swiper-button-prev mcr-swiper-button-prev border_colored colored\"><span>Pr\u00e9c\u00e9dent<\/span><\/div><div class=\"figcaption_cont\"><figcaption><\/figcaption><\/div><div class=\"js-mcr-swiper-button-next swiper-button-next mcr-swiper-button-next border_colored colored\"><span>Suivant<\/span><\/div><\/div>\n<\/div>\n        <\/div>\n    <\/div>\n    <div class=\"row\">\n        <div class=\"col-12 offset-0 col-lg-8 offset-lg-2 col-xl-6 offset-xl-3\">","protected":false},"excerpt":{"rendered":"<p>La vid\u00e9o Montage de l&rsquo;exposition Exposition \u00e0 la Biblioth\u00e8que d&rsquo;\u00e9tude et du patrimoine Exposition \u00e0 la M\u00e9diath\u00e8que Grand M<\/p>\n","protected":false},"author":4,"featured_media":1254,"parent":1177,"menu_order":3,"comment_status":"closed","ping_status":"closed","template":"","meta":{"footnotes":""},"class_list":["post-1054","page","type-page","status-publish","has-post-thumbnail","hentry"],"_links":{"self":[{"href":"https:\/\/expo.rosalis.bibliotheque.toulouse.fr\/l-eau-et-les-reves\/wp-json\/wp\/v2\/pages\/1054","targetHints":{"allow":["GET"]}}],"collection":[{"href":"https:\/\/expo.rosalis.bibliotheque.toulouse.fr\/l-eau-et-les-reves\/wp-json\/wp\/v2\/pages"}],"about":[{"href":"https:\/\/expo.rosalis.bibliotheque.toulouse.fr\/l-eau-et-les-reves\/wp-json\/wp\/v2\/types\/page"}],"author":[{"embeddable":true,"href":"https:\/\/expo.rosalis.bibliotheque.toulouse.fr\/l-eau-et-les-reves\/wp-json\/wp\/v2\/users\/4"}],"replies":[{"embeddable":true,"href":"https:\/\/expo.rosalis.bibliotheque.toulouse.fr\/l-eau-et-les-reves\/wp-json\/wp\/v2\/comments?post=1054"}],"version-history":[{"count":27,"href":"https:\/\/expo.rosalis.bibliotheque.toulouse.fr\/l-eau-et-les-reves\/wp-json\/wp\/v2\/pages\/1054\/revisions"}],"predecessor-version":[{"id":1316,"href":"https:\/\/expo.rosalis.bibliotheque.toulouse.fr\/l-eau-et-les-reves\/wp-json\/wp\/v2\/pages\/1054\/revisions\/1316"}],"up":[{"embeddable":true,"href":"https:\/\/expo.rosalis.bibliotheque.toulouse.fr\/l-eau-et-les-reves\/wp-json\/wp\/v2\/pages\/1177"}],"wp:featuredmedia":[{"embeddable":true,"href":"https:\/\/expo.rosalis.bibliotheque.toulouse.fr\/l-eau-et-les-reves\/wp-json\/wp\/v2\/media\/1254"}],"wp:attachment":[{"href":"https:\/\/expo.rosalis.bibliotheque.toulouse.fr\/l-eau-et-les-reves\/wp-json\/wp\/v2\/media?parent=1054"}],"curies":[{"name":"wp","href":"https:\/\/api.w.org\/{rel}","templated":true}]}}