{"id":1019,"date":"2022-04-12T12:21:42","date_gmt":"2022-04-12T10:21:42","guid":{"rendered":"https:\/\/expo.rosalis.bibliotheque.toulouse.fr\/l-eau-et-les-reves\/?page_id=1019"},"modified":"2022-04-19T09:41:19","modified_gmt":"2022-04-19T07:41:19","slug":"conference","status":"publish","type":"page","link":"https:\/\/expo.rosalis.bibliotheque.toulouse.fr\/l-eau-et-les-reves\/ressources-medias\/conference\/","title":{"rendered":"Conf\u00e9rence par Daniel Leuwers et Julien Michel"},"content":{"rendered":"\n<p>Dans le cadre de l\u2019exposition \u00ab&nbsp;Livres pauvres&nbsp;: arts et po\u00e9sies m\u00eal\u00e9s&nbsp;\u00bb, une conf\u00e9rence inaugurale a \u00e9t\u00e9 propos\u00e9e le 17 mars 2022 \u00e0 la Biblioth\u00e8que d&rsquo;\u00e9tude et du patrimoine par le po\u00e8te Daniel Leuwers, initiateur du concept du livre pauvre et Julien Michel, historien de l\u2019art. <\/p>\n\n\n\n<p>Daniel Leuwers est revenu sur la gen\u00e8se des livres pauvres, tandis que Julien Michel a dress\u00e9 une typologie de ces livres d\u2019artistes particuliers et a \u00e9voqu\u00e9 leur r\u00e9ception par le public.<\/p>\n\n\n\n<div style=\"height:34px\" aria-hidden=\"true\" class=\"wp-block-spacer\"><\/div>\n\n\n\n<figure class=\"wp-block-audio\"><audio controls src=\"https:\/\/expo.rosalis.bibliotheque.toulouse.fr\/l-eau-et-les-reves\/wp-content\/uploads\/sites\/6\/2022\/04\/conference_livres_pauvres.mp3\"><\/audio><\/figure>\n\n\n\n<div style=\"height:69px\" aria-hidden=\"true\" class=\"wp-block-spacer\"><\/div>\n\n\n\n<div class=\"wp-block-image\"><figure class=\"aligncenter size-full\"><img loading=\"lazy\" decoding=\"async\" width=\"770\" height=\"578\" src=\"https:\/\/expo.rosalis.bibliotheque.toulouse.fr\/l-eau-et-les-reves\/wp-content\/uploads\/sites\/6\/2022\/04\/Leuwers-et-Michel_770x577-1.jpg\" alt=\"\" class=\"wp-image-1213\" srcset=\"https:\/\/expo.rosalis.bibliotheque.toulouse.fr\/l-eau-et-les-reves\/wp-content\/uploads\/sites\/6\/2022\/04\/Leuwers-et-Michel_770x577-1.jpg 770w, https:\/\/expo.rosalis.bibliotheque.toulouse.fr\/l-eau-et-les-reves\/wp-content\/uploads\/sites\/6\/2022\/04\/Leuwers-et-Michel_770x577-1-300x225.jpg 300w, https:\/\/expo.rosalis.bibliotheque.toulouse.fr\/l-eau-et-les-reves\/wp-content\/uploads\/sites\/6\/2022\/04\/Leuwers-et-Michel_770x577-1-768x576.jpg 768w\" sizes=\"auto, (max-width: 770px) 100vw, 770px\" \/><figcaption>Daniel Leuwers, initiateur des livres pauvres et Julien Michel, historien de l\u2019art<\/figcaption><\/figure><\/div>\n\n\n\n<div class=\"wp-block-image\"><figure class=\"aligncenter size-full\"><img loading=\"lazy\" decoding=\"async\" width=\"770\" height=\"578\" src=\"https:\/\/expo.rosalis.bibliotheque.toulouse.fr\/l-eau-et-les-reves\/wp-content\/uploads\/sites\/6\/2022\/04\/conference-livre-pauvres_770x577.jpg\" alt=\"\" class=\"wp-image-1021\" srcset=\"https:\/\/expo.rosalis.bibliotheque.toulouse.fr\/l-eau-et-les-reves\/wp-content\/uploads\/sites\/6\/2022\/04\/conference-livre-pauvres_770x577.jpg 770w, https:\/\/expo.rosalis.bibliotheque.toulouse.fr\/l-eau-et-les-reves\/wp-content\/uploads\/sites\/6\/2022\/04\/conference-livre-pauvres_770x577-300x225.jpg 300w, https:\/\/expo.rosalis.bibliotheque.toulouse.fr\/l-eau-et-les-reves\/wp-content\/uploads\/sites\/6\/2022\/04\/conference-livre-pauvres_770x577-768x576.jpg 768w\" sizes=\"auto, (max-width: 770px) 100vw, 770px\" \/><figcaption>Conf\u00e9rence inaugurale \u00ab&nbsp;Livres pauvres&nbsp;: arts et po\u00e9sies m\u00eal\u00e9s&nbsp;\u00bb le 17 mars 2022 \u00e0 la Biblioth\u00e8que d&rsquo;\u00e9tude et du patrimoine<\/figcaption><\/figure><\/div>\n\n\n\n<div class=\"wp-block-image\"><figure class=\"aligncenter size-full\"><img loading=\"lazy\" decoding=\"async\" width=\"770\" height=\"578\" src=\"https:\/\/expo.rosalis.bibliotheque.toulouse.fr\/l-eau-et-les-reves\/wp-content\/uploads\/sites\/6\/2022\/04\/artistes-livres-pauvres_770x577-2.jpg\" alt=\"\" class=\"wp-image-1224\" srcset=\"https:\/\/expo.rosalis.bibliotheque.toulouse.fr\/l-eau-et-les-reves\/wp-content\/uploads\/sites\/6\/2022\/04\/artistes-livres-pauvres_770x577-2.jpg 770w, https:\/\/expo.rosalis.bibliotheque.toulouse.fr\/l-eau-et-les-reves\/wp-content\/uploads\/sites\/6\/2022\/04\/artistes-livres-pauvres_770x577-2-300x225.jpg 300w, https:\/\/expo.rosalis.bibliotheque.toulouse.fr\/l-eau-et-les-reves\/wp-content\/uploads\/sites\/6\/2022\/04\/artistes-livres-pauvres_770x577-2-768x576.jpg 768w\" sizes=\"auto, (max-width: 770px) 100vw, 770px\" \/><figcaption>Des artistes des livres pauvres de \u00ab&nbsp;L\u2019eau et les r\u00eaves&nbsp;\u00bb avec de gauche \u00e0 droite&nbsp;: Myriam OH (po\u00e9tesse), Maria Desm\u00e9e (peintre), Fran\u00e7oise Cuxac (plasticienne), Jean-Louis Clarac (po\u00e8te)<\/figcaption><\/figure><\/div>\n\n\n\n<div class=\"wp-block-image\"><figure class=\"aligncenter size-full\"><img loading=\"lazy\" decoding=\"async\" width=\"770\" height=\"578\" src=\"https:\/\/expo.rosalis.bibliotheque.toulouse.fr\/l-eau-et-les-reves\/wp-content\/uploads\/sites\/6\/2022\/04\/Les-etudiants-livres-pauvres_770x577.jpg\" alt=\"\" class=\"wp-image-1023\" srcset=\"https:\/\/expo.rosalis.bibliotheque.toulouse.fr\/l-eau-et-les-reves\/wp-content\/uploads\/sites\/6\/2022\/04\/Les-etudiants-livres-pauvres_770x577.jpg 770w, https:\/\/expo.rosalis.bibliotheque.toulouse.fr\/l-eau-et-les-reves\/wp-content\/uploads\/sites\/6\/2022\/04\/Les-etudiants-livres-pauvres_770x577-300x225.jpg 300w, https:\/\/expo.rosalis.bibliotheque.toulouse.fr\/l-eau-et-les-reves\/wp-content\/uploads\/sites\/6\/2022\/04\/Les-etudiants-livres-pauvres_770x577-768x576.jpg 768w\" sizes=\"auto, (max-width: 770px) 100vw, 770px\" \/><figcaption>Les \u00e9tudiants du DSAA (Dipl\u00f4me Sup\u00e9rieur des Arts Appliqu\u00e9s) du lyc\u00e9e Rive Gauche de Toulouse ayant particip\u00e9 au projet de cr\u00e9ation de livres pauvres et leur enseignante de litt\u00e9rature Mathilde Bonazzi<\/figcaption><\/figure><\/div>\n","protected":false},"excerpt":{"rendered":"<p>Dans le cadre de l\u2019exposition \u00ab&nbsp;Livres pauvres&nbsp;: arts et po\u00e9sies m\u00eal\u00e9s&nbsp;\u00bb, une conf\u00e9rence inaugurale a \u00e9t\u00e9 propos\u00e9e le 17 mars 2022 \u00e0 la Biblioth\u00e8que d&rsquo;\u00e9tude et du patrimoine par le po\u00e8te Daniel Leuwers, initiateur du concept du livre pauvre et Julien Michel, historien de l\u2019art. Daniel Leuwers est revenu sur la gen\u00e8se des livres pauvres, [&hellip;]<\/p>\n","protected":false},"author":4,"featured_media":1252,"parent":1177,"menu_order":4,"comment_status":"closed","ping_status":"closed","template":"","meta":{"footnotes":""},"class_list":["post-1019","page","type-page","status-publish","has-post-thumbnail","hentry"],"_links":{"self":[{"href":"https:\/\/expo.rosalis.bibliotheque.toulouse.fr\/l-eau-et-les-reves\/wp-json\/wp\/v2\/pages\/1019","targetHints":{"allow":["GET"]}}],"collection":[{"href":"https:\/\/expo.rosalis.bibliotheque.toulouse.fr\/l-eau-et-les-reves\/wp-json\/wp\/v2\/pages"}],"about":[{"href":"https:\/\/expo.rosalis.bibliotheque.toulouse.fr\/l-eau-et-les-reves\/wp-json\/wp\/v2\/types\/page"}],"author":[{"embeddable":true,"href":"https:\/\/expo.rosalis.bibliotheque.toulouse.fr\/l-eau-et-les-reves\/wp-json\/wp\/v2\/users\/4"}],"replies":[{"embeddable":true,"href":"https:\/\/expo.rosalis.bibliotheque.toulouse.fr\/l-eau-et-les-reves\/wp-json\/wp\/v2\/comments?post=1019"}],"version-history":[{"count":13,"href":"https:\/\/expo.rosalis.bibliotheque.toulouse.fr\/l-eau-et-les-reves\/wp-json\/wp\/v2\/pages\/1019\/revisions"}],"predecessor-version":[{"id":1253,"href":"https:\/\/expo.rosalis.bibliotheque.toulouse.fr\/l-eau-et-les-reves\/wp-json\/wp\/v2\/pages\/1019\/revisions\/1253"}],"up":[{"embeddable":true,"href":"https:\/\/expo.rosalis.bibliotheque.toulouse.fr\/l-eau-et-les-reves\/wp-json\/wp\/v2\/pages\/1177"}],"wp:featuredmedia":[{"embeddable":true,"href":"https:\/\/expo.rosalis.bibliotheque.toulouse.fr\/l-eau-et-les-reves\/wp-json\/wp\/v2\/media\/1252"}],"wp:attachment":[{"href":"https:\/\/expo.rosalis.bibliotheque.toulouse.fr\/l-eau-et-les-reves\/wp-json\/wp\/v2\/media?parent=1019"}],"curies":[{"name":"wp","href":"https:\/\/api.w.org\/{rel}","templated":true}]}}