{"id":532,"date":"2020-10-22T16:27:26","date_gmt":"2020-10-22T14:27:26","guid":{"rendered":"https:\/\/expo.rosalis.bibliotheque.toulouse.fr\/deodat-de-severac\/?page_id=532"},"modified":"2021-06-22T16:51:34","modified_gmt":"2021-06-22T14:51:34","slug":"la-collection-numerique","status":"publish","type":"page","link":"https:\/\/expo.rosalis.bibliotheque.toulouse.fr\/deodat-de-severac\/medias-ressources\/la-collection-numerique\/","title":{"rendered":"La collection num\u00e9rique"},"content":{"rendered":"\n<figure class=\"wp-block-image size-large is-resized\"><a href=\"https:\/\/rosalis.bibliotheque.toulouse.fr\/services\/engine\/search\/sru?operation=searchRetrieve&amp;exactSearch=null&amp;collapsing=true&amp;version=1.2&amp;query=(colnum%20adj%20%22RsAlis012%22)&amp;suggest=10&amp;keywords=\" target=\"_blank\" rel=\"https:\/\/rosalis.bibliotheque.toulouse.fr\/ noopener\"><img loading=\"lazy\" decoding=\"async\" src=\"https:\/\/expo.rosalis.bibliotheque.toulouse.fr\/deodat-de-severac\/wp-content\/uploads\/sites\/3\/2020\/10\/Logo-rosalis-2-1024x294.png\" alt=\"\" class=\"wp-image-553\" width=\"436\" height=\"124\"\/><\/a><\/figure>\n\n\n\n<div class=\"wp-block-expo-extract\"><p class=\"extract_title colored\"><\/p><p class=\"extract_content\">Rosalis est la biblioth\u00e8que num\u00e9rique de la Biblioth\u00e8que municipale de Toulouse. Le site b\u00e2ti en partenariat avec les \u00e9quipes de Gallica\/BnF propose en libre acc\u00e8s des collections patrimoniales num\u00e9ris\u00e9es de manuscrits enlumin\u00e9s, de livres imprim\u00e9s, de revues et quotidiens, de photographies, de cartes, documents musicaux et d&rsquo;enregistrements sonores conserv\u00e9s \u00e0 la biblioth\u00e8que, dans des institutions partenaires ou chez des collectionneurs priv\u00e9s.<br>La collection num\u00e9ris\u00e9e D\u00e9odat de S\u00e9verac compte pr\u00e8s de 400 documents : partitions manuscrites et imprim\u00e9es, correspondances, textes, portraits, affiches, programmes&#8230;<\/p><\/div>\n\n\n\n<div class=\"wp-block-buttons is-layout-flex wp-block-buttons-is-layout-flex\">\n<div class=\"wp-block-button\"><a class=\"wp-block-button__link\" href=\"https:\/\/rosalis.bibliotheque.toulouse.fr\/services\/engine\/search\/sru?operation=searchRetrieve&amp;exactSearch=null&amp;collapsing=true&amp;version=1.2&amp;query=(colnum%20adj%20%22RsAlis012%22)&amp;suggest=10&amp;keywords=\">Consultez la collection S\u00e9verac sur Rosalis<\/a><\/div>\n<\/div>\n\n\n\n<p><\/p>\n","protected":false},"excerpt":{"rendered":"","protected":false},"author":4,"featured_media":2144,"parent":339,"menu_order":18,"comment_status":"closed","ping_status":"closed","template":"","meta":{"footnotes":""},"class_list":["post-532","page","type-page","status-publish","has-post-thumbnail","hentry"],"_links":{"self":[{"href":"https:\/\/expo.rosalis.bibliotheque.toulouse.fr\/deodat-de-severac\/wp-json\/wp\/v2\/pages\/532","targetHints":{"allow":["GET"]}}],"collection":[{"href":"https:\/\/expo.rosalis.bibliotheque.toulouse.fr\/deodat-de-severac\/wp-json\/wp\/v2\/pages"}],"about":[{"href":"https:\/\/expo.rosalis.bibliotheque.toulouse.fr\/deodat-de-severac\/wp-json\/wp\/v2\/types\/page"}],"author":[{"embeddable":true,"href":"https:\/\/expo.rosalis.bibliotheque.toulouse.fr\/deodat-de-severac\/wp-json\/wp\/v2\/users\/4"}],"replies":[{"embeddable":true,"href":"https:\/\/expo.rosalis.bibliotheque.toulouse.fr\/deodat-de-severac\/wp-json\/wp\/v2\/comments?post=532"}],"version-history":[{"count":14,"href":"https:\/\/expo.rosalis.bibliotheque.toulouse.fr\/deodat-de-severac\/wp-json\/wp\/v2\/pages\/532\/revisions"}],"predecessor-version":[{"id":2370,"href":"https:\/\/expo.rosalis.bibliotheque.toulouse.fr\/deodat-de-severac\/wp-json\/wp\/v2\/pages\/532\/revisions\/2370"}],"up":[{"embeddable":true,"href":"https:\/\/expo.rosalis.bibliotheque.toulouse.fr\/deodat-de-severac\/wp-json\/wp\/v2\/pages\/339"}],"wp:featuredmedia":[{"embeddable":true,"href":"https:\/\/expo.rosalis.bibliotheque.toulouse.fr\/deodat-de-severac\/wp-json\/wp\/v2\/media\/2144"}],"wp:attachment":[{"href":"https:\/\/expo.rosalis.bibliotheque.toulouse.fr\/deodat-de-severac\/wp-json\/wp\/v2\/media?parent=532"}],"curies":[{"name":"wp","href":"https:\/\/api.w.org\/{rel}","templated":true}]}}