{"id":339,"date":"2020-08-31T11:44:07","date_gmt":"2020-08-31T09:44:07","guid":{"rendered":"https:\/\/expo.rosalis.bibliotheque.toulouse.fr\/deodat-de-severac\/?page_id=339"},"modified":"2021-05-25T11:15:54","modified_gmt":"2021-05-25T09:15:54","slug":"medias-ressources","status":"publish","type":"page","link":"https:\/\/expo.rosalis.bibliotheque.toulouse.fr\/deodat-de-severac\/medias-ressources\/","title":{"rendered":"Ressources &#038; M\u00e9dias"},"content":{"rendered":"\n<div class=\"wp-block-expo-extract\"><p class=\"extract_title colored\">En r\u00e9sum\u00e9<\/p><p class=\"extract_content\">En ligne, \u00e0 emprunter ou \u00e0 consulter sur place, les collections D\u00e9odat de S\u00e9verac de la Biblioth\u00e8que de Toulouse<\/p><\/div>\n\n\n\n<div class=\"wp-block-buttons is-layout-flex wp-block-buttons-is-layout-flex\"><\/div>\n","protected":false},"excerpt":{"rendered":"","protected":false},"author":1,"featured_media":0,"parent":0,"menu_order":15,"comment_status":"closed","ping_status":"closed","template":"","meta":{"footnotes":""},"class_list":["post-339","page","type-page","status-publish","hentry"],"_links":{"self":[{"href":"https:\/\/expo.rosalis.bibliotheque.toulouse.fr\/deodat-de-severac\/wp-json\/wp\/v2\/pages\/339","targetHints":{"allow":["GET"]}}],"collection":[{"href":"https:\/\/expo.rosalis.bibliotheque.toulouse.fr\/deodat-de-severac\/wp-json\/wp\/v2\/pages"}],"about":[{"href":"https:\/\/expo.rosalis.bibliotheque.toulouse.fr\/deodat-de-severac\/wp-json\/wp\/v2\/types\/page"}],"author":[{"embeddable":true,"href":"https:\/\/expo.rosalis.bibliotheque.toulouse.fr\/deodat-de-severac\/wp-json\/wp\/v2\/users\/1"}],"replies":[{"embeddable":true,"href":"https:\/\/expo.rosalis.bibliotheque.toulouse.fr\/deodat-de-severac\/wp-json\/wp\/v2\/comments?post=339"}],"version-history":[{"count":6,"href":"https:\/\/expo.rosalis.bibliotheque.toulouse.fr\/deodat-de-severac\/wp-json\/wp\/v2\/pages\/339\/revisions"}],"predecessor-version":[{"id":2608,"href":"https:\/\/expo.rosalis.bibliotheque.toulouse.fr\/deodat-de-severac\/wp-json\/wp\/v2\/pages\/339\/revisions\/2608"}],"wp:attachment":[{"href":"https:\/\/expo.rosalis.bibliotheque.toulouse.fr\/deodat-de-severac\/wp-json\/wp\/v2\/media?parent=339"}],"curies":[{"name":"wp","href":"https:\/\/api.w.org\/{rel}","templated":true}]}}