{"id":1273,"date":"2021-05-04T09:05:58","date_gmt":"2021-05-04T07:05:58","guid":{"rendered":"https:\/\/expo.rosalis.bibliotheque.toulouse.fr\/deodat-de-severac\/?page_id=1273"},"modified":"2021-06-23T13:49:35","modified_gmt":"2021-06-23T11:49:35","slug":"autres-regards","status":"publish","type":"page","link":"https:\/\/expo.rosalis.bibliotheque.toulouse.fr\/deodat-de-severac\/autres-regards\/","title":{"rendered":"Autres regards"},"content":{"rendered":"\n<div class=\"wp-block-expo-extract\"><p class=\"extract_title colored\">En r\u00e9sum\u00e9<\/p><p class=\"extract_content\">Points de vue de musicologues et interviews de musiciens professionnels, articles, podcasts, vid\u00e9os, applis<\/p><\/div>\n\n\n\n<div class=\"wp-block-columns is-layout-flex wp-container-core-columns-is-layout-9d6595d7 wp-block-columns-is-layout-flex\">\n<div class=\"wp-block-column is-vertically-aligned-center is-layout-flow wp-block-column-is-layout-flow\" style=\"flex-basis:100%\">\n<div class=\"wp-block-columns is-layout-flex wp-container-core-columns-is-layout-9d6595d7 wp-block-columns-is-layout-flex\">\n<div class=\"wp-block-column is-layout-flow wp-block-column-is-layout-flow\">\n<div class=\"wp-block-image\"><figure class=\"aligncenter size-large\"><a href=\"https:\/\/expo.rosalis.bibliotheque.toulouse.fr\/deodat-de-severac\/temoignage\/bibliotheque-de-toulouse\/\"><img loading=\"lazy\" decoding=\"async\" width=\"300\" height=\"300\" src=\"https:\/\/expo.rosalis.bibliotheque.toulouse.fr\/deodat-de-severac\/wp-content\/uploads\/sites\/3\/2021\/05\/062-artistes-300-1.jpg\" alt=\"\" class=\"wp-image-1559\"\/><\/a><\/figure><\/div>\n\n\n\n<p class=\"has-text-align-center has-medium-font-size\"><strong><a href=\"https:\/\/expo.rosalis.bibliotheque.toulouse.fr\/deodat-de-severac\/temoignage\/bibliotheque-de-toulouse\/\">Le Parnasse occitan<\/a><\/strong><\/p>\n\n\n\n<p class=\"has-text-align-center has-medium-font-size\"><strong>Image interactive<\/strong><\/p>\n\n\n\n<div style=\"height:60px\" aria-hidden=\"true\" class=\"wp-block-spacer\"><\/div>\n\n\n\n<div class=\"wp-block-image\"><figure class=\"aligncenter size-large\"><a href=\"https:\/\/expo.rosalis.bibliotheque.toulouse.fr\/deodat-de-severac\/temoignage\/les-amis-de-l-esparou\/\"><img loading=\"lazy\" decoding=\"async\" width=\"300\" height=\"300\" src=\"https:\/\/expo.rosalis.bibliotheque.toulouse.fr\/deodat-de-severac\/wp-content\/uploads\/sites\/3\/2021\/05\/portrait-Zodiaque-1-3.jpg\" alt=\"\" class=\"wp-image-1578\"\/><\/a><\/figure><\/div>\n\n\n\n<p class=\"has-text-align-center has-medium-font-size\"><strong><a href=\"https:\/\/expo.rosalis.bibliotheque.toulouse.fr\/deodat-de-severac\/temoignage\/les-amis-de-l-esparou\/\" data-type=\"URL\" data-id=\"https:\/\/expo.rosalis.bibliotheque.toulouse.fr\/deodat-de-severac\/temoignage\/les-amis-de-l-esparou\/\">Un regard intime sur D\u00e9odat de S\u00e9verac<\/a><\/strong><\/p>\n\n\n\n<p class=\"has-text-align-center has-medium-font-size\"><strong>Vid\u00e9os<\/strong><\/p>\n\n\n\n<div style=\"height:60px\" aria-hidden=\"true\" class=\"wp-block-spacer\"><\/div>\n\n\n\n<div class=\"wp-block-image\"><figure class=\"aligncenter size-large\"><a href=\"https:\/\/expo.rosalis.bibliotheque.toulouse.fr\/deodat-de-severac\/temoignage\/philippe-leoge-pianiste\/\"><img loading=\"lazy\" decoding=\"async\" width=\"300\" height=\"300\" src=\"https:\/\/expo.rosalis.bibliotheque.toulouse.fr\/deodat-de-severac\/wp-content\/uploads\/sites\/3\/2021\/05\/leoge4-1-1.jpg\" alt=\"\" class=\"wp-image-1591\"\/><\/a><\/figure><\/div>\n\n\n\n<p class=\"has-text-align-center has-medium-font-size\"><strong><a href=\"https:\/\/expo.rosalis.bibliotheque.toulouse.fr\/deodat-de-severac\/temoignage\/philippe-leoge-pianiste\/\" data-type=\"URL\" data-id=\"https:\/\/expo.rosalis.bibliotheque.toulouse.fr\/deodat-de-severac\/temoignage\/philippe-leoge-pianiste\/\">Hommage \u00e0 l\u2019Occitanie<\/a><\/strong><\/p>\n\n\n\n<p class=\"has-text-align-center has-medium-font-size\"><strong>Interview<\/strong><\/p>\n\n\n\n<div style=\"height:60px\" aria-hidden=\"true\" class=\"wp-block-spacer\"><\/div>\n\n\n\n<div class=\"wp-block-image\"><figure class=\"aligncenter size-large\"><img loading=\"lazy\" decoding=\"async\" width=\"300\" height=\"300\" src=\"https:\/\/expo.rosalis.bibliotheque.toulouse.fr\/deodat-de-severac\/wp-content\/uploads\/sites\/3\/2021\/06\/Sans-titre-4-1.jpg\" alt=\"\" class=\"wp-image-2395\"\/><\/figure><\/div>\n\n\n\n<p class=\"has-text-align-center has-medium-font-size\"><strong><a href=\"https:\/\/expo.rosalis.bibliotheque.toulouse.fr\/deodat-de-severac\/temoignage\/jean-jacques-cubaynes\/\">D\u00e9odat et la Convivencia<\/a><\/strong><\/p>\n\n\n\n<p class=\"has-text-align-center has-medium-font-size\"><strong>Vid\u00e9o<\/strong><\/p>\n<\/div>\n\n\n\n<div class=\"wp-block-column is-layout-flow wp-block-column-is-layout-flow\">\n<div class=\"wp-block-image\"><figure class=\"aligncenter size-large\"><a href=\"https:\/\/expo.rosalis.bibliotheque.toulouse.fr\/deodat-de-severac\/temoignage\/cimp-musee-de-la-musique\/\"><img loading=\"lazy\" decoding=\"async\" width=\"300\" height=\"300\" src=\"https:\/\/expo.rosalis.bibliotheque.toulouse.fr\/deodat-de-severac\/wp-content\/uploads\/sites\/3\/2021\/05\/deodat-2-1-1.jpg\" alt=\"\" class=\"wp-image-1561\"\/><\/a><\/figure><\/div>\n\n\n\n<p class=\"has-text-align-center has-medium-font-size\"><strong><a href=\"https:\/\/expo.rosalis.bibliotheque.toulouse.fr\/deodat-de-severac\/temoignage\/cimp-musee-de-la-musique\/\">Dans les pas de D\u00e9odat de S\u00e9verac<\/a><\/strong><\/p>\n\n\n\n<p class=\"has-text-align-center has-medium-font-size\"><strong>Appli<\/strong><\/p>\n\n\n\n<div style=\"height:60px\" aria-hidden=\"true\" class=\"wp-block-spacer\"><\/div>\n\n\n\n<div class=\"wp-block-image\"><figure class=\"aligncenter size-large\"><a href=\"https:\/\/expo.rosalis.bibliotheque.toulouse.fr\/deodat-de-severac\/temoignage\/francois-michel-rignol-pianiste\/\"><img loading=\"lazy\" decoding=\"async\" width=\"300\" height=\"300\" src=\"https:\/\/expo.rosalis.bibliotheque.toulouse.fr\/deodat-de-severac\/wp-content\/uploads\/sites\/3\/2021\/05\/fmrignol.jpg\" alt=\"\" class=\"wp-image-1586\"\/><\/a><\/figure><\/div>\n\n\n\n<p class=\"has-text-align-center has-medium-font-size\"><strong><a href=\"https:\/\/expo.rosalis.bibliotheque.toulouse.fr\/deodat-de-severac\/temoignage\/francois-michel-rignol-pianiste\/\" data-type=\"URL\" data-id=\"https:\/\/expo.rosalis.bibliotheque.toulouse.fr\/deodat-de-severac\/temoignage\/francois-michel-rignol-pianiste\/\">L&rsquo;int\u00e9grale&nbsp;de l&rsquo;\u0153uvre pour&nbsp;piano<\/a><\/strong><\/p>\n\n\n\n<p class=\"has-text-align-center has-medium-font-size\"><strong>Podcast<\/strong><\/p>\n\n\n\n<div style=\"height:94px\" aria-hidden=\"true\" class=\"wp-block-spacer\"><\/div>\n\n\n\n<div class=\"wp-block-image\"><figure class=\"aligncenter size-large\"><img loading=\"lazy\" decoding=\"async\" width=\"300\" height=\"300\" src=\"https:\/\/expo.rosalis.bibliotheque.toulouse.fr\/deodat-de-severac\/wp-content\/uploads\/sites\/3\/2021\/06\/France_Musique_-_2008.jpg\" alt=\"\" class=\"wp-image-2397\"\/><\/figure><\/div>\n\n\n\n<p class=\"has-text-align-center has-medium-font-size\"><strong><a href=\"https:\/\/expo.rosalis.bibliotheque.toulouse.fr\/deodat-de-severac\/temoignage\/france-musique\/\">Musicopolis et Relax !<\/a><\/strong><\/p>\n\n\n\n<p class=\"has-text-align-center has-medium-font-size\"><strong>Podcasts<\/strong><\/p>\n<\/div>\n<\/div>\n<\/div>\n<\/div>\n\n\n\n<div class=\"wp-block-columns is-layout-flex wp-container-core-columns-is-layout-9d6595d7 wp-block-columns-is-layout-flex\">\n<div class=\"wp-block-column is-layout-flow wp-block-column-is-layout-flow\" style=\"flex-basis:60%\">\n<div class=\"wp-block-columns is-layout-flex wp-container-core-columns-is-layout-9d6595d7 wp-block-columns-is-layout-flex\">\n<div class=\"wp-block-column is-layout-flow wp-block-column-is-layout-flow\"><\/div>\n\n\n\n<div class=\"wp-block-column is-layout-flow wp-block-column-is-layout-flow\"><\/div>\n<\/div>\n<\/div>\n<\/div>\n\n\n\n<p><\/p>\n","protected":false},"excerpt":{"rendered":"<p>Le Parnasse occitan Image interactive Un regard intime sur D\u00e9odat de S\u00e9verac Vid\u00e9os Hommage \u00e0 l\u2019Occitanie Interview D\u00e9odat et la Convivencia Vid\u00e9o Dans les pas de D\u00e9odat de S\u00e9verac Appli L&rsquo;int\u00e9grale&nbsp;de l&rsquo;\u0153uvre pour&nbsp;piano Podcast Musicopolis et Relax ! Podcasts<\/p>\n","protected":false},"author":4,"featured_media":0,"parent":0,"menu_order":4,"comment_status":"closed","ping_status":"closed","template":"","meta":{"footnotes":""},"class_list":["post-1273","page","type-page","status-publish","hentry"],"_links":{"self":[{"href":"https:\/\/expo.rosalis.bibliotheque.toulouse.fr\/deodat-de-severac\/wp-json\/wp\/v2\/pages\/1273","targetHints":{"allow":["GET"]}}],"collection":[{"href":"https:\/\/expo.rosalis.bibliotheque.toulouse.fr\/deodat-de-severac\/wp-json\/wp\/v2\/pages"}],"about":[{"href":"https:\/\/expo.rosalis.bibliotheque.toulouse.fr\/deodat-de-severac\/wp-json\/wp\/v2\/types\/page"}],"author":[{"embeddable":true,"href":"https:\/\/expo.rosalis.bibliotheque.toulouse.fr\/deodat-de-severac\/wp-json\/wp\/v2\/users\/4"}],"replies":[{"embeddable":true,"href":"https:\/\/expo.rosalis.bibliotheque.toulouse.fr\/deodat-de-severac\/wp-json\/wp\/v2\/comments?post=1273"}],"version-history":[{"count":25,"href":"https:\/\/expo.rosalis.bibliotheque.toulouse.fr\/deodat-de-severac\/wp-json\/wp\/v2\/pages\/1273\/revisions"}],"predecessor-version":[{"id":2401,"href":"https:\/\/expo.rosalis.bibliotheque.toulouse.fr\/deodat-de-severac\/wp-json\/wp\/v2\/pages\/1273\/revisions\/2401"}],"wp:attachment":[{"href":"https:\/\/expo.rosalis.bibliotheque.toulouse.fr\/deodat-de-severac\/wp-json\/wp\/v2\/media?parent=1273"}],"curies":[{"name":"wp","href":"https:\/\/api.w.org\/{rel}","templated":true}]}}