{"id":2112,"date":"2021-04-29T16:44:17","date_gmt":"2021-04-29T14:44:17","guid":{"rendered":"https:\/\/expo.rosalis.bibliotheque.toulouse.fr\/clic-clac\/?page_id=2112"},"modified":"2021-05-28T15:10:25","modified_gmt":"2021-05-28T13:10:25","slug":"espace-pedagogique-pour-le-cycle-2","status":"publish","type":"page","link":"https:\/\/expo.rosalis.bibliotheque.toulouse.fr\/clic-clac\/espace-pedagogique\/espace-pedagogique-pour-le-cycle-2\/","title":{"rendered":"CYCLE 2"},"content":{"rendered":"\n<div class=\"wp-block-expo-extract\"><p class=\"extract_title colored\">RACONTER DES HISTOIRES \u00c0 TRAVERS LES ALBUMS NARRATIFS<\/p><p class=\"extract_content\">Cet espace pr\u00e9sente quelques <strong>pistes p\u00e9dagogiques<\/strong> \u00e0 destination des <strong>enseignants du cycle 2<\/strong> afin de les accompagner dans la d\u00e9couverte de quelques <strong>albums narratifs<\/strong> de <strong>l&rsquo;exposition<\/strong> <em>\u00ab\u00a0Clic Clac, la photographie dans la litt\u00e9rature de jeunesse\u00a0\u00bb<\/em>. <br><br>L&rsquo;exposition virtuelle met en avant aussi bien les richesses des collections patrimoniales du 20<sup>e<\/sup>\u00a0si\u00e8cle que des \u00e9ditions actuelles. Elle est l&rsquo;occasion de faire <strong>rencontrer aux \u00e9l\u00e8ves des \u0153uvres<\/strong> de diff\u00e9rentes \u00e9poques, aux techniques d&rsquo;illustrations vari\u00e9es, et ainsi de construire une culture artistique de r\u00e9f\u00e9rence, comme pr\u00e9conis\u00e9 dans le Parcours d\u2019\u00c9ducation Artistique et Culturelle <strong>(PEAC)<\/strong>.<\/p><\/div>\n\n\n\n<div style=\"height:45px\" aria-hidden=\"true\" class=\"wp-block-spacer\"><\/div>\n\n\n\n<div style=\"height:15px\" aria-hidden=\"true\" class=\"wp-block-spacer\"><\/div>\n\n\n\n<hr class=\"wp-block-separator\"\/>\n\n\n\n<h2 class=\"has-text-align-center wp-block-heading\"><strong>D\u00e9couverte de quelques<\/strong> <strong>albums narratifs<\/strong> <\/h2>\n\n\n\n<div style=\"height:25px\" aria-hidden=\"true\" class=\"wp-block-spacer\"><\/div>\n\n\n\n<div class=\"embed-responsive embed-responsive-16by9\"><iframe loading=\"lazy\" class=\"embed-responsive-item\" src=\"https:\/\/www.youtube.com\/embed\/raKhEWQ4Xg8?rel=0\" title=\"YouTube video player\" allow=\"accelerometer; autoplay; clipboard-write; encrypted-media; gyroscope; picture-in-picture\" allowfullscreen=\"true\" frameborder=\"0\" height=\"315\" width=\"560\"><\/iframe><\/div>\n\n\n\n<div style=\"height:60px\" aria-hidden=\"true\" class=\"wp-block-spacer\"><\/div>\n\n\n\n<hr class=\"wp-block-separator\"\/>\n\n\n\n<h2 class=\"has-text-align-center wp-block-heading\"><strong>Trois th\u00e9matiques<\/strong> <strong>pour vous accompagner <\/strong><\/h2>\n\n\n\n<div style=\"height:25px\" aria-hidden=\"true\" class=\"wp-block-spacer\"><\/div>\n\n\n\n<div class=\"wp-block-columns is-layout-flex wp-container-core-columns-is-layout-9d6595d7 wp-block-columns-is-layout-flex\">\n<div class=\"wp-block-column is-layout-flow wp-block-column-is-layout-flow\">\n<div class=\"wp-block-columns is-layout-flex wp-container-core-columns-is-layout-9d6595d7 wp-block-columns-is-layout-flex\">\n<div class=\"wp-block-column is-layout-flow wp-block-column-is-layout-flow\" style=\"flex-basis:100%\">\n<div class=\"wp-block-columns is-layout-flex wp-container-core-columns-is-layout-9d6595d7 wp-block-columns-is-layout-flex\">\n<div class=\"wp-block-column is-layout-flow wp-block-column-is-layout-flow\">\n<div class=\"wp-block-image\"><figure class=\"aligncenter size-large is-resized\"><a href=\"https:\/\/expo.rosalis.bibliotheque.toulouse.fr\/clic-clac\/espace-pedagogique\/espace-pedagogique-pour-le-cycle-2\/raconter-a-travers-des-prises-de-vues-reelles\/\"><img loading=\"lazy\" decoding=\"async\" src=\"https:\/\/expo.rosalis.bibliotheque.toulouse.fr\/clic-clac\/wp-content\/uploads\/sites\/5\/2021\/04\/6.Deux-petits-ours-805x1024.jpg\" alt=\"\" class=\"wp-image-2179\" width=\"252\" height=\"319\"\/><\/a><\/figure><\/div>\n\n\n\n<h3 class=\"has-text-align-center wp-block-heading\">Raconter des histoires avec des prises de vues r\u00e9elles<\/h3>\n\n\n\n<div style=\"height:60px\" aria-hidden=\"true\" class=\"wp-block-spacer\"><\/div>\n<\/div>\n\n\n\n<div class=\"wp-block-column is-layout-flow wp-block-column-is-layout-flow\">\n<div class=\"wp-block-image\"><figure class=\"aligncenter size-large is-resized\"><a href=\"https:\/\/expo.rosalis.bibliotheque.toulouse.fr\/clic-clac\/espace-pedagogique\/espace-pedagogique-pour-le-cycle-2\/raconter-des-histoires-a-travers-des-mises-en-scene\/\"><img loading=\"lazy\" decoding=\"async\" src=\"https:\/\/expo.rosalis.bibliotheque.toulouse.fr\/clic-clac\/wp-content\/uploads\/sites\/5\/2021\/05\/7.Amadou_bache_RVB-840x1024.jpg\" alt=\"\" class=\"wp-image-2442\" width=\"262\" height=\"318\"\/><\/a><\/figure><\/div>\n\n\n\n<h3 class=\"has-text-align-center wp-block-heading\">Raconter des histoires par la mise en sc\u00e8ne<\/h3>\n<\/div>\n<\/div>\n<\/div>\n<\/div>\n\n\n\n<p><\/p>\n<\/div>\n<\/div>\n\n\n\n<div class=\"wp-block-columns is-layout-flex wp-container-core-columns-is-layout-9d6595d7 wp-block-columns-is-layout-flex\">\n<div class=\"wp-block-column is-layout-flow wp-block-column-is-layout-flow\" style=\"flex-basis:25%\"><\/div>\n\n\n\n<div class=\"wp-block-column is-layout-flow wp-block-column-is-layout-flow\" style=\"flex-basis:50%\">\n<div class=\"wp-block-image\"><figure class=\"aligncenter size-large is-resized\"><a href=\"https:\/\/expo.rosalis.bibliotheque.toulouse.fr\/clic-clac\/espace-pedagogique\/espace-pedagogique-pour-le-cycle-2\/raconter-des-histoires-a-travers-des-creations-en-volume\/\"><img loading=\"lazy\" decoding=\"async\" src=\"https:\/\/expo.rosalis.bibliotheque.toulouse.fr\/clic-clac\/wp-content\/uploads\/sites\/5\/2021\/05\/Loupe\u0301-.jpg\" alt=\"\" class=\"wp-image-2698\" width=\"286\" height=\"286\" srcset=\"https:\/\/expo.rosalis.bibliotheque.toulouse.fr\/clic-clac\/wp-content\/uploads\/sites\/5\/2021\/05\/Loupe\u0301-.jpg 910w, https:\/\/expo.rosalis.bibliotheque.toulouse.fr\/clic-clac\/wp-content\/uploads\/sites\/5\/2021\/05\/Loupe\u0301--300x300.jpg 300w, https:\/\/expo.rosalis.bibliotheque.toulouse.fr\/clic-clac\/wp-content\/uploads\/sites\/5\/2021\/05\/Loupe\u0301--150x150.jpg 150w, https:\/\/expo.rosalis.bibliotheque.toulouse.fr\/clic-clac\/wp-content\/uploads\/sites\/5\/2021\/05\/Loupe\u0301--768x768.jpg 768w\" sizes=\"auto, (max-width: 286px) 100vw, 286px\" \/><\/a><\/figure><\/div>\n\n\n\n<h3 class=\"has-text-align-center wp-block-heading\">Raconter des histoires avec des cr\u00e9ations en volume<\/h3>\n<\/div>\n\n\n\n<div class=\"wp-block-column is-layout-flow wp-block-column-is-layout-flow\" style=\"flex-basis:25%\"><\/div>\n<\/div>\n\n\n\n<div style=\"height:27px\" aria-hidden=\"true\" class=\"wp-block-spacer\"><\/div>\n\n\n\n<hr class=\"wp-block-separator is-style-default\"\/>\n\n\n\n<div style=\"height:27px\" aria-hidden=\"true\" class=\"wp-block-spacer\"><\/div>\n\n\n\n<p><em><span class=\"has-inline-color has-expo-color-color\"><sup>Espace p\u00e9dagogique con\u00e7u et r\u00e9alis\u00e9 par Ingrid Graslin, \u00e9tudiante en master Concepteur de Ressources Num\u00e9riques p\u00e9dagogiques \u00e0 l\u2019Insp\u00e9 Toulouse Occitanie-Pyr\u00e9n\u00e9es, lors d\u2019un stage port\u00e9 par le Service de Documentation de l\u2019Insp\u00e9, en collaboration avec la Biblioth\u00e8que d\u2019\u00c9tude et du Patrimoine et la M\u00e9diath\u00e8que Jos\u00e9-Cabanis. <\/sup><\/span><\/em><\/p>\n\n\n\n<p><em><span class=\"has-inline-color has-expo-color-color\"><sup>Mai 2021<\/sup><\/span> <\/em><\/p>\n","protected":false},"excerpt":{"rendered":"<p>D\u00e9couverte de quelques albums narratifs Trois th\u00e9matiques pour vous accompagner Raconter des histoires avec des prises de vues r\u00e9elles Raconter des histoires par la mise en sc\u00e8ne Raconter des histoires avec des cr\u00e9ations en volume Espace p\u00e9dagogique con\u00e7u et r\u00e9alis\u00e9 par Ingrid Graslin, \u00e9tudiante en master Concepteur de Ressources Num\u00e9riques p\u00e9dagogiques \u00e0 l\u2019Insp\u00e9 Toulouse Occitanie-Pyr\u00e9n\u00e9es, [&hellip;]<\/p>\n","protected":false},"author":4,"featured_media":2134,"parent":303,"menu_order":14,"comment_status":"closed","ping_status":"closed","template":"","meta":{"footnotes":""},"class_list":["post-2112","page","type-page","status-publish","has-post-thumbnail","hentry"],"_links":{"self":[{"href":"https:\/\/expo.rosalis.bibliotheque.toulouse.fr\/clic-clac\/wp-json\/wp\/v2\/pages\/2112","targetHints":{"allow":["GET"]}}],"collection":[{"href":"https:\/\/expo.rosalis.bibliotheque.toulouse.fr\/clic-clac\/wp-json\/wp\/v2\/pages"}],"about":[{"href":"https:\/\/expo.rosalis.bibliotheque.toulouse.fr\/clic-clac\/wp-json\/wp\/v2\/types\/page"}],"author":[{"embeddable":true,"href":"https:\/\/expo.rosalis.bibliotheque.toulouse.fr\/clic-clac\/wp-json\/wp\/v2\/users\/4"}],"replies":[{"embeddable":true,"href":"https:\/\/expo.rosalis.bibliotheque.toulouse.fr\/clic-clac\/wp-json\/wp\/v2\/comments?post=2112"}],"version-history":[{"count":73,"href":"https:\/\/expo.rosalis.bibliotheque.toulouse.fr\/clic-clac\/wp-json\/wp\/v2\/pages\/2112\/revisions"}],"predecessor-version":[{"id":3874,"href":"https:\/\/expo.rosalis.bibliotheque.toulouse.fr\/clic-clac\/wp-json\/wp\/v2\/pages\/2112\/revisions\/3874"}],"up":[{"embeddable":true,"href":"https:\/\/expo.rosalis.bibliotheque.toulouse.fr\/clic-clac\/wp-json\/wp\/v2\/pages\/303"}],"wp:featuredmedia":[{"embeddable":true,"href":"https:\/\/expo.rosalis.bibliotheque.toulouse.fr\/clic-clac\/wp-json\/wp\/v2\/media\/2134"}],"wp:attachment":[{"href":"https:\/\/expo.rosalis.bibliotheque.toulouse.fr\/clic-clac\/wp-json\/wp\/v2\/media?parent=2112"}],"curies":[{"name":"wp","href":"https:\/\/api.w.org\/{rel}","templated":true}]}}