{"id":2072,"date":"2021-04-29T16:25:10","date_gmt":"2021-04-29T14:25:10","guid":{"rendered":"https:\/\/expo.rosalis.bibliotheque.toulouse.fr\/clic-clac\/?page_id=2072"},"modified":"2021-05-27T16:54:51","modified_gmt":"2021-05-27T14:54:51","slug":"espace-pedagogique-pour-le-cycle-1","status":"publish","type":"page","link":"https:\/\/expo.rosalis.bibliotheque.toulouse.fr\/clic-clac\/espace-pedagogique\/espace-pedagogique-pour-le-cycle-1\/","title":{"rendered":"CYCLE 1"},"content":{"rendered":"\n<div class=\"wp-block-expo-extract\"><p class=\"extract_title colored\">R\u00c9V\u00c9LER LE MONDE \u00e0 travers les imagiers<\/p><p class=\"extract_content\">Cet espace pr\u00e9sente des <strong>pistes p\u00e9dagogiques<\/strong> \u00e0 destination des <strong>enseignants du cycle 1<\/strong> afin de les accompagner dans la d\u00e9couverte des <strong>imagiers<\/strong> de <strong>l&rsquo;exposition<\/strong> <em>\u00ab\u00a0Clic Clac, la photographie dans la litt\u00e9rature jeunesse\u00a0\u00bb<\/em>. <br><br>L&rsquo;exposition virtuelle met en avant aussi bien les richesses des collections patrimoniales du 20<sup>e<\/sup>\u00a0si\u00e8cle que des \u00e9ditions actuelles. Elle est l&rsquo;occasion de faire <strong>rencontrer aux \u00e9l\u00e8ves des \u0153uvres<\/strong> de diff\u00e9rentes \u00e9poques, aux techniques d&rsquo;illustrations vari\u00e9es, et ainsi de construire une culture artistique de r\u00e9f\u00e9rence, comme pr\u00e9conis\u00e9 dans le Parcours d\u2019\u00c9ducation Artistique et Culturelle <strong>(PEAC)<\/strong>.<\/p><\/div>\n\n\n\n<div style=\"height:45px\" aria-hidden=\"true\" class=\"wp-block-spacer\"><\/div>\n\n\n\n<div style=\"height:15px\" aria-hidden=\"true\" class=\"wp-block-spacer\"><\/div>\n\n\n\n<hr class=\"wp-block-separator\"\/>\n\n\n\n<h2 class=\"has-text-align-center wp-block-heading\"><strong>D\u00e9couverte de quelques<\/strong> <strong>imagiers<\/strong> <\/h2>\n\n\n\n<div style=\"height:25px\" aria-hidden=\"true\" class=\"wp-block-spacer\"><\/div>\n\n\n\n<figure class=\"wp-block-video\"><video height=\"720\" style=\"aspect-ratio: 1280 \/ 720;\" width=\"1280\" controls poster=\"https:\/\/expo.rosalis.bibliotheque.toulouse.fr\/clic-clac\/wp-content\/uploads\/sites\/5\/2021\/05\/Capture-de\u0301cran-2021-05-27-a\u0300-16.41.45.png\" src=\"https:\/\/expo.rosalis.bibliotheque.toulouse.fr\/clic-clac\/wp-content\/uploads\/sites\/5\/2021\/04\/Diaporama-imagiers-wordpress.mp4\"><\/video><\/figure>\n\n\n\n<div style=\"height:59px\" aria-hidden=\"true\" class=\"wp-block-spacer\"><\/div>\n\n\n\n<hr class=\"wp-block-separator\"\/>\n\n\n\n<h2 class=\"has-text-align-center wp-block-heading\"><strong>Quatre th\u00e9matiques<\/strong> <strong>pour vous accompagner <\/strong><\/h2>\n\n\n\n<div style=\"height:45px\" aria-hidden=\"true\" class=\"wp-block-spacer\"><\/div>\n\n\n\n<div class=\"wp-block-columns is-layout-flex wp-container-core-columns-is-layout-9d6595d7 wp-block-columns-is-layout-flex\">\n<div class=\"wp-block-column is-layout-flow wp-block-column-is-layout-flow\">\n<div class=\"wp-block-columns is-layout-flex wp-container-core-columns-is-layout-9d6595d7 wp-block-columns-is-layout-flex\">\n<div class=\"wp-block-column is-layout-flow wp-block-column-is-layout-flow\" style=\"flex-basis:100%\">\n<div class=\"wp-block-columns is-layout-flex wp-container-core-columns-is-layout-9d6595d7 wp-block-columns-is-layout-flex\">\n<div class=\"wp-block-column is-layout-flow wp-block-column-is-layout-flow\">\n<div class=\"wp-block-image\"><figure class=\"aligncenter size-large is-resized\"><a href=\"https:\/\/expo.rosalis.bibliotheque.toulouse.fr\/clic-clac\/espace-pedagogique\/espace-pedagogique-pour-le-cycle-1\/organiser-le-monde-a-travers-le-jeu\/\"><img loading=\"lazy\" decoding=\"async\" src=\"https:\/\/expo.rosalis.bibliotheque.toulouse.fr\/clic-clac\/wp-content\/uploads\/sites\/5\/2021\/03\/Bric-a-brac-1015x1024.png\" alt=\"\" class=\"wp-image-393\" width=\"297\" height=\"299\" srcset=\"https:\/\/expo.rosalis.bibliotheque.toulouse.fr\/clic-clac\/wp-content\/uploads\/sites\/5\/2021\/03\/Bric-a-brac-1015x1024.png 1015w, https:\/\/expo.rosalis.bibliotheque.toulouse.fr\/clic-clac\/wp-content\/uploads\/sites\/5\/2021\/03\/Bric-a-brac-298x300.png 298w, https:\/\/expo.rosalis.bibliotheque.toulouse.fr\/clic-clac\/wp-content\/uploads\/sites\/5\/2021\/03\/Bric-a-brac-150x150.png 150w, https:\/\/expo.rosalis.bibliotheque.toulouse.fr\/clic-clac\/wp-content\/uploads\/sites\/5\/2021\/03\/Bric-a-brac-768x774.png 768w, https:\/\/expo.rosalis.bibliotheque.toulouse.fr\/clic-clac\/wp-content\/uploads\/sites\/5\/2021\/03\/Bric-a-brac.png 1190w\" sizes=\"auto, (max-width: 297px) 100vw, 297px\" \/><\/a><\/figure><\/div>\n\n\n\n<h3 class=\"has-text-align-center wp-block-heading\">Organiser le monde <\/h3>\n\n\n\n<h3 class=\"has-text-align-center wp-block-heading\">\u00e0 travers le jeu<\/h3>\n\n\n\n<div style=\"height:80px\" aria-hidden=\"true\" class=\"wp-block-spacer\"><\/div>\n<\/div>\n\n\n\n<div class=\"wp-block-column is-layout-flow wp-block-column-is-layout-flow\">\n<div class=\"wp-block-image\"><figure class=\"aligncenter size-large is-resized\"><a href=\"https:\/\/expo.rosalis.bibliotheque.toulouse.fr\/clic-clac\/espace-pedagogique\/espace-pedagogique-pour-le-cycle-1\/representer-le-monde-a-travers-la-mise-en-scene\/\"><img loading=\"lazy\" decoding=\"async\" src=\"https:\/\/expo.rosalis.bibliotheque.toulouse.fr\/clic-clac\/wp-content\/uploads\/sites\/5\/2021\/03\/A-table.jpg\" alt=\"\" class=\"wp-image-446\" width=\"305\" height=\"299\"\/><\/a><\/figure><\/div>\n\n\n\n<h3 class=\"has-text-align-center wp-block-heading\">Repr\u00e9senter le monde <\/h3>\n\n\n\n<h3 class=\"has-text-align-center wp-block-heading\">par la mise en sc\u00e8ne<\/h3>\n<\/div>\n<\/div>\n<\/div>\n<\/div>\n\n\n\n<p><\/p>\n<\/div>\n<\/div>\n\n\n\n<div class=\"wp-block-columns is-layout-flex wp-container-core-columns-is-layout-9d6595d7 wp-block-columns-is-layout-flex\">\n<div class=\"wp-block-column is-vertically-aligned-top is-layout-flow wp-block-column-is-layout-flow\">\n<div class=\"wp-block-image\"><figure class=\"aligncenter size-large is-resized\"><a href=\"https:\/\/expo.rosalis.bibliotheque.toulouse.fr\/clic-clac\/espace-pedagogique\/espace-pedagogique-pour-le-cycle-1\/representer-le-monde-a-travers-des-techniques-variees\/\"><img loading=\"lazy\" decoding=\"async\" src=\"https:\/\/expo.rosalis.bibliotheque.toulouse.fr\/clic-clac\/wp-content\/uploads\/sites\/5\/2021\/03\/26_FCJ_C_35019_0026-scaled-e1619519136969-1024x924.jpg\" alt=\"\" class=\"wp-image-649\" width=\"301\" height=\"271\"\/><\/a><\/figure><\/div>\n\n\n\n<h3 class=\"has-text-align-center wp-block-heading\">Repr\u00e9senter le monde <\/h3>\n\n\n\n<h3 class=\"has-text-align-center wp-block-heading\">avec des <\/h3>\n\n\n\n<h3 class=\"has-text-align-center wp-block-heading\">techniques vari\u00e9es<\/h3>\n\n\n\n<div style=\"height:80px\" aria-hidden=\"true\" class=\"wp-block-spacer\"><\/div>\n<\/div>\n\n\n\n<div class=\"wp-block-column is-layout-flow wp-block-column-is-layout-flow\">\n<div class=\"wp-block-image\"><figure class=\"aligncenter size-large is-resized\"><a href=\"https:\/\/expo.rosalis.bibliotheque.toulouse.fr\/clic-clac\/espace-pedagogique\/espace-pedagogique-pour-le-cycle-1\/acceder-a-lart-photographique\/\"><img loading=\"lazy\" decoding=\"async\" src=\"https:\/\/expo.rosalis.bibliotheque.toulouse.fr\/clic-clac\/wp-content\/uploads\/sites\/5\/2021\/03\/3.Regarde-1024x985.jpg\" alt=\"\" class=\"wp-image-474\" width=\"283\" height=\"273\"\/><\/a><\/figure><\/div>\n\n\n\n<h3 class=\"has-text-align-center wp-block-heading\">Acc\u00e9der \u00e0 l&rsquo;art<\/h3>\n\n\n\n<h3 class=\"has-text-align-center wp-block-heading\">photographique<\/h3>\n<\/div>\n<\/div>\n\n\n\n<div style=\"height:27px\" aria-hidden=\"true\" class=\"wp-block-spacer\"><\/div>\n\n\n\n<hr class=\"wp-block-separator\"\/>\n\n\n\n<div style=\"height:27px\" aria-hidden=\"true\" class=\"wp-block-spacer\"><\/div>\n\n\n\n<p><em><span class=\"has-inline-color has-expo-color-color\"><sup>Espace p\u00e9dagogique con\u00e7u et r\u00e9alis\u00e9 par Ingrid Graslin, \u00e9tudiante en master Concepteur de Ressources Num\u00e9riques p\u00e9dagogiques \u00e0 l\u2019Insp\u00e9 Toulouse Occitanie-Pyr\u00e9n\u00e9es, lors d\u2019un stage port\u00e9 par le Service de Documentation de l\u2019Insp\u00e9, en collaboration avec la Biblioth\u00e8que d\u2019\u00c9tude et du Patrimoine et la M\u00e9diath\u00e8que Jos\u00e9-Cabanis. <\/sup><\/span><\/em><\/p>\n\n\n\n<p><em><span class=\"has-inline-color has-expo-color-color\"><sup>Mai 2021<\/sup><\/span><\/em><\/p>\n","protected":false},"excerpt":{"rendered":"<p>D\u00e9couverte de quelques imagiers Quatre th\u00e9matiques pour vous accompagner Organiser le monde \u00e0 travers le jeu Repr\u00e9senter le monde par la mise en sc\u00e8ne Repr\u00e9senter le monde avec des techniques vari\u00e9es Acc\u00e9der \u00e0 l&rsquo;art photographique Espace p\u00e9dagogique con\u00e7u et r\u00e9alis\u00e9 par Ingrid Graslin, \u00e9tudiante en master Concepteur de Ressources Num\u00e9riques p\u00e9dagogiques \u00e0 l\u2019Insp\u00e9 Toulouse Occitanie-Pyr\u00e9n\u00e9es, [&hellip;]<\/p>\n","protected":false},"author":4,"featured_media":465,"parent":303,"menu_order":9,"comment_status":"closed","ping_status":"closed","template":"","meta":{"footnotes":""},"class_list":["post-2072","page","type-page","status-publish","has-post-thumbnail","hentry"],"_links":{"self":[{"href":"https:\/\/expo.rosalis.bibliotheque.toulouse.fr\/clic-clac\/wp-json\/wp\/v2\/pages\/2072","targetHints":{"allow":["GET"]}}],"collection":[{"href":"https:\/\/expo.rosalis.bibliotheque.toulouse.fr\/clic-clac\/wp-json\/wp\/v2\/pages"}],"about":[{"href":"https:\/\/expo.rosalis.bibliotheque.toulouse.fr\/clic-clac\/wp-json\/wp\/v2\/types\/page"}],"author":[{"embeddable":true,"href":"https:\/\/expo.rosalis.bibliotheque.toulouse.fr\/clic-clac\/wp-json\/wp\/v2\/users\/4"}],"replies":[{"embeddable":true,"href":"https:\/\/expo.rosalis.bibliotheque.toulouse.fr\/clic-clac\/wp-json\/wp\/v2\/comments?post=2072"}],"version-history":[{"count":43,"href":"https:\/\/expo.rosalis.bibliotheque.toulouse.fr\/clic-clac\/wp-json\/wp\/v2\/pages\/2072\/revisions"}],"predecessor-version":[{"id":3838,"href":"https:\/\/expo.rosalis.bibliotheque.toulouse.fr\/clic-clac\/wp-json\/wp\/v2\/pages\/2072\/revisions\/3838"}],"up":[{"embeddable":true,"href":"https:\/\/expo.rosalis.bibliotheque.toulouse.fr\/clic-clac\/wp-json\/wp\/v2\/pages\/303"}],"wp:featuredmedia":[{"embeddable":true,"href":"https:\/\/expo.rosalis.bibliotheque.toulouse.fr\/clic-clac\/wp-json\/wp\/v2\/media\/465"}],"wp:attachment":[{"href":"https:\/\/expo.rosalis.bibliotheque.toulouse.fr\/clic-clac\/wp-json\/wp\/v2\/media?parent=2072"}],"curies":[{"name":"wp","href":"https:\/\/api.w.org\/{rel}","templated":true}]}}